{"id":180206,"date":"2022-09-28T17:52:37","date_gmt":"2022-09-28T17:52:37","guid":{"rendered":"http:\/\/climalife.com\/product\/r-507a-t\/"},"modified":"2024-12-20T14:19:05","modified_gmt":"2024-12-20T14:19:05","slug":"r-507a-t","status":"publish","type":"product","link":"https:\/\/climalife.com\/de\/product\/r-507a-t\/","title":{"rendered":"R-507AT"},"content":{"rendered":"<p>Es wird haupts\u00e4chlich in der Industriek\u00e4lte f\u00fcr neue Anlagen mit \u00fcberfluteten Verdampfern verwendet, wie z. B. in Eishallen.<\/p>\n","protected":false},"excerpt":{"rendered":"<p>R-507AT ist ein azeotropes Gemisch vom Typ HFKW, das aus der R\u00fcckgewinnung und Aufarbeitung von R-507A stammt.<br \/>\nSeine Verwendung, die bis zum 1. Januar 2030 erlaubt ist, erm\u00f6glicht die Wartung von Ausr\u00fcstungen, die urspr\u00fcnglich neues R-507A verwendeten, das nach dem 1. Januar 2020 nicht mehr verwendet werden darf.<\/p>\n","protected":false},"featured_media":130419,"comment_status":"open","ping_status":"closed","template":"","meta":[],"countries":[4674,4709,4756,4813,4831,4862],"product_brand":[],"product_cat":[9530],"product_tag":[],"class_list":{"0":"post-180206","1":"product","2":"type-product","3":"status-publish","4":"has-post-thumbnail","6":"countries-by","7":"countries-cu","8":"countries-ir","9":"countries-kp","10":"countries-ru","11":"countries-sy","12":"product_cat-aufbereitete-h-fkw","13":"pa_packaging-flasche-52-l-de-72","15":"first","16":"instock","17":"shipping-taxable","18":"purchasable","19":"product-type-variable"},"_links":{"self":[{"href":"https:\/\/climalife.com\/de\/wp-json\/wp\/v2\/product\/180206","targetHints":{"allow":["GET"]}}],"collection":[{"href":"https:\/\/climalife.com\/de\/wp-json\/wp\/v2\/product"}],"about":[{"href":"https:\/\/climalife.com\/de\/wp-json\/wp\/v2\/types\/product"}],"replies":[{"embeddable":true,"href":"https:\/\/climalife.com\/de\/wp-json\/wp\/v2\/comments?post=180206"}],"wp:featuredmedia":[{"embeddable":true,"href":"https:\/\/climalife.com\/de\/wp-json\/wp\/v2\/media\/130419"}],"wp:attachment":[{"href":"https:\/\/climalife.com\/de\/wp-json\/wp\/v2\/media?parent=180206"}],"wp:term":[{"taxonomy":"countries","embeddable":true,"href":"https:\/\/climalife.com\/de\/wp-json\/wp\/v2\/countries?post=180206"},{"taxonomy":"product_brand","embeddable":true,"href":"https:\/\/climalife.com\/de\/wp-json\/wp\/v2\/product_brand?post=180206"},{"taxonomy":"product_cat","embeddable":true,"href":"https:\/\/climalife.com\/de\/wp-json\/wp\/v2\/product_cat?post=180206"},{"taxonomy":"product_tag","embeddable":true,"href":"https:\/\/climalife.com\/de\/wp-json\/wp\/v2\/product_tag?post=180206"}],"curies":[{"name":"wp","href":"https:\/\/api.w.org\/{rel}","templated":true}]}}