{"id":192978,"date":"2023-01-13T15:14:55","date_gmt":"2023-01-13T15:14:55","guid":{"rendered":"https:\/\/climalife.com\/product\/storage-system-design\/"},"modified":"2026-01-29T13:46:15","modified_gmt":"2026-01-29T13:46:15","slug":"storage-system-design","status":"publish","type":"product","link":"https:\/\/climalife.com\/de\/product\/storage-system-design\/","title":{"rendered":"Lagertanks"},"content":{"rendered":"<p>Wir \u00fcbernehmen die Planung und den Aufbau von Lagertanks, Depotstationen und Verteilungssystemen f\u00fcr die K\u00e4ltemittel ( brennbar oder nicht) mit verschiedenen Modulen: Massendurchflussmesser, Vakuum, &#8230;<\/p>\n","protected":false},"excerpt":{"rendered":"<p>Horizontale oder vertikale Lagertanks mit K\u00e4ltemittelverteilung, die \u00fcber eine speicherprogrammierbare Steuerung (SPS) verwaltet wird. Diese Systeme werden nach Lastenheft konzipiert und erm\u00f6glichen sichere Prozesse.<\/p>\n","protected":false},"featured_media":202073,"comment_status":"open","ping_status":"closed","template":"","meta":[],"countries":[4674,4709,4756,4813,4831,4862],"product_brand":[],"product_cat":[9974,9947,9965,13494,9992],"product_tag":[],"class_list":{"0":"post-192978","1":"product","2":"type-product","3":"status-publish","4":"has-post-thumbnail","6":"countries-by","7":"countries-cu","8":"countries-ir","9":"countries-kp","10":"countries-ru","11":"countries-sy","12":"product_cat-automobil-transport","13":"product_cat-gebaeude","14":"product_cat-gesundheit-wellness","15":"product_cat-lager-verteilersysteme","16":"product_cat-weitere-industrie","18":"first","19":"instock","20":"shipping-taxable","21":"purchasable","22":"product-type-simple"},"_links":{"self":[{"href":"https:\/\/climalife.com\/de\/wp-json\/wp\/v2\/product\/192978","targetHints":{"allow":["GET"]}}],"collection":[{"href":"https:\/\/climalife.com\/de\/wp-json\/wp\/v2\/product"}],"about":[{"href":"https:\/\/climalife.com\/de\/wp-json\/wp\/v2\/types\/product"}],"replies":[{"embeddable":true,"href":"https:\/\/climalife.com\/de\/wp-json\/wp\/v2\/comments?post=192978"}],"wp:featuredmedia":[{"embeddable":true,"href":"https:\/\/climalife.com\/de\/wp-json\/wp\/v2\/media\/202073"}],"wp:attachment":[{"href":"https:\/\/climalife.com\/de\/wp-json\/wp\/v2\/media?parent=192978"}],"wp:term":[{"taxonomy":"countries","embeddable":true,"href":"https:\/\/climalife.com\/de\/wp-json\/wp\/v2\/countries?post=192978"},{"taxonomy":"product_brand","embeddable":true,"href":"https:\/\/climalife.com\/de\/wp-json\/wp\/v2\/product_brand?post=192978"},{"taxonomy":"product_cat","embeddable":true,"href":"https:\/\/climalife.com\/de\/wp-json\/wp\/v2\/product_cat?post=192978"},{"taxonomy":"product_tag","embeddable":true,"href":"https:\/\/climalife.com\/de\/wp-json\/wp\/v2\/product_tag?post=192978"}],"curies":[{"name":"wp","href":"https:\/\/api.w.org\/{rel}","templated":true}]}}