{"id":197114,"date":"2023-05-05T07:28:15","date_gmt":"2023-05-05T07:28:15","guid":{"rendered":"https:\/\/climalife.com\/product\/systeme-charge-fluide-frigorigene\/"},"modified":"2026-01-29T13:46:16","modified_gmt":"2026-01-29T13:46:16","slug":"systeme-chargement-gaz-liquefie","status":"publish","type":"product","link":"https:\/\/climalife.com\/de\/product\/systeme-chargement-gaz-liquefie\/","title":{"rendered":"Fl\u00fcssiggas-F\u00fcllanlage"},"content":{"rendered":"<p>F\u00fcr Einzelne oder mehrere Medien, die Ger\u00e4te k\u00f6nnen mit dem R\u00fcckverfolgbarkeitstool des Kunden verbunden werden, um die Zyklusparameter zu empfangen und die Ergebnisse des Zyklus zu versenden. Integration in bel\u00fcftete Atex-Kabinen f\u00fcr entflammbare K\u00e4ltemittel.<\/p>\n","protected":false},"excerpt":{"rendered":"<p>Ma\u00dfgeschneiderte F\u00fcllstation f\u00fcr die automatische Durchf\u00fchrung von Drucktests, Vakuumtests und F\u00fcllungen mit brennbaren oder nicht brennbaren Fl\u00fcssiggasen (K\u00e4ltemittel, Treibgas, Expansionsmittel).<\/p>\n","protected":false},"featured_media":202074,"comment_status":"open","ping_status":"closed","template":"","meta":[],"countries":[4674,4709,4756,4813,4831,4862],"product_brand":[],"product_cat":[9974,9947,9992,13057,13092,13126,13479],"product_tag":[],"class_list":{"0":"post-197114","1":"product","2":"type-product","3":"status-publish","4":"has-post-thumbnail","6":"countries-by","7":"countries-cu","8":"countries-ir","9":"countries-kp","10":"countries-ru","11":"countries-sy","12":"product_cat-automobil-transport","13":"product_cat-gebaeude","14":"product_cat-weitere-industrie","15":"product_cat-klimatechnik","16":"product_cat-heizung","17":"product_cat-kaeltetechnik","18":"product_cat-fuellstationen","20":"first","21":"instock","22":"shipping-taxable","23":"purchasable","24":"product-type-simple"},"_links":{"self":[{"href":"https:\/\/climalife.com\/de\/wp-json\/wp\/v2\/product\/197114","targetHints":{"allow":["GET"]}}],"collection":[{"href":"https:\/\/climalife.com\/de\/wp-json\/wp\/v2\/product"}],"about":[{"href":"https:\/\/climalife.com\/de\/wp-json\/wp\/v2\/types\/product"}],"replies":[{"embeddable":true,"href":"https:\/\/climalife.com\/de\/wp-json\/wp\/v2\/comments?post=197114"}],"wp:featuredmedia":[{"embeddable":true,"href":"https:\/\/climalife.com\/de\/wp-json\/wp\/v2\/media\/202074"}],"wp:attachment":[{"href":"https:\/\/climalife.com\/de\/wp-json\/wp\/v2\/media?parent=197114"}],"wp:term":[{"taxonomy":"countries","embeddable":true,"href":"https:\/\/climalife.com\/de\/wp-json\/wp\/v2\/countries?post=197114"},{"taxonomy":"product_brand","embeddable":true,"href":"https:\/\/climalife.com\/de\/wp-json\/wp\/v2\/product_brand?post=197114"},{"taxonomy":"product_cat","embeddable":true,"href":"https:\/\/climalife.com\/de\/wp-json\/wp\/v2\/product_cat?post=197114"},{"taxonomy":"product_tag","embeddable":true,"href":"https:\/\/climalife.com\/de\/wp-json\/wp\/v2\/product_tag?post=197114"}],"curies":[{"name":"wp","href":"https:\/\/api.w.org\/{rel}","templated":true}]}}