{"id":199699,"date":"2023-05-26T17:01:03","date_gmt":"2023-05-26T17:01:03","guid":{"rendered":"https:\/\/climalife.com\/product\/regeneration-du-sf6\/"},"modified":"2026-01-29T13:46:16","modified_gmt":"2026-01-29T13:46:16","slug":"regeneration-du-sf6","status":"publish","type":"product","link":"https:\/\/climalife.com\/de\/product\/regeneration-du-sf6\/","title":{"rendered":"Wiederaufbereitung SF6"},"content":{"rendered":"<p>Bereitstellung spezieller R\u00fccknahmeverpackungen und Recycling von SF<sub>6<\/sub> gem\u00e4\u00df den Analyseergebnissen. Wir bieten auch die Vermietung von Transferger\u00e4ten und Vor-Ort-Eins\u00e4tze an.<\/p>\n","protected":false},"excerpt":{"rendered":"<p>Wiederaufbereitung von gebrauchtem SF<sub>6<\/sub> nach Analyse des zur\u00fcckgewonnenen Produkts.<\/p>\n","protected":false},"featured_media":202085,"comment_status":"open","ping_status":"closed","template":"","meta":[],"countries":[4674,4709,4756,4813,4831,4862],"product_brand":[],"product_cat":[9956,9992,13066,13074,13567],"product_tag":[],"class_list":{"0":"post-199699","1":"product","2":"type-product","3":"status-publish","4":"has-post-thumbnail","6":"countries-by","7":"countries-cu","8":"countries-ir","9":"countries-kp","10":"countries-ru","11":"countries-sy","12":"product_cat-energie","13":"product_cat-weitere-industrie","14":"product_cat-dielektrischer-schutz-sf6","15":"product_cat-abbau-zersetzung","16":"product_cat-ruckgewinnung-aufbereitung","18":"first","19":"instock","20":"shipping-taxable","21":"purchasable","22":"product-type-simple"},"_links":{"self":[{"href":"https:\/\/climalife.com\/de\/wp-json\/wp\/v2\/product\/199699","targetHints":{"allow":["GET"]}}],"collection":[{"href":"https:\/\/climalife.com\/de\/wp-json\/wp\/v2\/product"}],"about":[{"href":"https:\/\/climalife.com\/de\/wp-json\/wp\/v2\/types\/product"}],"replies":[{"embeddable":true,"href":"https:\/\/climalife.com\/de\/wp-json\/wp\/v2\/comments?post=199699"}],"wp:featuredmedia":[{"embeddable":true,"href":"https:\/\/climalife.com\/de\/wp-json\/wp\/v2\/media\/202085"}],"wp:attachment":[{"href":"https:\/\/climalife.com\/de\/wp-json\/wp\/v2\/media?parent=199699"}],"wp:term":[{"taxonomy":"countries","embeddable":true,"href":"https:\/\/climalife.com\/de\/wp-json\/wp\/v2\/countries?post=199699"},{"taxonomy":"product_brand","embeddable":true,"href":"https:\/\/climalife.com\/de\/wp-json\/wp\/v2\/product_brand?post=199699"},{"taxonomy":"product_cat","embeddable":true,"href":"https:\/\/climalife.com\/de\/wp-json\/wp\/v2\/product_cat?post=199699"},{"taxonomy":"product_tag","embeddable":true,"href":"https:\/\/climalife.com\/de\/wp-json\/wp\/v2\/product_tag?post=199699"}],"curies":[{"name":"wp","href":"https:\/\/api.w.org\/{rel}","templated":true}]}}