{"id":201254,"date":"2023-07-07T13:01:00","date_gmt":"2023-07-07T13:01:00","guid":{"rendered":"https:\/\/climalife.com\/product\/reinigung-des-waermetraegernetzes\/"},"modified":"2026-01-29T13:46:16","modified_gmt":"2026-01-29T13:46:16","slug":"reinigung-des-waermetraegernetzes","status":"publish","type":"product","link":"https:\/\/climalife.com\/de\/product\/reinigung-des-waermetraegernetzes\/","title":{"rendered":"Reinigung des W\u00e4rmetr\u00e4gernetzes"},"content":{"rendered":"<p>Diese Dienstleistung wird vor dem Bef\u00fcllen der Anlage mit dem W\u00e4rmetr\u00e4ger durchgef\u00fchrt. Sie kann auch im Rahmen einer kurativen Wartung durchgef\u00fchrt werden, wenn ein Korrosions- oder Schlammproblem festgestellt wurde. Wir verwenden speziell formulierte Produkte zur Entkalkung, Desoxidation, Schlammentfernung oder auch zur Behandlung von Schaum.<\/p>\n<p>Unser qualifiziertes Personal setzt zertifiziertes Material ein und integriert das Konzept der R\u00fcckverfolgbarkeit der in der Anlage vorhandenen Fl\u00fcssigkeiten, w\u00e4hrend es die Logistik des Projekts beherrscht.<\/p>\n<p>Reinigungsarbeiten sind bei allen Arten von Anlagen m\u00f6glich, die eine spezifische Umsetzung erfordern, und bei allen Arten von W\u00e4rmetr\u00e4gern: auf der Basis von MEG, MPG, Salz, biobasiertem 1,3-Propandiol (Greenway) usw.<\/p>\n","protected":false},"excerpt":{"rendered":"<p>Reinigung von K\u00e4lte-\/W\u00e4rmetr\u00e4gernetzen f\u00fcr Heizungs-, Klima- oder K\u00e4lteanlagen und Entschlammung von Klimaanlagen.<\/p>\n","protected":false},"featured_media":201324,"comment_status":"open","ping_status":"closed","template":"","meta":[],"countries":[4674,4709,4756,4813,4831,4862],"product_brand":[],"product_cat":[13581,9956,9947,13092,13126,13057,9938],"product_tag":[],"class_list":{"0":"post-201254","1":"product","2":"type-product","3":"status-publish","4":"has-post-thumbnail","6":"countries-by","7":"countries-cu","8":"countries-ir","9":"countries-kp","10":"countries-ru","11":"countries-sy","12":"product_cat-einsatze-ort","13":"product_cat-energie","14":"product_cat-gebaeude","15":"product_cat-heizung","16":"product_cat-kaeltetechnik","17":"product_cat-klimatechnik","18":"product_cat-lebensmittel","20":"first","21":"instock","22":"shipping-taxable","23":"purchasable","24":"product-type-simple"},"_links":{"self":[{"href":"https:\/\/climalife.com\/de\/wp-json\/wp\/v2\/product\/201254","targetHints":{"allow":["GET"]}}],"collection":[{"href":"https:\/\/climalife.com\/de\/wp-json\/wp\/v2\/product"}],"about":[{"href":"https:\/\/climalife.com\/de\/wp-json\/wp\/v2\/types\/product"}],"replies":[{"embeddable":true,"href":"https:\/\/climalife.com\/de\/wp-json\/wp\/v2\/comments?post=201254"}],"wp:featuredmedia":[{"embeddable":true,"href":"https:\/\/climalife.com\/de\/wp-json\/wp\/v2\/media\/201324"}],"wp:attachment":[{"href":"https:\/\/climalife.com\/de\/wp-json\/wp\/v2\/media?parent=201254"}],"wp:term":[{"taxonomy":"countries","embeddable":true,"href":"https:\/\/climalife.com\/de\/wp-json\/wp\/v2\/countries?post=201254"},{"taxonomy":"product_brand","embeddable":true,"href":"https:\/\/climalife.com\/de\/wp-json\/wp\/v2\/product_brand?post=201254"},{"taxonomy":"product_cat","embeddable":true,"href":"https:\/\/climalife.com\/de\/wp-json\/wp\/v2\/product_cat?post=201254"},{"taxonomy":"product_tag","embeddable":true,"href":"https:\/\/climalife.com\/de\/wp-json\/wp\/v2\/product_tag?post=201254"}],"curies":[{"name":"wp","href":"https:\/\/api.w.org\/{rel}","templated":true}]}}