{"id":202075,"date":"2023-07-15T10:58:00","date_gmt":"2023-07-15T10:58:00","guid":{"rendered":"https:\/\/climalife.com\/product\/lagercontainer\/"},"modified":"2026-01-29T13:46:16","modified_gmt":"2026-01-29T13:46:16","slug":"lagercontainer","status":"publish","type":"product","link":"https:\/\/climalife.com\/de\/product\/lagercontainer\/","title":{"rendered":"Lagercontainer"},"content":{"rendered":"<p>Sie erm\u00f6glichen eine optimale Entleerung der Verpackungen (100% der fl\u00fcssigen Phase wird verbraucht) und sind f\u00fcr die meisten K\u00e4ltemittel und andere verfl\u00fcssigte Gase (&#8220;brennbar&#8221; oder &#8220;nicht brennbar&#8221;) geeignet. Um die Sicherheit der Anlage zu gew\u00e4hrleisten, ist der Zugang gesichert und eine Leckageerkennung eingerichtet.<\/p>\n","protected":false},"excerpt":{"rendered":"<p>Die Lagerbeh\u00e4lter sind mit einem Umkehrsystem ausgestattet, das das K\u00e4ltemittel kontinuierlich aus Druckf\u00e4ssern oder Flaschen abgibt.<\/p>\n","protected":false},"featured_media":202076,"comment_status":"open","ping_status":"closed","template":"","meta":[],"countries":[4674,4709,4756,4813,4831,4862],"product_brand":[],"product_cat":[9758,9974,9947,9965,13126,13057,13494,9992],"product_tag":[],"class_list":{"0":"post-202075","1":"product","2":"type-product","3":"status-publish","4":"has-post-thumbnail","6":"countries-by","7":"countries-cu","8":"countries-ir","9":"countries-kp","10":"countries-ru","11":"countries-sy","12":"product_cat-aerosole-de","13":"product_cat-automobil-transport","14":"product_cat-gebaeude","15":"product_cat-gesundheit-wellness","16":"product_cat-kaeltetechnik","17":"product_cat-klimatechnik","18":"product_cat-lager-verteilersysteme","19":"product_cat-weitere-industrie","21":"first","22":"instock","23":"shipping-taxable","24":"purchasable","25":"product-type-simple"},"_links":{"self":[{"href":"https:\/\/climalife.com\/de\/wp-json\/wp\/v2\/product\/202075","targetHints":{"allow":["GET"]}}],"collection":[{"href":"https:\/\/climalife.com\/de\/wp-json\/wp\/v2\/product"}],"about":[{"href":"https:\/\/climalife.com\/de\/wp-json\/wp\/v2\/types\/product"}],"replies":[{"embeddable":true,"href":"https:\/\/climalife.com\/de\/wp-json\/wp\/v2\/comments?post=202075"}],"wp:featuredmedia":[{"embeddable":true,"href":"https:\/\/climalife.com\/de\/wp-json\/wp\/v2\/media\/202076"}],"wp:attachment":[{"href":"https:\/\/climalife.com\/de\/wp-json\/wp\/v2\/media?parent=202075"}],"wp:term":[{"taxonomy":"countries","embeddable":true,"href":"https:\/\/climalife.com\/de\/wp-json\/wp\/v2\/countries?post=202075"},{"taxonomy":"product_brand","embeddable":true,"href":"https:\/\/climalife.com\/de\/wp-json\/wp\/v2\/product_brand?post=202075"},{"taxonomy":"product_cat","embeddable":true,"href":"https:\/\/climalife.com\/de\/wp-json\/wp\/v2\/product_cat?post=202075"},{"taxonomy":"product_tag","embeddable":true,"href":"https:\/\/climalife.com\/de\/wp-json\/wp\/v2\/product_tag?post=202075"}],"curies":[{"name":"wp","href":"https:\/\/api.w.org\/{rel}","templated":true}]}}