{"id":202077,"date":"2023-07-15T11:02:07","date_gmt":"2023-07-15T11:02:07","guid":{"rendered":"https:\/\/climalife.com\/product\/unterirdische-tanks\/"},"modified":"2026-01-29T13:46:17","modified_gmt":"2026-01-29T13:46:17","slug":"unterirdische-tanks","status":"publish","type":"product","link":"https:\/\/climalife.com\/de\/product\/unterirdische-tanks\/","title":{"rendered":"Unterirdische Tanks"},"content":{"rendered":"<div>\n<p>&#8220;Entspricht den geltenden Vorschriften und AFIAP.<br \/>\nUnsere Teams \u00fcbernehmen die Koordination, die \u00dcberwachung des Projekts und die Aufstellung vor Ort.<br \/>\nInbetriebnahme einer schl\u00fcsselfertigen Anlage mit vollst\u00e4ndigen technischen Unterlagen (Ger\u00e4tebeschreibung, Betriebshandbuch, Protokolle, Pr\u00fcfbescheinigungen, Planung der vorgeschriebenen Wartung&#8230;).&#8221;<\/p>\n<\/div>\n<div><\/div>\n","protected":false},"excerpt":{"rendered":"<p>Planung und Installation von unterirdischen Tanks f\u00fcr die Lagerung von brennbaren K\u00e4ltemitteln.<\/p>\n","protected":false},"featured_media":202078,"comment_status":"open","ping_status":"closed","template":"","meta":[],"countries":[4674,4709,4756,4813,4831,4862],"product_brand":[],"product_cat":[9947,9992,13101,13494],"product_tag":[],"class_list":{"0":"post-202077","1":"product","2":"type-product","3":"status-publish","4":"has-post-thumbnail","6":"countries-by","7":"countries-cu","8":"countries-ir","9":"countries-kp","10":"countries-ru","11":"countries-sy","12":"product_cat-gebaeude","13":"product_cat-weitere-industrie","14":"product_cat-daemmung","15":"product_cat-lager-verteilersysteme","17":"first","18":"instock","19":"shipping-taxable","20":"purchasable","21":"product-type-simple"},"_links":{"self":[{"href":"https:\/\/climalife.com\/de\/wp-json\/wp\/v2\/product\/202077","targetHints":{"allow":["GET"]}}],"collection":[{"href":"https:\/\/climalife.com\/de\/wp-json\/wp\/v2\/product"}],"about":[{"href":"https:\/\/climalife.com\/de\/wp-json\/wp\/v2\/types\/product"}],"replies":[{"embeddable":true,"href":"https:\/\/climalife.com\/de\/wp-json\/wp\/v2\/comments?post=202077"}],"wp:featuredmedia":[{"embeddable":true,"href":"https:\/\/climalife.com\/de\/wp-json\/wp\/v2\/media\/202078"}],"wp:attachment":[{"href":"https:\/\/climalife.com\/de\/wp-json\/wp\/v2\/media?parent=202077"}],"wp:term":[{"taxonomy":"countries","embeddable":true,"href":"https:\/\/climalife.com\/de\/wp-json\/wp\/v2\/countries?post=202077"},{"taxonomy":"product_brand","embeddable":true,"href":"https:\/\/climalife.com\/de\/wp-json\/wp\/v2\/product_brand?post=202077"},{"taxonomy":"product_cat","embeddable":true,"href":"https:\/\/climalife.com\/de\/wp-json\/wp\/v2\/product_cat?post=202077"},{"taxonomy":"product_tag","embeddable":true,"href":"https:\/\/climalife.com\/de\/wp-json\/wp\/v2\/product_tag?post=202077"}],"curies":[{"name":"wp","href":"https:\/\/api.w.org\/{rel}","templated":true}]}}