{"id":202079,"date":"2023-07-15T11:12:26","date_gmt":"2023-07-15T11:12:26","guid":{"rendered":"https:\/\/climalife.com\/product\/periodische-instandhaltung-von-druckgeraeten\/"},"modified":"2026-01-29T13:46:17","modified_gmt":"2026-01-29T13:46:17","slug":"periodische-instandhaltung-von-druckgeraeten","status":"publish","type":"product","link":"https:\/\/climalife.com\/de\/product\/periodische-instandhaltung-von-druckgeraeten\/","title":{"rendered":"Periodische Instandhaltung von Druckger\u00e4ten"},"content":{"rendered":"<p>Unser Team begleitet Sie bei der Durchf\u00fchrung gesetzlich vorgeschriebener Instandhaltungsma\u00dfnahmen. Unsere Techniker sind qualifiziert, um :<\/p>\n<ul>\n<li>Besichtigung der Baustelle<\/li>\n<li>Gemeinsame Bestimmung des zu ersetzenden Materials (Ventile, Schieber)<\/li>\n<li>Bestellung des Materials<\/li>\n<li>Bestellung der Dienstleistung DESP-Inspektion (Apave, Veritas, TUV, &#8230;)<\/li>\n<li>R\u00fccknahme und Entleeren des Produkts, das sich in dem zu qualifizierenden Tank befindet (Zwischenlagerung).<\/li>\n<li>\u00d6ffnen des Lagers und Besichtigung des Inneren<\/li>\n<li>Auff\u00fcllen mit Wasser und Drucktest in Anwesenheit der Pr\u00fcfstelle<\/li>\n<li>Entleeren, Trocknen, Zusammenbau der Ausr\u00fcstung<\/li>\n<li>Begasung des Tanks und Umf\u00fcllen des Produkts<\/li>\n<li>Versendung der Unterlagen und Protokolle \u00fcber Pr\u00fcfung und Dichtheit<\/li>\n<\/ul>\n","protected":false},"excerpt":{"rendered":"<p>&#8220;Wir bieten unseren Kunden die gesetzlich vorgeschriebene Instandhaltung von Gasbeh\u00e4ltern an, indem wir all unsere Kompetenzen und unser Fachwissen im Hinblick auf die Kontrollen durch eine zugelassene Stelle einbringen.<\/p>\n<p>Die gesetzlich vorgeschriebene Wartung von Gasbeh\u00e4ltern, die auf dem Erlass vom 20. November 2017 basiert, bezieht sich auf folgende Punkte:<\/p>\n<p><strong>Neuqualifizierung des Gasbeh\u00e4lters alle 10 Jahre<\/strong>: Der Beh\u00e4lter muss geleert werden. Eine Innenbesichtigung und eine hydraulische Pr\u00fcfung m\u00fcssen von einer Pr\u00fcfstelle durchgef\u00fchrt werden.<\/p>\n<p><strong>Periodische Inspektion des Lagers alle 4 Jahre<\/strong>: Entleerung des Lagers und Innenbesichtigung durch eine Kontrollstelle&#8221;<\/p>\n","protected":false},"featured_media":202080,"comment_status":"open","ping_status":"closed","template":"","meta":[],"countries":[4674,4709,4756,4813,4831,4862],"product_brand":[],"product_cat":[9974,9965,13588,9992],"product_tag":[],"class_list":{"0":"post-202079","1":"product","2":"type-product","3":"status-publish","4":"has-post-thumbnail","6":"countries-by","7":"countries-cu","8":"countries-ir","9":"countries-kp","10":"countries-ru","11":"countries-sy","12":"product_cat-automobil-transport","13":"product_cat-gesundheit-wellness","14":"product_cat-wartung","15":"product_cat-weitere-industrie","17":"first","18":"instock","19":"shipping-taxable","20":"purchasable","21":"product-type-simple"},"_links":{"self":[{"href":"https:\/\/climalife.com\/de\/wp-json\/wp\/v2\/product\/202079","targetHints":{"allow":["GET"]}}],"collection":[{"href":"https:\/\/climalife.com\/de\/wp-json\/wp\/v2\/product"}],"about":[{"href":"https:\/\/climalife.com\/de\/wp-json\/wp\/v2\/types\/product"}],"replies":[{"embeddable":true,"href":"https:\/\/climalife.com\/de\/wp-json\/wp\/v2\/comments?post=202079"}],"wp:featuredmedia":[{"embeddable":true,"href":"https:\/\/climalife.com\/de\/wp-json\/wp\/v2\/media\/202080"}],"wp:attachment":[{"href":"https:\/\/climalife.com\/de\/wp-json\/wp\/v2\/media?parent=202079"}],"wp:term":[{"taxonomy":"countries","embeddable":true,"href":"https:\/\/climalife.com\/de\/wp-json\/wp\/v2\/countries?post=202079"},{"taxonomy":"product_brand","embeddable":true,"href":"https:\/\/climalife.com\/de\/wp-json\/wp\/v2\/product_brand?post=202079"},{"taxonomy":"product_cat","embeddable":true,"href":"https:\/\/climalife.com\/de\/wp-json\/wp\/v2\/product_cat?post=202079"},{"taxonomy":"product_tag","embeddable":true,"href":"https:\/\/climalife.com\/de\/wp-json\/wp\/v2\/product_tag?post=202079"}],"curies":[{"name":"wp","href":"https:\/\/api.w.org\/{rel}","templated":true}]}}