{"id":202081,"date":"2023-07-15T11:18:30","date_gmt":"2023-07-15T11:18:30","guid":{"rendered":"https:\/\/climalife.com\/product\/befuellung-und-ruecknahme-von-waermetraegern\/"},"modified":"2026-01-29T13:46:17","modified_gmt":"2026-01-29T13:46:17","slug":"befuellung-und-ruecknahme-von-waermetraegern","status":"publish","type":"product","link":"https:\/\/climalife.com\/de\/product\/befuellung-und-ruecknahme-von-waermetraegern\/","title":{"rendered":"Bef\u00fcllung und R\u00fccknahme von W\u00e4rmetr\u00e4gern"},"content":{"rendered":"<p>&#8220;Die W\u00e4rmetr\u00e4gerentleerung kann bei allen Anlagentypen erfolgen, die eine spezifische Umsetzung und angepasste Mittel erfordern (eingeschr\u00e4nkte Zug\u00e4nglichkeit, gro\u00dfe H\u00f6he usw.) und f\u00fcr alle Arten von W\u00e4rmetr\u00e4gern: auf MEG-, MPG-, Salzbasis, 1,3-Propandiol usw. &#8230;<\/p>\n<p>Unsere Teams sind in der Lage, unabh\u00e4ngig vom Volumen der Anlage, von der Multibox bis zum Bulk, zu operieren.&#8221;<\/p>\n","protected":false},"excerpt":{"rendered":"<p>Bef\u00fcllung und Entleerung von spezifischen W\u00e4rmetr\u00e4gernetzen: Unser Service bietet den Einsatz von qualifiziertem Personal und zertifiziertem Material und beinhaltet das Konzept der R\u00fcckverfolgbarkeit der zur\u00fcckgewonnenen Fl\u00fcssigkeiten.<\/p>\n","protected":false},"featured_media":202082,"comment_status":"open","ping_status":"closed","template":"","meta":[],"countries":[4674,4709,4756,4813,4831,4862],"product_brand":[],"product_cat":[9947,9938,9992,13057,13092,13126,13581],"product_tag":[],"class_list":{"0":"post-202081","1":"product","2":"type-product","3":"status-publish","4":"has-post-thumbnail","6":"countries-by","7":"countries-cu","8":"countries-ir","9":"countries-kp","10":"countries-ru","11":"countries-sy","12":"product_cat-gebaeude","13":"product_cat-lebensmittel","14":"product_cat-weitere-industrie","15":"product_cat-klimatechnik","16":"product_cat-heizung","17":"product_cat-kaeltetechnik","18":"product_cat-einsatze-ort","20":"first","21":"instock","22":"shipping-taxable","23":"purchasable","24":"product-type-simple"},"_links":{"self":[{"href":"https:\/\/climalife.com\/de\/wp-json\/wp\/v2\/product\/202081","targetHints":{"allow":["GET"]}}],"collection":[{"href":"https:\/\/climalife.com\/de\/wp-json\/wp\/v2\/product"}],"about":[{"href":"https:\/\/climalife.com\/de\/wp-json\/wp\/v2\/types\/product"}],"replies":[{"embeddable":true,"href":"https:\/\/climalife.com\/de\/wp-json\/wp\/v2\/comments?post=202081"}],"wp:featuredmedia":[{"embeddable":true,"href":"https:\/\/climalife.com\/de\/wp-json\/wp\/v2\/media\/202082"}],"wp:attachment":[{"href":"https:\/\/climalife.com\/de\/wp-json\/wp\/v2\/media?parent=202081"}],"wp:term":[{"taxonomy":"countries","embeddable":true,"href":"https:\/\/climalife.com\/de\/wp-json\/wp\/v2\/countries?post=202081"},{"taxonomy":"product_brand","embeddable":true,"href":"https:\/\/climalife.com\/de\/wp-json\/wp\/v2\/product_brand?post=202081"},{"taxonomy":"product_cat","embeddable":true,"href":"https:\/\/climalife.com\/de\/wp-json\/wp\/v2\/product_cat?post=202081"},{"taxonomy":"product_tag","embeddable":true,"href":"https:\/\/climalife.com\/de\/wp-json\/wp\/v2\/product_tag?post=202081"}],"curies":[{"name":"wp","href":"https:\/\/api.w.org\/{rel}","templated":true}]}}