{"id":202083,"date":"2023-07-15T11:30:46","date_gmt":"2023-07-15T11:30:46","guid":{"rendered":"https:\/\/climalife.com\/product\/ruecknahme-von-sf6-geraete\/"},"modified":"2026-01-29T13:46:18","modified_gmt":"2026-01-29T13:46:18","slug":"ruecknahme-von-sf6-geraete","status":"publish","type":"product","link":"https:\/\/climalife.com\/de\/product\/ruecknahme-von-sf6-geraete\/","title":{"rendered":"R\u00fccknahme von SF6-Ger\u00e4te"},"content":{"rendered":"<p>Unser Expertenteam, das zur R\u00fcckgewinnung von SF6 aus den Systemen berechtigt ist, bietet die Entsorgung vor Ort an. Die Ger\u00e4te werden dann von spezialisierten Anbietern entsorgt, die auf das Recycling und die Entsorgung solcher Ger\u00e4te spezialisiert sind.<\/p>\n","protected":false},"excerpt":{"rendered":"<p>Um eine vollst\u00e4ndige R\u00fcckgewinnung des verunreinigten SF6 zu gew\u00e4hrleisten, nimmt Climalife die elektrischen Ausr\u00fcstungen am Ende ihres Lebenszyklus zur\u00fcck: HTA-Zellen, feste Schalttafeln, Schalterbirnen, aussteckbare Zellen, Trennschalter&#8230;<\/p>\n","protected":false},"featured_media":202084,"comment_status":"open","ping_status":"closed","template":"","meta":[],"countries":[4674,4709,4756,4813,4831,4862],"product_brand":[],"product_cat":[13074,13066,9956,13555],"product_tag":[],"class_list":{"0":"post-202083","1":"product","2":"type-product","3":"status-publish","4":"has-post-thumbnail","6":"countries-by","7":"countries-cu","8":"countries-ir","9":"countries-kp","10":"countries-ru","11":"countries-sy","12":"product_cat-abbau-zersetzung","13":"product_cat-dielektrischer-schutz-sf6","14":"product_cat-energie","15":"product_cat-zerschlagung-abbau","17":"first","18":"instock","19":"shipping-taxable","20":"purchasable","21":"product-type-simple"},"_links":{"self":[{"href":"https:\/\/climalife.com\/de\/wp-json\/wp\/v2\/product\/202083","targetHints":{"allow":["GET"]}}],"collection":[{"href":"https:\/\/climalife.com\/de\/wp-json\/wp\/v2\/product"}],"about":[{"href":"https:\/\/climalife.com\/de\/wp-json\/wp\/v2\/types\/product"}],"replies":[{"embeddable":true,"href":"https:\/\/climalife.com\/de\/wp-json\/wp\/v2\/comments?post=202083"}],"wp:featuredmedia":[{"embeddable":true,"href":"https:\/\/climalife.com\/de\/wp-json\/wp\/v2\/media\/202084"}],"wp:attachment":[{"href":"https:\/\/climalife.com\/de\/wp-json\/wp\/v2\/media?parent=202083"}],"wp:term":[{"taxonomy":"countries","embeddable":true,"href":"https:\/\/climalife.com\/de\/wp-json\/wp\/v2\/countries?post=202083"},{"taxonomy":"product_brand","embeddable":true,"href":"https:\/\/climalife.com\/de\/wp-json\/wp\/v2\/product_brand?post=202083"},{"taxonomy":"product_cat","embeddable":true,"href":"https:\/\/climalife.com\/de\/wp-json\/wp\/v2\/product_cat?post=202083"},{"taxonomy":"product_tag","embeddable":true,"href":"https:\/\/climalife.com\/de\/wp-json\/wp\/v2\/product_tag?post=202083"}],"curies":[{"name":"wp","href":"https:\/\/api.w.org\/{rel}","templated":true}]}}