{"id":202086,"date":"2023-07-15T11:38:51","date_gmt":"2023-07-15T11:38:51","guid":{"rendered":"https:\/\/climalife.com\/product\/pruefung-sf6-behaelter\/"},"modified":"2026-01-29T13:46:18","modified_gmt":"2026-01-29T13:46:18","slug":"pruefung-sf6-behaelter","status":"publish","type":"product","link":"https:\/\/climalife.com\/de\/product\/pruefung-sf6-behaelter\/","title":{"rendered":"Pr\u00fcfung SF6 Beh\u00e4lter"},"content":{"rendered":"<p>&#8220;Jeder Beh\u00e4lter wird alle 10 oder 5 Jahre, wenn er kontaminiertes SF<sub>6<\/sub> enthalten hat, erneut gepr\u00fcft. Climalife ist befugt, Verpackungen mit Pferdekopf (franz\u00f6sische Vorschriften) und mit TT-Lochung (europ\u00e4ische Vorschriften) zu pr\u00fcfen.<br \/>\nAngebotene Dienstleistungen: Inertisierung, Reinigung der Verpackungen und Einbringen in eine neutrale Atmosph\u00e4re, Anstrich, Kennzeichnung, Auswechseln der Ventile, Vernichtung der Verpackungen am Ende ihrer Lebensdauer.&#8221;<\/p>\n","protected":false},"excerpt":{"rendered":"<p>Dr\u00fcckbeh\u00e4lter m\u00fcssen in regelm\u00e4\u00dfigen Abst\u00e4nden auf Widerstandsf\u00e4higkeit und Fassungsverm\u00f6gen f\u00fcr SF<sub>6<\/sub> gepr\u00fcft werden.<\/p>\n","protected":false},"featured_media":201752,"comment_status":"open","ping_status":"closed","template":"","meta":[],"countries":[4674,4709,4756,4813,4831,4862],"product_brand":[],"product_cat":[13066,9956,13574],"product_tag":[],"class_list":{"0":"post-202086","1":"product","2":"type-product","3":"status-publish","4":"has-post-thumbnail","6":"countries-by","7":"countries-cu","8":"countries-ir","9":"countries-kp","10":"countries-ru","11":"countries-sy","12":"product_cat-dielektrischer-schutz-sf6","13":"product_cat-energie","14":"product_cat-verpackungsmanagement","16":"first","17":"instock","18":"shipping-taxable","19":"purchasable","20":"product-type-simple"},"_links":{"self":[{"href":"https:\/\/climalife.com\/de\/wp-json\/wp\/v2\/product\/202086","targetHints":{"allow":["GET"]}}],"collection":[{"href":"https:\/\/climalife.com\/de\/wp-json\/wp\/v2\/product"}],"about":[{"href":"https:\/\/climalife.com\/de\/wp-json\/wp\/v2\/types\/product"}],"replies":[{"embeddable":true,"href":"https:\/\/climalife.com\/de\/wp-json\/wp\/v2\/comments?post=202086"}],"wp:featuredmedia":[{"embeddable":true,"href":"https:\/\/climalife.com\/de\/wp-json\/wp\/v2\/media\/201752"}],"wp:attachment":[{"href":"https:\/\/climalife.com\/de\/wp-json\/wp\/v2\/media?parent=202086"}],"wp:term":[{"taxonomy":"countries","embeddable":true,"href":"https:\/\/climalife.com\/de\/wp-json\/wp\/v2\/countries?post=202086"},{"taxonomy":"product_brand","embeddable":true,"href":"https:\/\/climalife.com\/de\/wp-json\/wp\/v2\/product_brand?post=202086"},{"taxonomy":"product_cat","embeddable":true,"href":"https:\/\/climalife.com\/de\/wp-json\/wp\/v2\/product_cat?post=202086"},{"taxonomy":"product_tag","embeddable":true,"href":"https:\/\/climalife.com\/de\/wp-json\/wp\/v2\/product_tag?post=202086"}],"curies":[{"name":"wp","href":"https:\/\/api.w.org\/{rel}","templated":true}]}}