{"id":202088,"date":"2023-07-15T11:46:10","date_gmt":"2023-07-15T11:46:10","guid":{"rendered":"https:\/\/climalife.com\/product\/reinigung-der-kaeltemittelanlage\/"},"modified":"2026-01-29T13:46:18","modified_gmt":"2026-01-29T13:46:18","slug":"reinigung-der-kaeltemittelanlage","status":"publish","type":"product","link":"https:\/\/climalife.com\/de\/product\/reinigung-der-kaeltemittelanlage\/","title":{"rendered":"Reinigung der K\u00e4ltemittelanlage"},"content":{"rendered":"<p>Der Einsatz von Reinigungsmitteln kann bei jedem K\u00e4ltemittel-System erfolgen, das eine Sanierung ben\u00f6tigt, unabh\u00e4ngig von der Konfiguration des Systems und des eingesetzten K\u00e4ltemittels.<\/p>\n","protected":false},"excerpt":{"rendered":"<p>Die Sanierung von K\u00e4ltekreisl\u00e4ufen erfolgt mit geeigneten Produkten, die von unserer Forschungs- und Entwicklungsabteilung speziell formuliert wurden. Die Art der Behandlung, die in unseren Anlagen durchgef\u00fchrt wird, wird an die Art des zur\u00fcckgewonnenen K\u00e4ltemittels angepasst.<\/p>\n","protected":false},"featured_media":150635,"comment_status":"open","ping_status":"closed","template":"","meta":[],"countries":[4674,4709,4756,4813,4831,4862],"product_brand":[],"product_cat":[13074,9974,9213,13581,9947,9222,13126,13057,9938,9992],"product_tag":[],"class_list":{"0":"post-202088","1":"product","2":"type-product","3":"status-publish","4":"has-post-thumbnail","6":"countries-by","7":"countries-cu","8":"countries-ir","9":"countries-kp","10":"countries-ru","11":"countries-sy","12":"product_cat-abbau-zersetzung","13":"product_cat-automobil-transport","14":"product_cat-bereiche","15":"product_cat-einsatze-ort","16":"product_cat-gebaeude","17":"product_cat-branchen","18":"product_cat-kaeltetechnik","19":"product_cat-klimatechnik","20":"product_cat-lebensmittel","21":"product_cat-weitere-industrie","23":"first","24":"instock","25":"sold-individually","26":"shipping-taxable","27":"purchasable","28":"product-type-simple"},"_links":{"self":[{"href":"https:\/\/climalife.com\/de\/wp-json\/wp\/v2\/product\/202088","targetHints":{"allow":["GET"]}}],"collection":[{"href":"https:\/\/climalife.com\/de\/wp-json\/wp\/v2\/product"}],"about":[{"href":"https:\/\/climalife.com\/de\/wp-json\/wp\/v2\/types\/product"}],"replies":[{"embeddable":true,"href":"https:\/\/climalife.com\/de\/wp-json\/wp\/v2\/comments?post=202088"}],"wp:featuredmedia":[{"embeddable":true,"href":"https:\/\/climalife.com\/de\/wp-json\/wp\/v2\/media\/150635"}],"wp:attachment":[{"href":"https:\/\/climalife.com\/de\/wp-json\/wp\/v2\/media?parent=202088"}],"wp:term":[{"taxonomy":"countries","embeddable":true,"href":"https:\/\/climalife.com\/de\/wp-json\/wp\/v2\/countries?post=202088"},{"taxonomy":"product_brand","embeddable":true,"href":"https:\/\/climalife.com\/de\/wp-json\/wp\/v2\/product_brand?post=202088"},{"taxonomy":"product_cat","embeddable":true,"href":"https:\/\/climalife.com\/de\/wp-json\/wp\/v2\/product_cat?post=202088"},{"taxonomy":"product_tag","embeddable":true,"href":"https:\/\/climalife.com\/de\/wp-json\/wp\/v2\/product_tag?post=202088"}],"curies":[{"name":"wp","href":"https:\/\/api.w.org\/{rel}","templated":true}]}}