{"id":202089,"date":"2023-07-15T11:57:28","date_gmt":"2023-07-15T11:57:28","guid":{"rendered":"https:\/\/climalife.com\/product\/entleerung-und-wiederbefuellung-von-kaeltemittelanlagen\/"},"modified":"2026-01-29T13:46:18","modified_gmt":"2026-01-29T13:46:18","slug":"entleerung-und-wiederbefuellung-von-kaeltemittelanlagen","status":"publish","type":"product","link":"https:\/\/climalife.com\/de\/product\/entleerung-und-wiederbefuellung-von-kaeltemittelanlagen\/","title":{"rendered":"Entleerung und Wiederbef\u00fcllung von K\u00e4ltemittelanlagen"},"content":{"rendered":"<p>&#8220;Unser Team kann auch die Bef\u00fcllung von Anlagen mit allen K\u00e4ltemitteln (HFO, HFC, HCFC, CFC und SF6) unabh\u00e4ngig von der Menge durchf\u00fchren. Die Art der Behandlung, die in unseren ICPE-Anlagen durchgef\u00fchrt wird, ist auf die Art des zur\u00fcckgewonnenen K\u00e4ltemittels abgestimmt.<br \/>\nR\u00fccknahme und schnelle Wiederbef\u00fcllung mit speziellem Material und dedizierten Verpackungen f\u00fcr alle Systeme: K\u00fchleinheiten, Klimaanlagen, unabh\u00e4ngige Kompaktsysteme, Splitsysteme, Roof Tops &#8230;&#8221;<\/p>\n","protected":false},"excerpt":{"rendered":"<p>Entleerung von K\u00e4ltemitteln, Aufbereitung von K\u00e4ltemitteln gem\u00e4\u00df den geltenden Vorschriften, R\u00fcckgewinnung von verschmutzten Verpackungen durch zertifizierte Techniker.<\/p>\n","protected":false},"featured_media":202090,"comment_status":"open","ping_status":"closed","template":"","meta":[],"countries":[4674,4709,4756,4813,4831,4862],"product_brand":[],"product_cat":[13074,9974,13066,13581,9956,9947,13126,13057,9938],"product_tag":[],"class_list":{"0":"post-202089","1":"product","2":"type-product","3":"status-publish","4":"has-post-thumbnail","6":"countries-by","7":"countries-cu","8":"countries-ir","9":"countries-kp","10":"countries-ru","11":"countries-sy","12":"product_cat-abbau-zersetzung","13":"product_cat-automobil-transport","14":"product_cat-dielektrischer-schutz-sf6","15":"product_cat-einsatze-ort","16":"product_cat-energie","17":"product_cat-gebaeude","18":"product_cat-kaeltetechnik","19":"product_cat-klimatechnik","20":"product_cat-lebensmittel","22":"first","23":"instock","24":"shipping-taxable","25":"purchasable","26":"product-type-simple"},"_links":{"self":[{"href":"https:\/\/climalife.com\/de\/wp-json\/wp\/v2\/product\/202089","targetHints":{"allow":["GET"]}}],"collection":[{"href":"https:\/\/climalife.com\/de\/wp-json\/wp\/v2\/product"}],"about":[{"href":"https:\/\/climalife.com\/de\/wp-json\/wp\/v2\/types\/product"}],"replies":[{"embeddable":true,"href":"https:\/\/climalife.com\/de\/wp-json\/wp\/v2\/comments?post=202089"}],"wp:featuredmedia":[{"embeddable":true,"href":"https:\/\/climalife.com\/de\/wp-json\/wp\/v2\/media\/202090"}],"wp:attachment":[{"href":"https:\/\/climalife.com\/de\/wp-json\/wp\/v2\/media?parent=202089"}],"wp:term":[{"taxonomy":"countries","embeddable":true,"href":"https:\/\/climalife.com\/de\/wp-json\/wp\/v2\/countries?post=202089"},{"taxonomy":"product_brand","embeddable":true,"href":"https:\/\/climalife.com\/de\/wp-json\/wp\/v2\/product_brand?post=202089"},{"taxonomy":"product_cat","embeddable":true,"href":"https:\/\/climalife.com\/de\/wp-json\/wp\/v2\/product_cat?post=202089"},{"taxonomy":"product_tag","embeddable":true,"href":"https:\/\/climalife.com\/de\/wp-json\/wp\/v2\/product_tag?post=202089"}],"curies":[{"name":"wp","href":"https:\/\/api.w.org\/{rel}","templated":true}]}}