{"id":202091,"date":"2023-07-15T12:04:54","date_gmt":"2023-07-15T12:04:54","guid":{"rendered":"https:\/\/climalife.com\/product\/vorbeugende-instandhaltung\/"},"modified":"2026-01-29T13:46:19","modified_gmt":"2026-01-29T13:46:19","slug":"vorbeugende-instandhaltung","status":"publish","type":"product","link":"https:\/\/climalife.com\/de\/product\/vorbeugende-instandhaltung\/","title":{"rendered":"Vorbeugende Instandhaltung"},"content":{"rendered":"<p>Die angebotenen Instandhaltungsma\u00dfnahmen umfassen:<\/p>\n<ul>\n<li>Dichtheitspr\u00fcfung (F-Gas)<\/li>\n<li>Funktionstests<\/li>\n<li>Vollst\u00e4ndige Kontrolle der Sicherheitsschleifen<\/li>\n<li>Pr\u00fcfung des elektrischen Schaltkastens\/der Automatisierung<\/li>\n<li>Reinigung der Anlage<\/li>\n<li>Demontage\/ Wiedermontage der Pumpe<\/li>\n<li>Auswechseln von Elementen<\/li>\n<li>Kalibrierung von Sensoren<\/li>\n<li>Einstellen von Pumpen, \u00dcberl\u00e4ufern usw.<\/li>\n<li>Kontrolle der Pr\u00fcfdaten von Lagern oder Ausr\u00fcstungen, die der ESP-Richtlinie unterliegen.<\/li>\n<li>Test der Gasdetektion<\/li>\n<li>\u00dcberpr\u00fcfung des allgemeinen Zustands pneumatischer Komponenten.<\/li>\n<li>Erstellung eines Wartungsberichts<\/li>\n<\/ul>\n","protected":false},"excerpt":{"rendered":"<p>Durch regelm\u00e4\u00dfige Wartung k\u00f6nnen Produktionsunterbrechungen verhindert und der reibungslose Betrieb einer Anlage sichergestellt werden, um die Energieeffizienz zu optimieren. Die vorbeugenden Wartungsarbeiten k\u00f6nnen auch Vorschl\u00e4ge f\u00fcr technische oder ergonomische Verbesserungen mit sich bringen. Unser Technikerteam verf\u00fcgt \u00fcber die notwendigen Zertifizierungen und Berechtigungen f\u00fcr Eins\u00e4tze vor Ort (F-Gas-Zertifikat, elektrische Berechtigung, CACES, DESP &#8230;).<\/p>\n","protected":false},"featured_media":202093,"comment_status":"open","ping_status":"closed","template":"","meta":[],"countries":[4674,4709,4756,4813,4831,4862],"product_brand":[],"product_cat":[9983,9974,9947,9938,9965,13066,13101,9758,13126,13588],"product_tag":[13762],"class_list":{"0":"post-202091","1":"product","2":"type-product","3":"status-publish","4":"has-post-thumbnail","6":"countries-by","7":"countries-cu","8":"countries-ir","9":"countries-kp","10":"countries-ru","11":"countries-sy","12":"product_cat-luftfahrt-raumfahrt-ruestung","13":"product_cat-automobil-transport","14":"product_cat-gebaeude","15":"product_cat-lebensmittel","16":"product_cat-gesundheit-wellness","17":"product_cat-dielektrischer-schutz-sf6","18":"product_cat-daemmung","19":"product_cat-aerosole-de","20":"product_cat-kaeltetechnik","21":"product_cat-wartung","22":"product_tag-instandhaltung-von-druckgasbehalter","24":"first","25":"instock","26":"shipping-taxable","27":"purchasable","28":"product-type-simple"},"_links":{"self":[{"href":"https:\/\/climalife.com\/de\/wp-json\/wp\/v2\/product\/202091","targetHints":{"allow":["GET"]}}],"collection":[{"href":"https:\/\/climalife.com\/de\/wp-json\/wp\/v2\/product"}],"about":[{"href":"https:\/\/climalife.com\/de\/wp-json\/wp\/v2\/types\/product"}],"replies":[{"embeddable":true,"href":"https:\/\/climalife.com\/de\/wp-json\/wp\/v2\/comments?post=202091"}],"wp:featuredmedia":[{"embeddable":true,"href":"https:\/\/climalife.com\/de\/wp-json\/wp\/v2\/media\/202093"}],"wp:attachment":[{"href":"https:\/\/climalife.com\/de\/wp-json\/wp\/v2\/media?parent=202091"}],"wp:term":[{"taxonomy":"countries","embeddable":true,"href":"https:\/\/climalife.com\/de\/wp-json\/wp\/v2\/countries?post=202091"},{"taxonomy":"product_brand","embeddable":true,"href":"https:\/\/climalife.com\/de\/wp-json\/wp\/v2\/product_brand?post=202091"},{"taxonomy":"product_cat","embeddable":true,"href":"https:\/\/climalife.com\/de\/wp-json\/wp\/v2\/product_cat?post=202091"},{"taxonomy":"product_tag","embeddable":true,"href":"https:\/\/climalife.com\/de\/wp-json\/wp\/v2\/product_tag?post=202091"}],"curies":[{"name":"wp","href":"https:\/\/api.w.org\/{rel}","templated":true}]}}