{"id":203149,"date":"2023-07-21T12:56:10","date_gmt":"2023-07-21T12:56:10","guid":{"rendered":"https:\/\/climalife.com\/product\/r-456a\/"},"modified":"2025-02-19T07:49:57","modified_gmt":"2025-02-19T07:49:57","slug":"r-456a","status":"publish","type":"product","link":"https:\/\/climalife.com\/de\/product\/r-456a\/","title":{"rendered":"R-456A"},"content":{"rendered":"<div class=\"mce-block\">\n<p>R-456A (GWP = 626*) wurde entwickelt, um die Verf\u00fcgbarkeit von R-134a in Autoklimaanlagen mit einem um mindestens 50 % niedrigeren GWP zu verl\u00e4ngern und gleichzeitig die K\u00e4lteleistung bei \u00e4lteren Fahrzeugen zu erh\u00f6hen.<\/p>\n<ul>\n<li>Kein \u00d6lwechsel erforderlich.<\/li>\n<li>Drop-in-L\u00f6sung.<\/li>\n<\/ul>\n<p><em>*GWP gem\u00e4\u00df IPCC 5.<\/em><\/p>\n<\/div>\n","protected":false},"excerpt":{"rendered":"<p>R-456A ist ein nicht brennbares Gemisch aus Fluorkohlenwasserstoffen und Fluorkohlenwasserstoff-Olefinen, das als Ersatz f\u00fcr R-134a <strong>in Autoklimaanlagen<\/strong> entwickelt wurde.<\/p>\n","protected":false},"featured_media":203150,"comment_status":"open","ping_status":"closed","template":"","meta":[],"countries":[4674,4709,4756,4813,4831,4854,4862],"product_brand":[],"product_cat":[9974,9605,13057],"product_tag":[],"class_list":{"0":"post-203149","1":"product","2":"type-product","3":"status-publish","4":"has-post-thumbnail","6":"countries-by","7":"countries-cu","8":"countries-ir","9":"countries-kp","10":"countries-ru","11":"countries-es","12":"countries-sy","13":"product_cat-automobil-transport","14":"product_cat-fkw-hfo-gemische","15":"product_cat-klimatechnik","16":"pa_packaging-flasche-12-l-de-92","18":"first","19":"instock","20":"shipping-taxable","21":"purchasable","22":"product-type-variable"},"_links":{"self":[{"href":"https:\/\/climalife.com\/de\/wp-json\/wp\/v2\/product\/203149","targetHints":{"allow":["GET"]}}],"collection":[{"href":"https:\/\/climalife.com\/de\/wp-json\/wp\/v2\/product"}],"about":[{"href":"https:\/\/climalife.com\/de\/wp-json\/wp\/v2\/types\/product"}],"replies":[{"embeddable":true,"href":"https:\/\/climalife.com\/de\/wp-json\/wp\/v2\/comments?post=203149"}],"wp:featuredmedia":[{"embeddable":true,"href":"https:\/\/climalife.com\/de\/wp-json\/wp\/v2\/media\/203150"}],"wp:attachment":[{"href":"https:\/\/climalife.com\/de\/wp-json\/wp\/v2\/media?parent=203149"}],"wp:term":[{"taxonomy":"countries","embeddable":true,"href":"https:\/\/climalife.com\/de\/wp-json\/wp\/v2\/countries?post=203149"},{"taxonomy":"product_brand","embeddable":true,"href":"https:\/\/climalife.com\/de\/wp-json\/wp\/v2\/product_brand?post=203149"},{"taxonomy":"product_cat","embeddable":true,"href":"https:\/\/climalife.com\/de\/wp-json\/wp\/v2\/product_cat?post=203149"},{"taxonomy":"product_tag","embeddable":true,"href":"https:\/\/climalife.com\/de\/wp-json\/wp\/v2\/product_tag?post=203149"}],"curies":[{"name":"wp","href":"https:\/\/api.w.org\/{rel}","templated":true}]}}