{"id":203161,"date":"2023-07-21T14:17:50","date_gmt":"2023-07-21T14:17:50","guid":{"rendered":"https:\/\/climalife.com\/product\/d-tek-stratus-lecksuchgeraet\/"},"modified":"2024-01-25T13:50:08","modified_gmt":"2024-01-25T13:50:08","slug":"d-tek-stratus-lecksuchgeraet","status":"publish","type":"product","link":"https:\/\/climalife.com\/de\/product\/d-tek-stratus-lecksuchgeraet\/","title":{"rendered":"D-TEK Stratus Lecksuchger\u00e4t"},"content":{"rendered":"<p>Das Leck wird durch einen akustischen Alarm und eine digitale Anzeige signalisiert, um den Leckgrad in ppm auf einem gro\u00dfen LCD-Bildschirm in Echtzeit ablesen zu k\u00f6nnen. Zwei Betriebsmodi: &#8220;Cloud Hunting&#8221; und &#8220;Pinpoint&#8221;. Weitere Vorteile: Wiederaufladbare Lithium-Ionen-Akkus, Schnellladung, einfacher Austausch, Kopfh\u00f6rer im Lieferumfang enthalten, 2 AC- und DC-Ladeger\u00e4te f\u00fcr das Auto.<\/p>\n<p><strong>D-TEK Stratus &#8211; K\u00e4ltemittel<\/strong><\/p>\n<p>Mit einer Sonde mit Infrarotsensor ausgestattet, um die K\u00e4ltemittel HCFC, HFC, HFO und Mischungen auf HFC\/HFO-Basis einschlie\u00dflich A2L eingestufte K\u00e4ltemittel zu erkennen. Zwei kompatible Sensoren sind optional erh\u00e4ltlich, um CO\u2082 (R-744) und Kohlenwasserstoffe (R-290, R-600a usw.) zu erkennen.<\/p>\n<p><strong>D-TEK Stratus \u2013 CO\u2082<\/strong><\/p>\n<p>Mit einer Sonde mit Infrarotsensor zum Nachweis von CO\u2082 ausgestattet. Optional sind zwei kompatible Sensoren zur Erkennung von K\u00e4ltemitteln und hochentz\u00fcndlichen Kohlenwasserstoffen (R-290, R-600a) erh\u00e4ltlich.<\/p>\n","protected":false},"excerpt":{"rendered":"<p>Das tragbare D-TEK Stratus Lecksuchger\u00e4t ist in 2 Versionen mit mehreren kompatiblen Sensoren erh\u00e4ltlich: K\u00e4ltemittel A1 und A2L (HFC, HFO und HFC\/HFO-Mischungen), CO\u2082 (R-744) und Kohlenwasserstoffe (R-290, R-600a).<\/p>\n","protected":false},"featured_media":208681,"comment_status":"open","ping_status":"closed","template":"","meta":[],"countries":[4674,4709,4756,4813,4831,4862],"product_brand":[],"product_cat":[13126,9378],"product_tag":[],"class_list":{"0":"post-203161","1":"product","2":"type-product","3":"status-publish","4":"has-post-thumbnail","6":"countries-by","7":"countries-cu","8":"countries-ir","9":"countries-kp","10":"countries-ru","11":"countries-sy","12":"product_cat-kaeltetechnik","13":"product_cat-mobile-lecksuche","15":"first","16":"instock","17":"shipping-taxable","18":"purchasable","19":"product-type-variable"},"_links":{"self":[{"href":"https:\/\/climalife.com\/de\/wp-json\/wp\/v2\/product\/203161","targetHints":{"allow":["GET"]}}],"collection":[{"href":"https:\/\/climalife.com\/de\/wp-json\/wp\/v2\/product"}],"about":[{"href":"https:\/\/climalife.com\/de\/wp-json\/wp\/v2\/types\/product"}],"replies":[{"embeddable":true,"href":"https:\/\/climalife.com\/de\/wp-json\/wp\/v2\/comments?post=203161"}],"wp:featuredmedia":[{"embeddable":true,"href":"https:\/\/climalife.com\/de\/wp-json\/wp\/v2\/media\/208681"}],"wp:attachment":[{"href":"https:\/\/climalife.com\/de\/wp-json\/wp\/v2\/media?parent=203161"}],"wp:term":[{"taxonomy":"countries","embeddable":true,"href":"https:\/\/climalife.com\/de\/wp-json\/wp\/v2\/countries?post=203161"},{"taxonomy":"product_brand","embeddable":true,"href":"https:\/\/climalife.com\/de\/wp-json\/wp\/v2\/product_brand?post=203161"},{"taxonomy":"product_cat","embeddable":true,"href":"https:\/\/climalife.com\/de\/wp-json\/wp\/v2\/product_cat?post=203161"},{"taxonomy":"product_tag","embeddable":true,"href":"https:\/\/climalife.com\/de\/wp-json\/wp\/v2\/product_tag?post=203161"}],"curies":[{"name":"wp","href":"https:\/\/api.w.org\/{rel}","templated":true}]}}