{"id":206161,"date":"2023-08-11T09:04:48","date_gmt":"2023-08-11T09:04:48","guid":{"rendered":"https:\/\/climalife.com\/product\/lecksuchgeraet-d-tek-3-co2\/"},"modified":"2024-01-25T13:50:07","modified_gmt":"2024-01-25T13:50:07","slug":"lecksuchgeraet-d-tek-3-co2","status":"publish","type":"product","link":"https:\/\/climalife.com\/de\/product\/lecksuchgeraet-d-tek-3-co2\/","title":{"rendered":"Lecksuchger\u00e4t D-Tek 3 \/  D-tek 3 CO2"},"content":{"rendered":"<p>Dank der austauschbaren K\u00e4ltemittel- und CO<sub>2<\/sub>-Sensoren haben Sie zwei Instrumente in einem.<\/p>\n<p>.<\/p>\n","protected":false},"excerpt":{"rendered":"<p>Der D-TEK 3 bietet zus\u00e4tzliche Funktionen, die Sie bei der Lecksuche unterst\u00fctzen. Ein einfach zu wechselnder Sensor, ein schnell aufladbarer Lithium-Ionen-Akku und ein neues ergonomisches Design machen das D-TEK 3 zu einem vielseitigen Werkzeug f\u00fcr die t\u00e4gliche Wartung und Reparatur von K\u00e4lteanlagen.<\/p>\n","protected":false},"featured_media":131130,"comment_status":"open","ping_status":"closed","template":"","meta":[],"countries":[4674,4709,4756,4813,4831,4862],"product_brand":[],"product_cat":[9983,9974,9947,9938,9965,9992,13057,13110,13126,9378],"product_tag":[],"class_list":{"0":"post-206161","1":"product","2":"type-product","3":"status-publish","4":"has-post-thumbnail","6":"countries-by","7":"countries-cu","8":"countries-ir","9":"countries-kp","10":"countries-ru","11":"countries-sy","12":"product_cat-luftfahrt-raumfahrt-ruestung","13":"product_cat-automobil-transport","14":"product_cat-gebaeude","15":"product_cat-lebensmittel","16":"product_cat-gesundheit-wellness","17":"product_cat-weitere-industrie","18":"product_cat-klimatechnik","19":"product_cat-orc-organischer-rankin-zyklus","20":"product_cat-kaeltetechnik","21":"product_cat-mobile-lecksuche","22":"pa_packaging-einheit-de-25","24":"first","25":"instock","26":"shipping-taxable","27":"purchasable","28":"product-type-variable"},"_links":{"self":[{"href":"https:\/\/climalife.com\/de\/wp-json\/wp\/v2\/product\/206161","targetHints":{"allow":["GET"]}}],"collection":[{"href":"https:\/\/climalife.com\/de\/wp-json\/wp\/v2\/product"}],"about":[{"href":"https:\/\/climalife.com\/de\/wp-json\/wp\/v2\/types\/product"}],"replies":[{"embeddable":true,"href":"https:\/\/climalife.com\/de\/wp-json\/wp\/v2\/comments?post=206161"}],"wp:featuredmedia":[{"embeddable":true,"href":"https:\/\/climalife.com\/de\/wp-json\/wp\/v2\/media\/131130"}],"wp:attachment":[{"href":"https:\/\/climalife.com\/de\/wp-json\/wp\/v2\/media?parent=206161"}],"wp:term":[{"taxonomy":"countries","embeddable":true,"href":"https:\/\/climalife.com\/de\/wp-json\/wp\/v2\/countries?post=206161"},{"taxonomy":"product_brand","embeddable":true,"href":"https:\/\/climalife.com\/de\/wp-json\/wp\/v2\/product_brand?post=206161"},{"taxonomy":"product_cat","embeddable":true,"href":"https:\/\/climalife.com\/de\/wp-json\/wp\/v2\/product_cat?post=206161"},{"taxonomy":"product_tag","embeddable":true,"href":"https:\/\/climalife.com\/de\/wp-json\/wp\/v2\/product_tag?post=206161"}],"curies":[{"name":"wp","href":"https:\/\/api.w.org\/{rel}","templated":true}]}}