{"id":207692,"date":"2023-09-04T09:22:35","date_gmt":"2023-09-04T09:22:35","guid":{"rendered":"https:\/\/climalife.com\/product\/oberirdischer-erdverlegter-tank\/"},"modified":"2026-01-29T13:46:19","modified_gmt":"2026-01-29T13:46:19","slug":"oberirdischer-erdverlegter-tank","status":"publish","type":"product","link":"https:\/\/climalife.com\/de\/product\/oberirdischer-erdverlegter-tank\/","title":{"rendered":"Oberirdischer erdverlegter Tank"},"content":{"rendered":"<p>Unsere Teams \u00fcbernehmen die Koordination und \u00dcberwachung des Projekts bis hin zur Implementierung vor Ort sowie die Inbetriebnahme der schl\u00fcsselfertigen Anlage.<\/p>\n<p>Bei der Abnahme wird ein vollst\u00e4ndiges technisches Dossier \u00fcbergeben, das die Beschreibung des Ger\u00e4ts, das Betriebshandbuch, die Pr\u00fcfprotokolle oder -bescheinigungen, die Unterlagen \u00fcber das Sicherheitszubeh\u00f6r und die Planung der vorbeugenden und vorschriftsm\u00e4\u00dfigen Wartung enth\u00e4lt.<\/p>\n","protected":false},"excerpt":{"rendered":"<p>Entwurf und Einrichtung von oberirdischen erdverlegten Tanks zur Lagerung in \u00dcbereinstimmung mit den geltenden Vorschriften (AFIAP) f\u00fcr entz\u00fcndliche Fl\u00fcssiggase.<\/p>\n","protected":false},"featured_media":207693,"comment_status":"open","ping_status":"closed","template":"","meta":[],"countries":[4674,4709,4756,4813,4831,4862],"product_brand":[],"product_cat":[9974,9956,9992,13057,13101,9758,13126,13494],"product_tag":[],"class_list":{"0":"post-207692","1":"product","2":"type-product","3":"status-publish","4":"has-post-thumbnail","6":"countries-by","7":"countries-cu","8":"countries-ir","9":"countries-kp","10":"countries-ru","11":"countries-sy","12":"product_cat-automobil-transport","13":"product_cat-energie","14":"product_cat-weitere-industrie","15":"product_cat-klimatechnik","16":"product_cat-daemmung","17":"product_cat-aerosole-de","18":"product_cat-kaeltetechnik","19":"product_cat-lager-verteilersysteme","21":"first","22":"instock","23":"shipping-taxable","24":"purchasable","25":"product-type-simple"},"_links":{"self":[{"href":"https:\/\/climalife.com\/de\/wp-json\/wp\/v2\/product\/207692","targetHints":{"allow":["GET"]}}],"collection":[{"href":"https:\/\/climalife.com\/de\/wp-json\/wp\/v2\/product"}],"about":[{"href":"https:\/\/climalife.com\/de\/wp-json\/wp\/v2\/types\/product"}],"replies":[{"embeddable":true,"href":"https:\/\/climalife.com\/de\/wp-json\/wp\/v2\/comments?post=207692"}],"wp:featuredmedia":[{"embeddable":true,"href":"https:\/\/climalife.com\/de\/wp-json\/wp\/v2\/media\/207693"}],"wp:attachment":[{"href":"https:\/\/climalife.com\/de\/wp-json\/wp\/v2\/media?parent=207692"}],"wp:term":[{"taxonomy":"countries","embeddable":true,"href":"https:\/\/climalife.com\/de\/wp-json\/wp\/v2\/countries?post=207692"},{"taxonomy":"product_brand","embeddable":true,"href":"https:\/\/climalife.com\/de\/wp-json\/wp\/v2\/product_brand?post=207692"},{"taxonomy":"product_cat","embeddable":true,"href":"https:\/\/climalife.com\/de\/wp-json\/wp\/v2\/product_cat?post=207692"},{"taxonomy":"product_tag","embeddable":true,"href":"https:\/\/climalife.com\/de\/wp-json\/wp\/v2\/product_tag?post=207692"}],"curies":[{"name":"wp","href":"https:\/\/api.w.org\/{rel}","templated":true}]}}