{"id":209647,"date":"2023-09-14T16:09:06","date_gmt":"2023-09-14T16:09:06","guid":{"rendered":"https:\/\/climalife.com\/product\/gaswarngeraet-glaciaer-midi\/"},"modified":"2024-01-25T13:50:06","modified_gmt":"2024-01-25T13:50:06","slug":"gaswarngeraet-glaciar-midi","status":"publish","type":"product","link":"https:\/\/climalife.com\/de\/product\/gaswarngeraet-glaciar-midi\/","title":{"rendered":"Gaswarnger\u00e4t GLACI\u00c4R MIDI"},"content":{"rendered":"<p>Das SAMON GLACI\u00c4R MIDI Gaswarnsystem ist in zwei Versionen erh\u00e4ltlich: 1 mit integriertem F\u00fchler und 1 mit externem F\u00fchler.Es handelt sich um einen Sensor-Transmitter, der mit einem F\u00fchler mit 2 Alarmstufen ausgestattet ist und entweder als eigenst\u00e4ndiger Melder verwendet oder \u00fcber eine Modbus-Verbindung an ein Steuersystem (z. B. GTC) angeschlossen werden kann.<\/p>\n<p>Er verf\u00fcgt \u00fcber zwei Relaisausg\u00e4nge f\u00fcr hohe und niedrige Alarmstufen sowie einen Analogausgang, der externe Sicherheitsger\u00e4te wie Ventile, Ventilatoren und\/oder einen allgemeinen Alarm aktivieren kann.<\/p>\n<p>F\u00fcnf Arten von Detektoren stehen je nach K\u00e4ltemittel zur Verf\u00fcgung:<\/p>\n<p><strong>GLACI<\/strong><strong>\u00c4<\/strong><strong>R MIDI <\/strong>Gruppe 1 (Erkennungsbereich 0-1000 ppm) : R-32, R407A, R-407C, R-407F, R-410A, R-448A, R-449A, R-452A, R-452B, R-454A, R-454B, R-454C, R-455A, R-507A.<\/p>\n<p><strong>GLACI<\/strong><strong>\u00c4<\/strong><strong>R MIDI <\/strong>Gruppe 2 (Erkennungsbereich 0-1000 ppm) : R-1233zd, R-1234yf, R-1234ze, R-134a, R-22, R-404A, R-450A, R-513A.<\/p>\n<p><strong>GLACI<\/strong><strong>\u00c4<\/strong><strong>R MIDI<\/strong> Gruppe 3 (HC \u2013 Erkennungsbereich 0-4000 ppm) : R-290, R-600a, R1270<\/p>\n<p><strong>GLACI<\/strong><strong>\u00c4<\/strong><strong>R MIDI<\/strong> CO<sub>2<\/sub> (Erkennungsbereich 0-10000 ppm) : R-744<\/p>\n<p><strong>GLACI<\/strong><strong>\u00c4<\/strong><strong>R MIDI<\/strong> NH<sub>3<\/sub> (Erkennungsbereich 0-100 \/ 0-1000 \/ 0-5000 ppm) : R-717<\/p>\n","protected":false},"excerpt":{"rendered":"<p>Das Gaswarnger\u00e4t GLACI\u00c4R MIDI meldet K\u00e4ltemittelleckagen von allen Klima- und K\u00e4lteanlagen.<\/p>\n","protected":false},"featured_media":209648,"comment_status":"open","ping_status":"closed","template":"","meta":[],"countries":[4674,4709,4756,4813,4831,4862],"product_brand":[],"product_cat":[9947,9938,13057,13126,9270],"product_tag":[],"class_list":{"0":"post-209647","1":"product","2":"type-product","3":"status-publish","4":"has-post-thumbnail","6":"countries-by","7":"countries-cu","8":"countries-ir","9":"countries-kp","10":"countries-ru","11":"countries-sy","12":"product_cat-gebaeude","13":"product_cat-lebensmittel","14":"product_cat-klimatechnik","15":"product_cat-kaeltetechnik","16":"product_cat-gaswarngeraete","18":"first","19":"instock","20":"shipping-taxable","21":"purchasable","22":"product-type-variable"},"_links":{"self":[{"href":"https:\/\/climalife.com\/de\/wp-json\/wp\/v2\/product\/209647","targetHints":{"allow":["GET"]}}],"collection":[{"href":"https:\/\/climalife.com\/de\/wp-json\/wp\/v2\/product"}],"about":[{"href":"https:\/\/climalife.com\/de\/wp-json\/wp\/v2\/types\/product"}],"replies":[{"embeddable":true,"href":"https:\/\/climalife.com\/de\/wp-json\/wp\/v2\/comments?post=209647"}],"wp:featuredmedia":[{"embeddable":true,"href":"https:\/\/climalife.com\/de\/wp-json\/wp\/v2\/media\/209648"}],"wp:attachment":[{"href":"https:\/\/climalife.com\/de\/wp-json\/wp\/v2\/media?parent=209647"}],"wp:term":[{"taxonomy":"countries","embeddable":true,"href":"https:\/\/climalife.com\/de\/wp-json\/wp\/v2\/countries?post=209647"},{"taxonomy":"product_brand","embeddable":true,"href":"https:\/\/climalife.com\/de\/wp-json\/wp\/v2\/product_brand?post=209647"},{"taxonomy":"product_cat","embeddable":true,"href":"https:\/\/climalife.com\/de\/wp-json\/wp\/v2\/product_cat?post=209647"},{"taxonomy":"product_tag","embeddable":true,"href":"https:\/\/climalife.com\/de\/wp-json\/wp\/v2\/product_tag?post=209647"}],"curies":[{"name":"wp","href":"https:\/\/api.w.org\/{rel}","templated":true}]}}