{"id":213213,"date":"2023-11-24T13:35:30","date_gmt":"2023-11-24T13:35:30","guid":{"rendered":"https:\/\/climalife.com\/product\/gaswarnmelder-rmv-hfc\/"},"modified":"2026-01-29T13:46:19","modified_gmt":"2026-01-29T13:46:19","slug":"gaswarnmelder-rmv-hfc","status":"publish","type":"product","link":"https:\/\/climalife.com\/de\/product\/gaswarnmelder-rmv-hfc\/","title":{"rendered":"Gaswarnmelder RMV-HFC"},"content":{"rendered":"<p>Das Ger\u00e4t wurde f\u00fcr eine kontinuierliche und hochwirksame \u00dcberwachung in verschiedenen typischen Anwendungen wie Hotels, B\u00fcros und Wohnh\u00e4usern entwickelt. Er ist f\u00fcr die Montage in einem Wandgeh\u00e4use konzipiert, um ein H\u00f6chstma\u00df an Diskretion zu gew\u00e4hrleisten.<\/p>\n<p>Er verf\u00fcgt \u00fcber drei Alarmstufen:<\/p>\n<ul>\n<li>Stufe 1: Bei einer Konzentration zwischen 1000 und 4000 ppm \u00fcber einen Zeitraum von weniger als 30 Minuten: kein akustischer Alarm und rotes Blinken der LED<\/li>\n<li>Stufe 2: Bei einer Konzentration zwischen 1000 und 4000 ppm \u00fcber einen Zeitraum von mehr als 30 Minuten: 2 akustische Warnungen\/Minute und Blinken der roten LED<\/li>\n<li>Stufe 3: Bei einer Konzentration von mehr als 4000 ppm \u00fcber einen Zeitraum von mindestens 30 Sekunden: 4 akustische Warnungen\/Minute und rotes Blinken der LED<\/li>\n<\/ul>\n<p>Die akustischen und visuellen Alarme kommunizieren gleichzeitig mit den Raum\u00fcberwachungssystemen \u00fcber ein Single Pole Double Throw (SPDT) Alarmrelais und einen Ausgang mit gemeinsamen Relais.<\/p>\n","protected":false},"excerpt":{"rendered":"<p><span class=\"ui-provider a b c d e f g h i j k l m n o p q r s t u v w x y z ab ac ae af ag ah ai aj ak\" dir=\"ltr\">Der Gaswarnmelder RMV-HFC der Marke SAMON ist ein K\u00e4ltemittel-Lecksuchger\u00e4t, das in gro\u00dfvolumigen K\u00e4lte- und Klimaanlagen wie VRF\/VRV eingesetzt wird.<\/span><\/p>\n","protected":false},"featured_media":213214,"comment_status":"open","ping_status":"closed","template":"","meta":[],"countries":[4674,4709,4756,4813,4831,4862],"product_brand":[],"product_cat":[9947,13057,13126,9270],"product_tag":[],"class_list":{"0":"post-213213","1":"product","2":"type-product","3":"status-publish","4":"has-post-thumbnail","6":"countries-by","7":"countries-cu","8":"countries-ir","9":"countries-kp","10":"countries-ru","11":"countries-sy","12":"product_cat-gebaeude","13":"product_cat-klimatechnik","14":"product_cat-kaeltetechnik","15":"product_cat-gaswarngeraete","17":"first","18":"instock","19":"shipping-taxable","20":"purchasable","21":"product-type-simple"},"_links":{"self":[{"href":"https:\/\/climalife.com\/de\/wp-json\/wp\/v2\/product\/213213","targetHints":{"allow":["GET"]}}],"collection":[{"href":"https:\/\/climalife.com\/de\/wp-json\/wp\/v2\/product"}],"about":[{"href":"https:\/\/climalife.com\/de\/wp-json\/wp\/v2\/types\/product"}],"replies":[{"embeddable":true,"href":"https:\/\/climalife.com\/de\/wp-json\/wp\/v2\/comments?post=213213"}],"wp:featuredmedia":[{"embeddable":true,"href":"https:\/\/climalife.com\/de\/wp-json\/wp\/v2\/media\/213214"}],"wp:attachment":[{"href":"https:\/\/climalife.com\/de\/wp-json\/wp\/v2\/media?parent=213213"}],"wp:term":[{"taxonomy":"countries","embeddable":true,"href":"https:\/\/climalife.com\/de\/wp-json\/wp\/v2\/countries?post=213213"},{"taxonomy":"product_brand","embeddable":true,"href":"https:\/\/climalife.com\/de\/wp-json\/wp\/v2\/product_brand?post=213213"},{"taxonomy":"product_cat","embeddable":true,"href":"https:\/\/climalife.com\/de\/wp-json\/wp\/v2\/product_cat?post=213213"},{"taxonomy":"product_tag","embeddable":true,"href":"https:\/\/climalife.com\/de\/wp-json\/wp\/v2\/product_tag?post=213213"}],"curies":[{"name":"wp","href":"https:\/\/api.w.org\/{rel}","templated":true}]}}