{"id":213953,"date":"2024-01-23T11:33:13","date_gmt":"2024-01-23T11:33:13","guid":{"rendered":"https:\/\/climalife.com\/product\/solufluid-energy\/"},"modified":"2024-08-21T09:17:07","modified_gmt":"2024-08-21T09:17:07","slug":"solufluid-energy","status":"publish","type":"product","link":"https:\/\/climalife.com\/de\/product\/solufluid-energy\/","title":{"rendered":"Solufluid\u00ae Energy"},"content":{"rendered":"<p>Solufluid\u00ae Energy, bei hohen Temperaturen getestet, kann Stagnationsperioden \u00fcber +150 \u00b0C standhalten, insbesondere in der Sommerperiode. Es bietet einen wirksamen Schutz vor Frost und vor Korrosion der in den Anlagen vorhandenen Metalle (Stahl, Aluminium, Kupfer, Messing, Schwei\u00dfn\u00e4hte usw.). Es verhindert die Bildung von Schlamm in den Kreisl\u00e4ufen sowie die Verschmutzung von Sonnenkollektoren und unterirdischen Kreisl\u00e4ufen.<\/p>\n<p>Durch seine gelbe Farbe ist es sofort erkennbar.<\/p>\n","protected":false},"excerpt":{"rendered":"<p>Solufluid\u00ae Energy ist eine<strong> gebrauchsfertige<\/strong> W\u00e4rme\u00fcbertragungsfl\u00fcssigkeit auf der Basis von MPG und Korrosionsinhibitoren. Es eignet sich f\u00fcr <strong>Warmwasserkreisl\u00e4ufe<\/strong> mit <strong>Flach- oder Vakuumr\u00f6hrenkollektoren<\/strong>, f\u00fcr <strong>Erdw\u00e4rmepumpen<\/strong> (Erdkollektorkreisl\u00e4ufe) und <strong>Luftw\u00e4rmepumpen<\/strong>.<\/p>\n<p>Solufluid\u00ae Energy, bei hohen Temperaturen getestet, kann Stagnationsperioden \u00fcber +150 \u00b0C standhalten, insbesondere in der Sommerperiode. Es bietet einen wirksamen Schutz vor Frost und vor Korrosion der in den Anlagen vorhandenen Metalle (Stahl, Aluminium, Kupfer, Messing, Schwei\u00dfn\u00e4hte usw.). Es verhindert die Bildung von Schlamm in den Kreisl\u00e4ufen sowie die Verschmutzung von Sonnenkollektoren und unterirdischen Kreisl\u00e4ufen.<\/p>\n<p>Durch seine gelbe Farbe ist es sofort erkennbar.<\/p>\n","protected":false},"featured_media":213954,"comment_status":"closed","ping_status":"closed","template":"","meta":[],"countries":[4674,4709,4756,4813,4831,4862],"product_brand":[],"product_cat":[9947,9956,9992,13092,13135,13534],"product_tag":[],"class_list":{"0":"post-213953","1":"product","2":"type-product","3":"status-publish","4":"has-post-thumbnail","6":"countries-by","7":"countries-cu","8":"countries-ir","9":"countries-kp","10":"countries-ru","11":"countries-sy","12":"product_cat-gebaeude","13":"product_cat-energie","14":"product_cat-weitere-industrie","15":"product_cat-heizung","16":"product_cat-erneuerbare-energie","17":"product_cat-mpg-de","18":"pa_packaging-kanister-20-l-de-174","19":"pa_packaging-container-1000-kg-de-139","20":"pa_packaging-fass-210-l-de-28","21":"pa_protection-20c-de-146","22":"pa_protection-25c-de-233","24":"first","25":"instock","26":"shipping-taxable","27":"purchasable","28":"product-type-variable"},"_links":{"self":[{"href":"https:\/\/climalife.com\/de\/wp-json\/wp\/v2\/product\/213953","targetHints":{"allow":["GET"]}}],"collection":[{"href":"https:\/\/climalife.com\/de\/wp-json\/wp\/v2\/product"}],"about":[{"href":"https:\/\/climalife.com\/de\/wp-json\/wp\/v2\/types\/product"}],"replies":[{"embeddable":true,"href":"https:\/\/climalife.com\/de\/wp-json\/wp\/v2\/comments?post=213953"}],"wp:featuredmedia":[{"embeddable":true,"href":"https:\/\/climalife.com\/de\/wp-json\/wp\/v2\/media\/213954"}],"wp:attachment":[{"href":"https:\/\/climalife.com\/de\/wp-json\/wp\/v2\/media?parent=213953"}],"wp:term":[{"taxonomy":"countries","embeddable":true,"href":"https:\/\/climalife.com\/de\/wp-json\/wp\/v2\/countries?post=213953"},{"taxonomy":"product_brand","embeddable":true,"href":"https:\/\/climalife.com\/de\/wp-json\/wp\/v2\/product_brand?post=213953"},{"taxonomy":"product_cat","embeddable":true,"href":"https:\/\/climalife.com\/de\/wp-json\/wp\/v2\/product_cat?post=213953"},{"taxonomy":"product_tag","embeddable":true,"href":"https:\/\/climalife.com\/de\/wp-json\/wp\/v2\/product_tag?post=213953"}],"curies":[{"name":"wp","href":"https:\/\/api.w.org\/{rel}","templated":true}]}}