{"id":214660,"date":"2024-02-29T16:32:52","date_gmt":"2024-02-29T16:32:52","guid":{"rendered":"https:\/\/climalife.com\/product\/climapp-einsatzerfassung-rueckverfolgbarkeit-entsorgung\/"},"modified":"2026-01-29T13:46:19","modified_gmt":"2026-01-29T13:46:19","slug":"climapp-einsatzerfassung-rueckverfolgbarkeit-entsorgung","status":"publish","type":"product","link":"https:\/\/climalife.com\/de\/product\/climapp-einsatzerfassung-rueckverfolgbarkeit-entsorgung\/","title":{"rendered":"Clim&#8217;app: Einsatzerfassung, R\u00fcckverfolgbarkeit, Entsorgung"},"content":{"rendered":"<p>F\u00fcr jeden Einsatz werden vorgeschriebenen Dokumente mit wenigen Klicks automatisch erstellt.<br \/>\nDie Dashboards zur Zusammenfassung und Verfolgung der Eins\u00e4tze sind auf der Webschnittstelle verf\u00fcgbar, die Verwaltung der K\u00e4ltemittel und Flaschenbest\u00e4nde wird ebenfalls zur Verf\u00fcgung gestellt.<br \/>\nDie Erinnerungen an die F\u00e4lligkeitstermine der Dichtheitspr\u00fcfungen und der Kontrolle der Leckdetektoren sind im Backoffice sichtbar.<\/p>\n<p>Es gibt 4 unterschiedliche Abos, je nach Anzahl der Nutzer:<\/p>\n<p>1 bis 4 Nutzer: Abo &#8220;Rando +<br \/>\n5 bis 12 Nutzern: Abo Trail +<br \/>\n13 bis 30 Nutzern: Abo Treck +<br \/>\n31 bis 50 Nutzern: Abo Sherpa-Paket +<\/p>\n<p>Dieses Tool bietet Ihnen Komfort bei der Verwaltung Ihrer K\u00e4lteanlagen.<\/p>\n<p>Fragen Sie uns nach einer Demo und reservieren Sie Ihren Slot um Clim&#8217;app zu entdecken.<\/p>\n","protected":false},"excerpt":{"rendered":"<p class=\"title\">Clim&#8217;app ist eine einfache und angepasste mobile L\u00f6sung, die auf die Probleme eingeht, auf die K\u00e4ltefachleute bei ihren Arbeiten an K\u00e4lteanlagen sto\u00dfen.<\/p>\n<p>.<\/p>\n<p>.<\/p>\n","protected":false},"featured_media":213973,"comment_status":"closed","ping_status":"closed","template":"","meta":[],"countries":[4674,4709,4756,4813,4831,4862],"product_brand":[],"product_cat":[13074,15063,13066,9947,13126,13057,9938,9992],"product_tag":[],"class_list":{"0":"post-214660","1":"product","2":"type-product","3":"status-publish","4":"has-post-thumbnail","6":"countries-by","7":"countries-cu","8":"countries-ir","9":"countries-kp","10":"countries-ru","11":"countries-sy","12":"product_cat-abbau-zersetzung","13":"product_cat-climapp-de","14":"product_cat-dielektrischer-schutz-sf6","15":"product_cat-gebaeude","16":"product_cat-kaeltetechnik","17":"product_cat-klimatechnik","18":"product_cat-lebensmittel","19":"product_cat-weitere-industrie","21":"first","22":"instock","23":"shipping-taxable","24":"purchasable","25":"product-type-simple"},"_links":{"self":[{"href":"https:\/\/climalife.com\/de\/wp-json\/wp\/v2\/product\/214660","targetHints":{"allow":["GET"]}}],"collection":[{"href":"https:\/\/climalife.com\/de\/wp-json\/wp\/v2\/product"}],"about":[{"href":"https:\/\/climalife.com\/de\/wp-json\/wp\/v2\/types\/product"}],"replies":[{"embeddable":true,"href":"https:\/\/climalife.com\/de\/wp-json\/wp\/v2\/comments?post=214660"}],"wp:featuredmedia":[{"embeddable":true,"href":"https:\/\/climalife.com\/de\/wp-json\/wp\/v2\/media\/213973"}],"wp:attachment":[{"href":"https:\/\/climalife.com\/de\/wp-json\/wp\/v2\/media?parent=214660"}],"wp:term":[{"taxonomy":"countries","embeddable":true,"href":"https:\/\/climalife.com\/de\/wp-json\/wp\/v2\/countries?post=214660"},{"taxonomy":"product_brand","embeddable":true,"href":"https:\/\/climalife.com\/de\/wp-json\/wp\/v2\/product_brand?post=214660"},{"taxonomy":"product_cat","embeddable":true,"href":"https:\/\/climalife.com\/de\/wp-json\/wp\/v2\/product_cat?post=214660"},{"taxonomy":"product_tag","embeddable":true,"href":"https:\/\/climalife.com\/de\/wp-json\/wp\/v2\/product_tag?post=214660"}],"curies":[{"name":"wp","href":"https:\/\/api.w.org\/{rel}","templated":true}]}}