{"id":215231,"date":"2024-04-22T07:51:12","date_gmt":"2024-04-22T07:51:12","guid":{"rendered":"https:\/\/climalife.com\/product\/r-454c\/"},"modified":"2025-02-19T11:43:56","modified_gmt":"2025-02-19T11:43:56","slug":"r-454c","status":"publish","type":"product","link":"https:\/\/climalife.com\/de\/product\/r-454c\/","title":{"rendered":"R-454C"},"content":{"rendered":"<p>Es kann in Neuanlagen f\u00fcr NK und TK, gewerbliche oder industrielle K\u00e4ltetechnik verwendet werden, als Direktverdampfung f\u00fcr Verfl\u00fcssigungss\u00e4tze, K\u00fchlr\u00e4ume und autonome Systeme, die bisher \u00fcblicherweise mit R-404A betrieben wurden.<\/p>\n","protected":false},"excerpt":{"rendered":"<p>R-454C ist ein nichtazeotropes Gemisch auf der Basis von HFKW und HFO mit einem sehr niedrigen GWP <150, das als A2L eingestuft ist.\n<\/p>\n","protected":false},"featured_media":215232,"comment_status":"closed","ping_status":"closed","template":"","meta":[],"countries":[4674,4709,4756,4813,4831,4862],"product_brand":[],"product_cat":[9947,9938,9965,9992,13057,13126,13135,9605],"product_tag":[],"class_list":{"0":"post-215231","1":"product","2":"type-product","3":"status-publish","4":"has-post-thumbnail","6":"countries-by","7":"countries-cu","8":"countries-ir","9":"countries-kp","10":"countries-ru","11":"countries-sy","12":"product_cat-gebaeude","13":"product_cat-lebensmittel","14":"product_cat-gesundheit-wellness","15":"product_cat-weitere-industrie","16":"product_cat-klimatechnik","17":"product_cat-kaeltetechnik","18":"product_cat-erneuerbare-energie","19":"product_cat-fkw-hfo-gemische","20":"pa_packaging-flasche-52-l-de-72","21":"pa_packaging-friostar-de-69","22":"pa_packaging-ministar-de-339","24":"first","25":"instock","26":"shipping-taxable","27":"purchasable","28":"product-type-variable"},"_links":{"self":[{"href":"https:\/\/climalife.com\/de\/wp-json\/wp\/v2\/product\/215231","targetHints":{"allow":["GET"]}}],"collection":[{"href":"https:\/\/climalife.com\/de\/wp-json\/wp\/v2\/product"}],"about":[{"href":"https:\/\/climalife.com\/de\/wp-json\/wp\/v2\/types\/product"}],"replies":[{"embeddable":true,"href":"https:\/\/climalife.com\/de\/wp-json\/wp\/v2\/comments?post=215231"}],"wp:featuredmedia":[{"embeddable":true,"href":"https:\/\/climalife.com\/de\/wp-json\/wp\/v2\/media\/215232"}],"wp:attachment":[{"href":"https:\/\/climalife.com\/de\/wp-json\/wp\/v2\/media?parent=215231"}],"wp:term":[{"taxonomy":"countries","embeddable":true,"href":"https:\/\/climalife.com\/de\/wp-json\/wp\/v2\/countries?post=215231"},{"taxonomy":"product_brand","embeddable":true,"href":"https:\/\/climalife.com\/de\/wp-json\/wp\/v2\/product_brand?post=215231"},{"taxonomy":"product_cat","embeddable":true,"href":"https:\/\/climalife.com\/de\/wp-json\/wp\/v2\/product_cat?post=215231"},{"taxonomy":"product_tag","embeddable":true,"href":"https:\/\/climalife.com\/de\/wp-json\/wp\/v2\/product_tag?post=215231"}],"curies":[{"name":"wp","href":"https:\/\/api.w.org\/{rel}","templated":true}]}}