{"id":215283,"date":"2024-04-23T10:57:34","date_gmt":"2024-04-23T10:57:34","guid":{"rendered":"https:\/\/climalife.com\/product\/duonett\/"},"modified":"2025-10-27T10:05:22","modified_gmt":"2025-10-27T10:05:22","slug":"duonett","status":"publish","type":"product","link":"https:\/\/climalife.com\/de\/product\/duonett\/","title":{"rendered":"Duonett\u00ae"},"content":{"rendered":"<p><strong>DUONETT\u00ae<\/strong> ist einfach anzuwenden und biologisch abbaubar.<\/p>\n<p>Erh\u00e4ltlich in 5- und 20-Liter-Kanistern oder in 225-Liter-F\u00e4ssern.<\/p>\n","protected":false},"excerpt":{"rendered":"<p><strong>DUONETT\u00ae<\/strong> ist ein fl\u00fcssiges Entkalkungsmittel f\u00fcr den industriellen Einsatz zur Aufl\u00f6sung von Kesselstein und Kalk sowie zur Entfernung von Schlamm und Rostablagerungen in wasserf\u00fchrenden Anlagen.<\/p>\n<p>Es kann in W\u00e4rmetauschern (Wasserkondensatoren und -verdampfern), Heizkesseln, Wasserkreisl\u00e4ufen und -leitungen sowie in Luftk\u00fchlt\u00fcrmen verwendet werden.<\/p>\n","protected":false},"featured_media":215285,"comment_status":"closed","ping_status":"closed","template":"","meta":[],"countries":[4674,4709,4756,4813,4831,4862],"product_brand":[],"product_cat":[9983,9947,9956,9938,9965,9992,13057,13092,13126,13135,9355],"product_tag":[],"class_list":{"0":"post-215283","1":"product","2":"type-product","3":"status-publish","4":"has-post-thumbnail","6":"countries-by","7":"countries-cu","8":"countries-ir","9":"countries-kp","10":"countries-ru","11":"countries-sy","12":"product_cat-luftfahrt-raumfahrt-ruestung","13":"product_cat-gebaeude","14":"product_cat-energie","15":"product_cat-lebensmittel","16":"product_cat-gesundheit-wellness","17":"product_cat-weitere-industrie","18":"product_cat-klimatechnik","19":"product_cat-heizung","20":"product_cat-kaeltetechnik","21":"product_cat-erneuerbare-energie","22":"product_cat-reinigung-der-kaelte-waermetraeger-kreislaeufe","23":"pa_packaging-kanister-20-l-de-174","24":"pa_packaging-225-l-kanister-de-37","25":"pa_packaging-5-l-kanister-de-35","27":"first","28":"instock","29":"shipping-taxable","30":"purchasable","31":"product-type-variable"},"_links":{"self":[{"href":"https:\/\/climalife.com\/de\/wp-json\/wp\/v2\/product\/215283","targetHints":{"allow":["GET"]}}],"collection":[{"href":"https:\/\/climalife.com\/de\/wp-json\/wp\/v2\/product"}],"about":[{"href":"https:\/\/climalife.com\/de\/wp-json\/wp\/v2\/types\/product"}],"replies":[{"embeddable":true,"href":"https:\/\/climalife.com\/de\/wp-json\/wp\/v2\/comments?post=215283"}],"wp:featuredmedia":[{"embeddable":true,"href":"https:\/\/climalife.com\/de\/wp-json\/wp\/v2\/media\/215285"}],"wp:attachment":[{"href":"https:\/\/climalife.com\/de\/wp-json\/wp\/v2\/media?parent=215283"}],"wp:term":[{"taxonomy":"countries","embeddable":true,"href":"https:\/\/climalife.com\/de\/wp-json\/wp\/v2\/countries?post=215283"},{"taxonomy":"product_brand","embeddable":true,"href":"https:\/\/climalife.com\/de\/wp-json\/wp\/v2\/product_brand?post=215283"},{"taxonomy":"product_cat","embeddable":true,"href":"https:\/\/climalife.com\/de\/wp-json\/wp\/v2\/product_cat?post=215283"},{"taxonomy":"product_tag","embeddable":true,"href":"https:\/\/climalife.com\/de\/wp-json\/wp\/v2\/product_tag?post=215283"}],"curies":[{"name":"wp","href":"https:\/\/api.w.org\/{rel}","templated":true}]}}