{"id":219741,"date":"2024-12-20T13:15:11","date_gmt":"2024-12-20T13:15:11","guid":{"rendered":"https:\/\/climalife.com\/product\/calibration-cylinder-climalife\/"},"modified":"2026-01-29T13:46:19","modified_gmt":"2026-01-29T13:46:19","slug":"calibration-cylinder-climalife","status":"publish","type":"product","link":"https:\/\/climalife.com\/de\/product\/calibration-cylinder-climalife\/","title":{"rendered":"Kalibrierzylinder Climalife"},"content":{"rendered":"<p>Flasche mit 110 l K\u00e4ltemittelgemisch in Luft bei einer gew\u00e4hlten Konzentration, die der h\u00f6chsten Alarmschwelle des Detektors entsprechen muss. Der Zylinder sollte mit einem Durchflussregler und einem separat erh\u00e4ltlichen Verbindungssystem verbunden werden.<\/p>\n<p>Erh\u00e4ltlich f\u00fcr R-454B, R-1234ze, R-134a, R-32, R-513A und CO<sub>2<\/sub>. Bitte geben Sie bei der Bestellung das gew\u00fcnschte K\u00e4ltemittel und die Konzentration an.<\/p>\n","protected":false},"excerpt":{"rendered":"<p>Kalibrierzylinder Climalife zur \u00dcberpr\u00fcfung der Empfindlichkeit von fest installierten Leckdetektoren vor Ort und zur Neukalibrierung des Detektors, falls erforderlich.<\/p>\n","protected":false},"featured_media":219742,"comment_status":"closed","ping_status":"closed","template":"","meta":[],"countries":[],"product_brand":[],"product_cat":[9947,9938,9992,13057,13092,13126,9270],"product_tag":[],"class_list":{"0":"post-219741","1":"product","2":"type-product","3":"status-publish","4":"has-post-thumbnail","6":"product_cat-gebaeude","7":"product_cat-lebensmittel","8":"product_cat-weitere-industrie","9":"product_cat-klimatechnik","10":"product_cat-heizung","11":"product_cat-kaeltetechnik","12":"product_cat-gaswarngeraete","14":"first","15":"instock","16":"shipping-taxable","17":"purchasable","18":"product-type-simple"},"_links":{"self":[{"href":"https:\/\/climalife.com\/de\/wp-json\/wp\/v2\/product\/219741","targetHints":{"allow":["GET"]}}],"collection":[{"href":"https:\/\/climalife.com\/de\/wp-json\/wp\/v2\/product"}],"about":[{"href":"https:\/\/climalife.com\/de\/wp-json\/wp\/v2\/types\/product"}],"replies":[{"embeddable":true,"href":"https:\/\/climalife.com\/de\/wp-json\/wp\/v2\/comments?post=219741"}],"wp:featuredmedia":[{"embeddable":true,"href":"https:\/\/climalife.com\/de\/wp-json\/wp\/v2\/media\/219742"}],"wp:attachment":[{"href":"https:\/\/climalife.com\/de\/wp-json\/wp\/v2\/media?parent=219741"}],"wp:term":[{"taxonomy":"countries","embeddable":true,"href":"https:\/\/climalife.com\/de\/wp-json\/wp\/v2\/countries?post=219741"},{"taxonomy":"product_brand","embeddable":true,"href":"https:\/\/climalife.com\/de\/wp-json\/wp\/v2\/product_brand?post=219741"},{"taxonomy":"product_cat","embeddable":true,"href":"https:\/\/climalife.com\/de\/wp-json\/wp\/v2\/product_cat?post=219741"},{"taxonomy":"product_tag","embeddable":true,"href":"https:\/\/climalife.com\/de\/wp-json\/wp\/v2\/product_tag?post=219741"}],"curies":[{"name":"wp","href":"https:\/\/api.w.org\/{rel}","templated":true}]}}