{"id":220436,"date":"2025-01-21T13:11:12","date_gmt":"2025-01-21T13:11:12","guid":{"rendered":"https:\/\/climalife.com\/product\/novexpans-fa-188\/"},"modified":"2025-06-17T11:03:59","modified_gmt":"2025-06-17T11:03:59","slug":"novexpans-fa-188","status":"publish","type":"product","link":"https:\/\/climalife.com\/de\/product\/novexpans-fa-188\/","title":{"rendered":"Novexpans\u2122 FA-188"},"content":{"rendered":"<p>Wirkt als Nukleierungsmittel w\u00e4hrend des Schaumblasens und reduziert die durchschnittliche Gr\u00f6\u00dfe der Schaumzellen. Erh\u00e4ltlich in verschiedenen Gr\u00f6\u00dfen von nachf\u00fcllbaren Verpackungen.<\/p>\n","protected":false},"excerpt":{"rendered":"<p>Novexpans\u2122 FA-188 ist ein nicht brennbares Schaumadditiv, das die W\u00e4rmeleitf\u00e4higkeit von Polyurethan- und anderen Hartschaumformulierungen verringert und die Energieeffizienz erh\u00f6ht.<\/p>\n","protected":false},"featured_media":126360,"comment_status":"closed","ping_status":"closed","template":"","meta":[],"countries":[4674,4756,4813,4831],"product_brand":[],"product_cat":[9947,13101,9785,9511],"product_tag":[],"class_list":{"0":"post-220436","1":"product","2":"type-product","3":"status-publish","4":"has-post-thumbnail","6":"countries-by","7":"countries-ir","8":"countries-kp","9":"countries-ru","10":"product_cat-gebaeude","11":"product_cat-daemmung","12":"product_cat-schaumexpansion","13":"product_cat-kohlenwasserstoffe","14":"pa_packaging-fass-217-l-de-30","15":"pa_packaging-flasche-88-l-de-122","17":"first","18":"instock","19":"shipping-taxable","20":"purchasable","21":"product-type-variable"},"_links":{"self":[{"href":"https:\/\/climalife.com\/de\/wp-json\/wp\/v2\/product\/220436","targetHints":{"allow":["GET"]}}],"collection":[{"href":"https:\/\/climalife.com\/de\/wp-json\/wp\/v2\/product"}],"about":[{"href":"https:\/\/climalife.com\/de\/wp-json\/wp\/v2\/types\/product"}],"replies":[{"embeddable":true,"href":"https:\/\/climalife.com\/de\/wp-json\/wp\/v2\/comments?post=220436"}],"wp:featuredmedia":[{"embeddable":true,"href":"https:\/\/climalife.com\/de\/wp-json\/wp\/v2\/media\/126360"}],"wp:attachment":[{"href":"https:\/\/climalife.com\/de\/wp-json\/wp\/v2\/media?parent=220436"}],"wp:term":[{"taxonomy":"countries","embeddable":true,"href":"https:\/\/climalife.com\/de\/wp-json\/wp\/v2\/countries?post=220436"},{"taxonomy":"product_brand","embeddable":true,"href":"https:\/\/climalife.com\/de\/wp-json\/wp\/v2\/product_brand?post=220436"},{"taxonomy":"product_cat","embeddable":true,"href":"https:\/\/climalife.com\/de\/wp-json\/wp\/v2\/product_cat?post=220436"},{"taxonomy":"product_tag","embeddable":true,"href":"https:\/\/climalife.com\/de\/wp-json\/wp\/v2\/product_tag?post=220436"}],"curies":[{"name":"wp","href":"https:\/\/api.w.org\/{rel}","templated":true}]}}