{"id":221853,"date":"2025-02-17T13:08:41","date_gmt":"2025-02-17T13:08:41","guid":{"rendered":"https:\/\/climalife.com\/product\/next-717-series\/"},"modified":"2025-10-30T10:17:57","modified_gmt":"2025-10-30T10:17:57","slug":"next-717-series","status":"publish","type":"product","link":"https:\/\/climalife.com\/de\/product\/next-717-series\/","title":{"rendered":"NEXT 717 Serie"},"content":{"rendered":"<p>Mit hydrogecrackten Grund\u00f6len und modernen Additiven.<\/p>\n<p>NEXT 717 \u00d6l hat einen sehr geringen Fl\u00fcssigkeitsverlust und ein ausgezeichnetes Flie\u00dfverm\u00f6gen bei niedrigen Temperaturen.<\/p>\n<p>Erh\u00e4ltlich in:<\/p>\n<ul>\n<li>Next 717-68<\/li>\n<li>Next 717-68SC mit Dichtungskonditionierungszusatz<\/li>\n<li>Next 717-100 speziell f\u00fcr Ammoniak-W\u00e4rmepumpenanwendungen<\/li>\n<\/ul>\n","protected":false},"excerpt":{"rendered":"<p>Next 717 ist ein Mineral\u00f6l. Es wurde speziell f\u00fcr die Verwendung in Ammoniak K\u00e4lteanlagen formuliert.<\/p>\n","protected":false},"featured_media":221854,"comment_status":"closed","ping_status":"closed","template":"","meta":[],"countries":[4674,4709,4756,4813,4831,4862],"product_brand":[],"product_cat":[9938,13126,9346],"product_tag":[],"class_list":{"0":"post-221853","1":"product","2":"type-product","3":"status-publish","4":"has-post-thumbnail","6":"countries-by","7":"countries-cu","8":"countries-ir","9":"countries-kp","10":"countries-ru","11":"countries-sy","12":"product_cat-lebensmittel","13":"product_cat-kaeltetechnik","14":"product_cat-mineraloele","15":"pa_packaging-fass-208-l-de-49","16":"pa_packaging-kanister-19-l-de-336","18":"first","19":"instock","20":"shipping-taxable","21":"purchasable","22":"product-type-variable"},"_links":{"self":[{"href":"https:\/\/climalife.com\/de\/wp-json\/wp\/v2\/product\/221853","targetHints":{"allow":["GET"]}}],"collection":[{"href":"https:\/\/climalife.com\/de\/wp-json\/wp\/v2\/product"}],"about":[{"href":"https:\/\/climalife.com\/de\/wp-json\/wp\/v2\/types\/product"}],"replies":[{"embeddable":true,"href":"https:\/\/climalife.com\/de\/wp-json\/wp\/v2\/comments?post=221853"}],"wp:featuredmedia":[{"embeddable":true,"href":"https:\/\/climalife.com\/de\/wp-json\/wp\/v2\/media\/221854"}],"wp:attachment":[{"href":"https:\/\/climalife.com\/de\/wp-json\/wp\/v2\/media?parent=221853"}],"wp:term":[{"taxonomy":"countries","embeddable":true,"href":"https:\/\/climalife.com\/de\/wp-json\/wp\/v2\/countries?post=221853"},{"taxonomy":"product_brand","embeddable":true,"href":"https:\/\/climalife.com\/de\/wp-json\/wp\/v2\/product_brand?post=221853"},{"taxonomy":"product_cat","embeddable":true,"href":"https:\/\/climalife.com\/de\/wp-json\/wp\/v2\/product_cat?post=221853"},{"taxonomy":"product_tag","embeddable":true,"href":"https:\/\/climalife.com\/de\/wp-json\/wp\/v2\/product_tag?post=221853"}],"curies":[{"name":"wp","href":"https:\/\/api.w.org\/{rel}","templated":true}]}}