{"id":223128,"date":"2025-04-02T15:32:58","date_gmt":"2025-04-02T15:32:58","guid":{"rendered":"https:\/\/climalife.com\/product\/novaspray-isobutan-propan-35-bar\/"},"modified":"2025-04-02T16:20:32","modified_gmt":"2025-04-02T16:20:32","slug":"novaspray-isobutan-propan-35-bar","status":"publish","type":"product","link":"https:\/\/climalife.com\/de\/product\/novaspray-isobutan-propan-35-bar\/","title":{"rendered":"NovaSpray\u2122 Isobutan\/Propan 3,5 bar"},"content":{"rendered":"<p>&#8211; Eignet sich besonders f\u00fcr die Formulierung von kosmetischen Sch\u00e4umen.<\/p>\n<p>&#8211; Wirtschaftlich dank einer geringen Dichte, Sie k\u00f6nnen das Gewicht des genutzten Treibgases verringern.<\/p>\n<p>&#8211; Seine gute Mischbarkeit mit den \u00fcblichen L\u00f6sungsmitteln erm\u00f6glicht eine gro\u00dfe Flexibilit\u00e4t bei der Formulierung.<\/p>\n<p>&#8211; Es hat keinen Einfluss auf die Ozonschicht und nur einen geringen Treibhauseffekt.<\/p>\n","protected":false},"excerpt":{"rendered":"<p>NovaSpray\u2122Isobutan\/Propan 3,5 Bar\u00a0ist eine spezielle desodorisierte Mischung in Aerosol-Qualit\u00e4t von NovaSpray\u2122\u00a0Isobutan und NovaSpray\u00a0\u2122\u00a0Propan. Mit seiner konstanten Qualit\u00e4t erf\u00fcllt es alle Anforderungen eines Treibgases.<\/p>\n","protected":false},"featured_media":223129,"comment_status":"closed","ping_status":"closed","template":"","meta":[],"countries":[4674,4709,4756,4813,4831,4862],"product_brand":[],"product_cat":[9974,9947,9965,9992,9601],"product_tag":[15182],"class_list":{"0":"post-223128","1":"product","2":"type-product","3":"status-publish","4":"has-post-thumbnail","6":"countries-by","7":"countries-cu","8":"countries-ir","9":"countries-kp","10":"countries-ru","11":"countries-sy","12":"product_cat-automobil-transport","13":"product_cat-gebaeude","14":"product_cat-gesundheit-wellness","15":"product_cat-weitere-industrie","16":"product_cat-kohlenwasserstoffe-de-83","17":"product_tag-novaspray-de","18":"pa_packaging-container-930-l-de-76","19":"pa_packaging-lose-ware-de-168","21":"first","22":"instock","23":"shipping-taxable","24":"purchasable","25":"product-type-variable"},"_links":{"self":[{"href":"https:\/\/climalife.com\/de\/wp-json\/wp\/v2\/product\/223128","targetHints":{"allow":["GET"]}}],"collection":[{"href":"https:\/\/climalife.com\/de\/wp-json\/wp\/v2\/product"}],"about":[{"href":"https:\/\/climalife.com\/de\/wp-json\/wp\/v2\/types\/product"}],"replies":[{"embeddable":true,"href":"https:\/\/climalife.com\/de\/wp-json\/wp\/v2\/comments?post=223128"}],"wp:featuredmedia":[{"embeddable":true,"href":"https:\/\/climalife.com\/de\/wp-json\/wp\/v2\/media\/223129"}],"wp:attachment":[{"href":"https:\/\/climalife.com\/de\/wp-json\/wp\/v2\/media?parent=223128"}],"wp:term":[{"taxonomy":"countries","embeddable":true,"href":"https:\/\/climalife.com\/de\/wp-json\/wp\/v2\/countries?post=223128"},{"taxonomy":"product_brand","embeddable":true,"href":"https:\/\/climalife.com\/de\/wp-json\/wp\/v2\/product_brand?post=223128"},{"taxonomy":"product_cat","embeddable":true,"href":"https:\/\/climalife.com\/de\/wp-json\/wp\/v2\/product_cat?post=223128"},{"taxonomy":"product_tag","embeddable":true,"href":"https:\/\/climalife.com\/de\/wp-json\/wp\/v2\/product_tag?post=223128"}],"curies":[{"name":"wp","href":"https:\/\/api.w.org\/{rel}","templated":true}]}}