{"id":223359,"date":"2025-04-08T08:58:45","date_gmt":"2025-04-08T08:58:45","guid":{"rendered":"https:\/\/climalife.com\/product\/suniso-sl-serie\/"},"modified":"2026-03-19T12:11:05","modified_gmt":"2026-03-19T12:11:05","slug":"suniso-sl-serie","status":"publish","type":"product","link":"https:\/\/climalife.com\/de\/product\/suniso-sl-serie\/","title":{"rendered":"SUNISO SL-Serie"},"content":{"rendered":"<p>Suniso SL K\u00e4ltemaschinen\u00f6le bieten eine au\u00dfergew\u00f6hnliche thermische Stabilit\u00e4t und eignen sich daher f\u00fcr verschiedene Anwendungen, von K\u00e4lteanlagen mit niedrigen Temperaturen bis hin zu Hochtemperatur-W\u00e4rmepumpen.<\/p>\n","protected":false},"excerpt":{"rendered":"<p>Suniso SL sind vollsynthetische Hochleistungs-K\u00e4ltemaschinen\u00f6le, die f\u00fcr eine optimale Leistung von Kompressoren mit HFC-K\u00e4ltemitteln entwickelt wurden. Die aus speziell entwickelten Polyolestern (POE) hergestellten Suniso SL K\u00e4ltemaschinen\u00f6le gew\u00e4hrleisten eine hervorragende Mischbarkeit und eine effiziente \u00d6lr\u00fcckf\u00fchrung im gesamten System, vom Verdampfer bis zum Kompressor.<\/p>\n","protected":false},"featured_media":223461,"comment_status":"closed","ping_status":"closed","template":"","meta":[],"countries":[4662,4667,4674,4693,4698,4706,4707,4709,4737,4739,4756,4800,4813,4817,4827,4831,4854,4862,4866,4881,4887],"product_brand":[],"product_cat":[9947,9938,9992,13126,13420],"product_tag":[],"class_list":{"0":"post-223359","1":"product","2":"type-product","3":"status-publish","4":"has-post-thumbnail","6":"countries-ar","7":"countries-au","8":"countries-by","9":"countries-ca","10":"countries-cl","11":"countries-cr","12":"countries-ci","13":"countries-cu","14":"countries-gh","15":"countries-gr","16":"countries-ir","17":"countries-mm","18":"countries-kp","19":"countries-pk","20":"countries-pt","21":"countries-ru","22":"countries-es","23":"countries-sy","24":"countries-th","25":"countries-us","26":"countries-ve","27":"product_cat-gebaeude","28":"product_cat-lebensmittel","29":"product_cat-weitere-industrie","30":"product_cat-kaeltetechnik","31":"product_cat-poe-de","32":"pa_packaging-kanister-20-l-de-174","33":"pa_packaging-kanister-1-l-de-63","34":"pa_packaging-kanister-4-l-de-50","36":"first","37":"instock","38":"shipping-taxable","39":"purchasable","40":"product-type-variable"},"_links":{"self":[{"href":"https:\/\/climalife.com\/de\/wp-json\/wp\/v2\/product\/223359","targetHints":{"allow":["GET"]}}],"collection":[{"href":"https:\/\/climalife.com\/de\/wp-json\/wp\/v2\/product"}],"about":[{"href":"https:\/\/climalife.com\/de\/wp-json\/wp\/v2\/types\/product"}],"replies":[{"embeddable":true,"href":"https:\/\/climalife.com\/de\/wp-json\/wp\/v2\/comments?post=223359"}],"wp:featuredmedia":[{"embeddable":true,"href":"https:\/\/climalife.com\/de\/wp-json\/wp\/v2\/media\/223461"}],"wp:attachment":[{"href":"https:\/\/climalife.com\/de\/wp-json\/wp\/v2\/media?parent=223359"}],"wp:term":[{"taxonomy":"countries","embeddable":true,"href":"https:\/\/climalife.com\/de\/wp-json\/wp\/v2\/countries?post=223359"},{"taxonomy":"product_brand","embeddable":true,"href":"https:\/\/climalife.com\/de\/wp-json\/wp\/v2\/product_brand?post=223359"},{"taxonomy":"product_cat","embeddable":true,"href":"https:\/\/climalife.com\/de\/wp-json\/wp\/v2\/product_cat?post=223359"},{"taxonomy":"product_tag","embeddable":true,"href":"https:\/\/climalife.com\/de\/wp-json\/wp\/v2\/product_tag?post=223359"}],"curies":[{"name":"wp","href":"https:\/\/api.w.org\/{rel}","templated":true}]}}