{"id":223816,"date":"2025-04-11T07:09:57","date_gmt":"2025-04-11T07:09:57","guid":{"rendered":"https:\/\/climalife.com\/product\/polarbox-polarvisor\/"},"modified":"2026-01-29T13:46:20","modified_gmt":"2026-01-29T13:46:20","slug":"polarbox-polarvisor","status":"publish","type":"product","link":"https:\/\/climalife.com\/de\/product\/polarbox-polarvisor\/","title":{"rendered":"PolarBox &#038; PolarVisor"},"content":{"rendered":"<p>Das System umfasst:<\/p>\n<ul>\n<li>ein automatisches Leckerkennungsmodul mit indirekten Messmethoden (obligatorisch bei \u00fcber 500 t CO2-\u00c4quivalent oder 100 kg f\u00fcr HFO)<\/li>\n<li>ein Energiemodul zur Berechnung des Energieverbrauchs in Echtzeit.<\/li>\n<\/ul>\n<p>Die PolarBox ist mit der PolarVisor-Webapp verbunden und sendet Warnmeldungen:<\/p>\n<ul>\n<li>Per E-Mail oder online im Falle eines K\u00e4ltemittellecks (60,2 Tage fr\u00fcher als bei herk\u00f6mmlichen Methoden);<\/li>\n<li>Online bei Energiedrifts oder Gefahr eines Kompressorausfalls.<\/li>\n<\/ul>\n<p>Mit PolarBox und PolarVisor k\u00f6nnen Benutzer per Fernzugriff und in Echtzeit auf K\u00e4ltemittel-F\u00fcllstandskurven, COP, Betriebsdaten und die Effizienz der K\u00e4lteerzeugung zugreifen. Eine PolarBox kann bis zu 4 K\u00e4lteanlagen \u00fcberwachen und verf\u00fcgt \u00fcber eine integrierte 4G-Verbindung.<\/p>\n<p>Weitere Informationen finden Sie auf <a href=\"\u201ehttps:\/\/www.matelex.com\/us\/solutions\/polarbox\/\u201c\">matelex.com<\/a><\/p>\n","protected":false},"excerpt":{"rendered":"<p>Die PolarBox ist ein \u00dcberwachungssystem f\u00fcr K\u00e4lteanlagen, das mit einer Webschnittstelle f\u00fcr die Fern\u00fcberwachung gekoppelt ist.<\/p>\n<p>Es hilft, die Umweltauswirkungen von K\u00e4lteanlagen zu reduzieren und deren Wartung zu vereinfachen<\/p>\n","protected":false},"featured_media":223817,"comment_status":"closed","ping_status":"closed","template":"","meta":[],"countries":[4674,4709,4756,4813,4831,4862],"product_brand":[],"product_cat":[9947,9956,9938,9965,9992,13126,9625,9270],"product_tag":[],"class_list":{"0":"post-223816","1":"product","2":"type-product","3":"status-publish","4":"has-post-thumbnail","6":"countries-by","7":"countries-cu","8":"countries-ir","9":"countries-kp","10":"countries-ru","11":"countries-sy","12":"product_cat-gebaeude","13":"product_cat-energie","14":"product_cat-lebensmittel","15":"product_cat-gesundheit-wellness","16":"product_cat-weitere-industrie","17":"product_cat-kaeltetechnik","18":"product_cat-lecksuche-de-6","19":"product_cat-gaswarngeraete","21":"first","22":"instock","23":"shipping-taxable","24":"purchasable","25":"product-type-simple"},"_links":{"self":[{"href":"https:\/\/climalife.com\/de\/wp-json\/wp\/v2\/product\/223816","targetHints":{"allow":["GET"]}}],"collection":[{"href":"https:\/\/climalife.com\/de\/wp-json\/wp\/v2\/product"}],"about":[{"href":"https:\/\/climalife.com\/de\/wp-json\/wp\/v2\/types\/product"}],"replies":[{"embeddable":true,"href":"https:\/\/climalife.com\/de\/wp-json\/wp\/v2\/comments?post=223816"}],"wp:featuredmedia":[{"embeddable":true,"href":"https:\/\/climalife.com\/de\/wp-json\/wp\/v2\/media\/223817"}],"wp:attachment":[{"href":"https:\/\/climalife.com\/de\/wp-json\/wp\/v2\/media?parent=223816"}],"wp:term":[{"taxonomy":"countries","embeddable":true,"href":"https:\/\/climalife.com\/de\/wp-json\/wp\/v2\/countries?post=223816"},{"taxonomy":"product_brand","embeddable":true,"href":"https:\/\/climalife.com\/de\/wp-json\/wp\/v2\/product_brand?post=223816"},{"taxonomy":"product_cat","embeddable":true,"href":"https:\/\/climalife.com\/de\/wp-json\/wp\/v2\/product_cat?post=223816"},{"taxonomy":"product_tag","embeddable":true,"href":"https:\/\/climalife.com\/de\/wp-json\/wp\/v2\/product_tag?post=223816"}],"curies":[{"name":"wp","href":"https:\/\/api.w.org\/{rel}","templated":true}]}}