{"id":225096,"date":"2025-06-13T14:27:15","date_gmt":"2025-06-13T14:27:15","guid":{"rendered":"https:\/\/climalife.com\/product\/glaciar-x5-atex-stationaerer-lecksucher\/"},"modified":"2026-01-29T13:46:20","modified_gmt":"2026-01-29T13:46:20","slug":"glaciar-x5-atex-stationaerer-lecksucher","status":"publish","type":"product","link":"https:\/\/climalife.com\/de\/product\/glaciar-x5-atex-stationaerer-lecksucher\/","title":{"rendered":"GLACI\u00c4R X5 (ATEX) STATION\u00c4RER LECKSUCHER"},"content":{"rendered":"<p>Schnelle und einfache Konfiguration:<\/p>\n<ul>\n<li>Integrierte Digitalanzeige: Echtzeitanzeige von Konzentrationen, Alarmen und St\u00f6rungen.<\/li>\n<li>Einfach austauschbarer Sensor.<\/li>\n<li>Maximale Flexibilit\u00e4t: Einzel- oder Doppelsensor, integriert oder ferngesteuert, je nach Installationsanforderungen.<\/li>\n<\/ul>\n<p>Auswahl an Sonden:<\/p>\n<ul>\n<li>Elektrochemischer Sensor mit langer Lebensdauer f\u00fcr die Ammoniakdetektion<\/li>\n<li>Infrarot-CO\u2082-Sensor<\/li>\n<li>Infrarot- oder katalytischer Sensor f\u00fcr R-290<\/li>\n<li>Halbleiter- oder Infrarotsensor f\u00fcr HFC, HFO, einschlie\u00dflich A2L-K\u00e4ltemittel.<\/li>\n<\/ul>\n","protected":false},"excerpt":{"rendered":"<p>GLACI\u00c4R X5 ist ein station\u00e4rer Leckdetektor, der f\u00fcr den Einsatz in anspruchsvollsten Industrieumgebungen entwickelt wurde. Er ist ATEX-zertifiziert f\u00fcr den Einsatz in explosionsgef\u00e4hrdeten Bereichen (Zonen 1 und 2) und mit einem Geh\u00e4use der Schutzart IP66 ausgestattet. Er erkennt Ammoniak (NH\u2083), Kohlendioxid (CO\u2082), Propan (R-290), HFKW, HFO, A2L und L\u00f6sungsmittel wie Ethanol. Der modulare Aufbau erm\u00f6glicht die Integration von 1 bis 2 integrierten und\/oder Fernsensoren f\u00fcr eine kontinuierliche \u00dcberwachung.<\/p>\n","protected":false},"featured_media":225097,"comment_status":"closed","ping_status":"closed","template":"","meta":[],"countries":[4674,4709,4756,4813,4831,4862],"product_brand":[],"product_cat":[9947,9938,13057,13126,9270],"product_tag":[],"class_list":{"0":"post-225096","1":"product","2":"type-product","3":"status-publish","4":"has-post-thumbnail","6":"countries-by","7":"countries-cu","8":"countries-ir","9":"countries-kp","10":"countries-ru","11":"countries-sy","12":"product_cat-gebaeude","13":"product_cat-lebensmittel","14":"product_cat-klimatechnik","15":"product_cat-kaeltetechnik","16":"product_cat-gaswarngeraete","18":"first","19":"instock","20":"shipping-taxable","21":"purchasable","22":"product-type-simple"},"_links":{"self":[{"href":"https:\/\/climalife.com\/de\/wp-json\/wp\/v2\/product\/225096","targetHints":{"allow":["GET"]}}],"collection":[{"href":"https:\/\/climalife.com\/de\/wp-json\/wp\/v2\/product"}],"about":[{"href":"https:\/\/climalife.com\/de\/wp-json\/wp\/v2\/types\/product"}],"replies":[{"embeddable":true,"href":"https:\/\/climalife.com\/de\/wp-json\/wp\/v2\/comments?post=225096"}],"wp:featuredmedia":[{"embeddable":true,"href":"https:\/\/climalife.com\/de\/wp-json\/wp\/v2\/media\/225097"}],"wp:attachment":[{"href":"https:\/\/climalife.com\/de\/wp-json\/wp\/v2\/media?parent=225096"}],"wp:term":[{"taxonomy":"countries","embeddable":true,"href":"https:\/\/climalife.com\/de\/wp-json\/wp\/v2\/countries?post=225096"},{"taxonomy":"product_brand","embeddable":true,"href":"https:\/\/climalife.com\/de\/wp-json\/wp\/v2\/product_brand?post=225096"},{"taxonomy":"product_cat","embeddable":true,"href":"https:\/\/climalife.com\/de\/wp-json\/wp\/v2\/product_cat?post=225096"},{"taxonomy":"product_tag","embeddable":true,"href":"https:\/\/climalife.com\/de\/wp-json\/wp\/v2\/product_tag?post=225096"}],"curies":[{"name":"wp","href":"https:\/\/api.w.org\/{rel}","templated":true}]}}