{"id":226469,"date":"2025-07-11T11:22:43","date_gmt":"2025-07-11T11:22:43","guid":{"rendered":"https:\/\/climalife.com\/product\/next-gpl-pag-series\/"},"modified":"2025-08-14T07:53:30","modified_gmt":"2025-08-14T07:53:30","slug":"next-gpl-pag-series","status":"publish","type":"product","link":"https:\/\/climalife.com\/de\/product\/next-gpl-pag-series\/","title":{"rendered":"NEXT GPL PAG Serie"},"content":{"rendered":"<p>Anwendungen:<\/p>\n<ul>\n<li>Kolbenkompressoren<\/li>\n<li>Schraubenkompressoren<\/li>\n<li>Kohlenwasserstoff-Gaskompressoren<\/li>\n<li>Kohlenwasserstoff-W\u00e4rmepumpen und K\u00e4lteanlagen<\/li>\n<\/ul>\n<p>Erh\u00e4ltlich in:<\/p>\n<ul>\n<li>NEXT GPL PAG 68<\/li>\n<li>NEXT GPL PAG 100<\/li>\n<li>NEXT GPL PAG 150<\/li>\n<li>NEXT GPL PAG 220<\/li>\n<\/ul>\n<p>F\u00fcr andere Viskosit\u00e4tsklassen wenden Sie sich bitte an uns.<\/p>\n","protected":false},"excerpt":{"rendered":"<p>NEXT GPL PAG ist eine Formulierung auf Polypropylen (PO)-Glykolbasis, die sich ideal f\u00fcr den Einsatz mit leichten Kohlenwasserstoffgasen eignet.<\/p>\n<p>GPL PAG bietet im Vergleich zu Schmierstoffen auf Mineral- oder PAO-Basis eine h\u00f6here Betriebseffizienz, ausgezeichnete Schmierf\u00e4higkeit und geringere Verd\u00fcnnungsraten mit gasf\u00f6rmigen Kohlenwasserstoffen.<\/p>\n","protected":false},"featured_media":226485,"comment_status":"closed","ping_status":"closed","template":"","meta":[],"countries":[4674,4709,4756,4813,4831,4862],"product_brand":[],"product_cat":[9956,9938,9992,13126,13447],"product_tag":[],"class_list":{"0":"post-226469","1":"product","2":"type-product","3":"status-publish","4":"has-post-thumbnail","6":"countries-by","7":"countries-cu","8":"countries-ir","9":"countries-kp","10":"countries-ru","11":"countries-sy","12":"product_cat-energie","13":"product_cat-lebensmittel","14":"product_cat-weitere-industrie","15":"product_cat-kaeltetechnik","16":"product_cat-pag-de","17":"pa_packaging-kanister-20-l-de-174","18":"pa_packaging-5-l-kanister-de-35","19":"pa_packaging-fass-208-l-de-49","21":"first","22":"instock","23":"shipping-taxable","24":"purchasable","25":"product-type-variable"},"_links":{"self":[{"href":"https:\/\/climalife.com\/de\/wp-json\/wp\/v2\/product\/226469","targetHints":{"allow":["GET"]}}],"collection":[{"href":"https:\/\/climalife.com\/de\/wp-json\/wp\/v2\/product"}],"about":[{"href":"https:\/\/climalife.com\/de\/wp-json\/wp\/v2\/types\/product"}],"replies":[{"embeddable":true,"href":"https:\/\/climalife.com\/de\/wp-json\/wp\/v2\/comments?post=226469"}],"wp:featuredmedia":[{"embeddable":true,"href":"https:\/\/climalife.com\/de\/wp-json\/wp\/v2\/media\/226485"}],"wp:attachment":[{"href":"https:\/\/climalife.com\/de\/wp-json\/wp\/v2\/media?parent=226469"}],"wp:term":[{"taxonomy":"countries","embeddable":true,"href":"https:\/\/climalife.com\/de\/wp-json\/wp\/v2\/countries?post=226469"},{"taxonomy":"product_brand","embeddable":true,"href":"https:\/\/climalife.com\/de\/wp-json\/wp\/v2\/product_brand?post=226469"},{"taxonomy":"product_cat","embeddable":true,"href":"https:\/\/climalife.com\/de\/wp-json\/wp\/v2\/product_cat?post=226469"},{"taxonomy":"product_tag","embeddable":true,"href":"https:\/\/climalife.com\/de\/wp-json\/wp\/v2\/product_tag?post=226469"}],"curies":[{"name":"wp","href":"https:\/\/api.w.org\/{rel}","templated":true}]}}