{"id":226472,"date":"2025-07-11T11:26:41","date_gmt":"2025-07-11T11:26:41","guid":{"rendered":"https:\/\/climalife.com\/product\/next-gpl-pao-serie\/"},"modified":"2025-07-11T14:00:23","modified_gmt":"2025-07-11T14:00:23","slug":"next-gpl-pao-serie","status":"publish","type":"product","link":"https:\/\/climalife.com\/de\/product\/next-gpl-pao-serie\/","title":{"rendered":"NEXT GPL PAO Serie"},"content":{"rendered":"<p>Anwendungen:<\/p>\n<ul>\n<li>Hubkolbenkompressoren<\/li>\n<li>Schraubenkompressoren<\/li>\n<li>Zentrifugalkompressoren<\/li>\n<\/ul>\n<p>&nbsp;<\/p>\n<p>Erh\u00e4ltlich in:<\/p>\n<ul>\n<li>NEXT GPL PAO 100<\/li>\n<li>NEXT GPL PAO 150<\/li>\n<\/ul>\n<p>F\u00fcr andere Viskosit\u00e4tsklassen wenden Sie sich bitte an uns.<\/p>\n","protected":false},"excerpt":{"rendered":"<p>NEXT GPL PAO ist ein Schmiermittel f\u00fcr Gaskompressoren, das Polyalphaolefin und fortschrittliche Additive kombiniert. Diese Kombination gew\u00e4hrleistet ausgezeichnete Stabilit\u00e4t und Sauberkeit \u00fcber einen breiten Betriebsbereich.<\/p>\n<p>GPL PAO ist ideal f\u00fcr Anwendungen, die zu Kohlenstoff- und Lackablagerungen neigen. GPL PAO bietet au\u00dferdem eine bessere Stabilit\u00e4t und Wasserabscheidung als Ester- und PAG-Formulierungen, wenn es in Gasstr\u00f6men mit hohem Wassergehalt eingesetzt wird.<\/p>\n<p>GPL PAO hat einen hohen Viskosit\u00e4tsindex und einen sehr niedrigen Pourpoint, dadurch kann es in einem breiten Temperaturbereich eingesetzt werden.<\/p>\n","protected":false},"featured_media":226477,"comment_status":"closed","ping_status":"closed","template":"","meta":[],"countries":[4674,4709,4756,4813,4831,4862],"product_brand":[],"product_cat":[9947,9956,9992,13126,13456],"product_tag":[],"class_list":{"0":"post-226472","1":"product","2":"type-product","3":"status-publish","4":"has-post-thumbnail","6":"countries-by","7":"countries-cu","8":"countries-ir","9":"countries-kp","10":"countries-ru","11":"countries-sy","12":"product_cat-gebaeude","13":"product_cat-energie","14":"product_cat-weitere-industrie","15":"product_cat-kaeltetechnik","16":"product_cat-pao-de","17":"pa_packaging-kanister-20-l-de-36","18":"pa_packaging-fass-208-l-de-49","20":"first","21":"instock","22":"shipping-taxable","23":"purchasable","24":"product-type-variable"},"_links":{"self":[{"href":"https:\/\/climalife.com\/de\/wp-json\/wp\/v2\/product\/226472","targetHints":{"allow":["GET"]}}],"collection":[{"href":"https:\/\/climalife.com\/de\/wp-json\/wp\/v2\/product"}],"about":[{"href":"https:\/\/climalife.com\/de\/wp-json\/wp\/v2\/types\/product"}],"replies":[{"embeddable":true,"href":"https:\/\/climalife.com\/de\/wp-json\/wp\/v2\/comments?post=226472"}],"wp:featuredmedia":[{"embeddable":true,"href":"https:\/\/climalife.com\/de\/wp-json\/wp\/v2\/media\/226477"}],"wp:attachment":[{"href":"https:\/\/climalife.com\/de\/wp-json\/wp\/v2\/media?parent=226472"}],"wp:term":[{"taxonomy":"countries","embeddable":true,"href":"https:\/\/climalife.com\/de\/wp-json\/wp\/v2\/countries?post=226472"},{"taxonomy":"product_brand","embeddable":true,"href":"https:\/\/climalife.com\/de\/wp-json\/wp\/v2\/product_brand?post=226472"},{"taxonomy":"product_cat","embeddable":true,"href":"https:\/\/climalife.com\/de\/wp-json\/wp\/v2\/product_cat?post=226472"},{"taxonomy":"product_tag","embeddable":true,"href":"https:\/\/climalife.com\/de\/wp-json\/wp\/v2\/product_tag?post=226472"}],"curies":[{"name":"wp","href":"https:\/\/api.w.org\/{rel}","templated":true}]}}