{"id":226489,"date":"2025-07-11T11:47:30","date_gmt":"2025-07-11T11:47:30","guid":{"rendered":"https:\/\/climalife.com\/product\/next-gpl-min\/"},"modified":"2025-07-16T14:00:45","modified_gmt":"2025-07-16T14:00:45","slug":"next-gpl-min","status":"publish","type":"product","link":"https:\/\/climalife.com\/de\/product\/next-gpl-min\/","title":{"rendered":"NEXT GPL MIN"},"content":{"rendered":"<p>Anwendungen<\/p>\n<ul>\n<li>Kolbenkompressoren<\/li>\n<li>Schraubenkompressoren<\/li>\n<li>Gasturbinen<\/li>\n<\/ul>\n<p>Erh\u00e4ltlich in:<\/p>\n<ul>\n<li>NEXT GPL MIN 100<\/li>\n<\/ul>\n<p>F\u00fcr andere Viskosit\u00e4tsklassen wenden Sie sich bitte an uns.<\/p>\n","protected":false},"excerpt":{"rendered":"<p>NEXT GPL MIN ist ein Gasverdichter\u00f6l, das hydrobehandelte Mineral\u00f6le und fortschrittliche Additive kombiniert. GPL MIN kann sowohl in schweren als auch in leichten Kohlenwasserstoffgasen verwendet werden. Sein fortschrittliches Additivpaket erm\u00f6glicht auch den Einsatz in Gasstr\u00f6men, die reaktive Gase enthalten.<\/p>\n<p>GPL MIN bietet au\u00dferdem hervorragende Wasserabscheidungseigenschaften, wodurch das \u00d6l eine ausgezeichnete Wahl f\u00fcr Gasstr\u00f6me mit hohem Wassergehalt ist.<\/p>\n","protected":false},"featured_media":226490,"comment_status":"closed","ping_status":"closed","template":"","meta":[],"countries":[4674,4709,4756,4813,4831,4862],"product_brand":[],"product_cat":[9947,9956,13126,9346],"product_tag":[],"class_list":{"0":"post-226489","1":"product","2":"type-product","3":"status-publish","4":"has-post-thumbnail","6":"countries-by","7":"countries-cu","8":"countries-ir","9":"countries-kp","10":"countries-ru","11":"countries-sy","12":"product_cat-gebaeude","13":"product_cat-energie","14":"product_cat-kaeltetechnik","15":"product_cat-mineraloele","16":"pa_packaging-kanister-20-l-de-174","17":"pa_packaging-fass-208-l-de-49","19":"first","20":"instock","21":"shipping-taxable","22":"purchasable","23":"product-type-variable"},"_links":{"self":[{"href":"https:\/\/climalife.com\/de\/wp-json\/wp\/v2\/product\/226489","targetHints":{"allow":["GET"]}}],"collection":[{"href":"https:\/\/climalife.com\/de\/wp-json\/wp\/v2\/product"}],"about":[{"href":"https:\/\/climalife.com\/de\/wp-json\/wp\/v2\/types\/product"}],"replies":[{"embeddable":true,"href":"https:\/\/climalife.com\/de\/wp-json\/wp\/v2\/comments?post=226489"}],"wp:featuredmedia":[{"embeddable":true,"href":"https:\/\/climalife.com\/de\/wp-json\/wp\/v2\/media\/226490"}],"wp:attachment":[{"href":"https:\/\/climalife.com\/de\/wp-json\/wp\/v2\/media?parent=226489"}],"wp:term":[{"taxonomy":"countries","embeddable":true,"href":"https:\/\/climalife.com\/de\/wp-json\/wp\/v2\/countries?post=226489"},{"taxonomy":"product_brand","embeddable":true,"href":"https:\/\/climalife.com\/de\/wp-json\/wp\/v2\/product_brand?post=226489"},{"taxonomy":"product_cat","embeddable":true,"href":"https:\/\/climalife.com\/de\/wp-json\/wp\/v2\/product_cat?post=226489"},{"taxonomy":"product_tag","embeddable":true,"href":"https:\/\/climalife.com\/de\/wp-json\/wp\/v2\/product_tag?post=226489"}],"curies":[{"name":"wp","href":"https:\/\/api.w.org\/{rel}","templated":true}]}}