{"id":226492,"date":"2025-07-11T11:51:56","date_gmt":"2025-07-11T11:51:56","guid":{"rendered":"https:\/\/climalife.com\/product\/next-gpl-pao-fg\/"},"modified":"2025-07-21T09:00:18","modified_gmt":"2025-07-21T09:00:18","slug":"next-gpl-pao-fg","status":"publish","type":"product","link":"https:\/\/climalife.com\/de\/product\/next-gpl-pao-fg\/","title":{"rendered":"NEXT GPL PAO-FG"},"content":{"rendered":"<p>Anwendungen:<\/p>\n<ul>\n<li>Kolbenkompressoren<\/li>\n<li>Schraubenkompressoren<\/li>\n<li>Zentrifugalkompressoren<\/li>\n<\/ul>\n<p>Erh\u00e4ltlich in:<\/p>\n<ul>\n<li>NEXT GPL PAO-FG 68<\/li>\n<\/ul>\n<p>F\u00fcr andere Viskosit\u00e4tsklassen wenden Sie sich bitte an uns.<\/p>\n","protected":false},"excerpt":{"rendered":"<p>NEXT GPL PAO-FG ist ein f\u00fcr den Einsatz in der Lebensmittelindustrie geeignetes Gasdruckschmiermittel auf Polyalphaolefinbasis, das f\u00fcr den Einsatz in Anwendungen entwickelt wurde, bei denen ein unbeabsichtigter Kontakt mit Lebensmitteln m\u00f6glich ist.<\/p>\n<p>Ideal f\u00fcr CO<sub>2<\/sub>-Kompressionsanwendungen GPL PAO-FG hat einen extrem hohen Viskosit\u00e4tsindex und einen sehr niedrigen Pourpoint, wodurch es in einem breiten Temperaturbereich eingesetzt werden kann.<\/p>\n<p>GPL PAO-FG enth\u00e4lt au\u00dferdem robuste Additive, die vor Rost, Korrosion und Oxidation sch\u00fctzen. Dies sorgt f\u00fcr einen unverzichtbaren Schutz der Komponenten und gew\u00e4hrleistet eine lange Lebensdauer des \u00d6ls selbst unter rauen Betriebsbedingungen.<\/p>\n","protected":false},"featured_media":226493,"comment_status":"closed","ping_status":"closed","template":"","meta":[],"countries":[4674,4709,4756,4813,4831,4862],"product_brand":[],"product_cat":[9938,13126,13456],"product_tag":[],"class_list":{"0":"post-226492","1":"product","2":"type-product","3":"status-publish","4":"has-post-thumbnail","6":"countries-by","7":"countries-cu","8":"countries-ir","9":"countries-kp","10":"countries-ru","11":"countries-sy","12":"product_cat-lebensmittel","13":"product_cat-kaeltetechnik","14":"product_cat-pao-de","15":"pa_packaging-kanister-20-l-de-174","16":"pa_packaging-fass-208-l-de-49","18":"first","19":"instock","20":"shipping-taxable","21":"purchasable","22":"product-type-variable"},"_links":{"self":[{"href":"https:\/\/climalife.com\/de\/wp-json\/wp\/v2\/product\/226492","targetHints":{"allow":["GET"]}}],"collection":[{"href":"https:\/\/climalife.com\/de\/wp-json\/wp\/v2\/product"}],"about":[{"href":"https:\/\/climalife.com\/de\/wp-json\/wp\/v2\/types\/product"}],"replies":[{"embeddable":true,"href":"https:\/\/climalife.com\/de\/wp-json\/wp\/v2\/comments?post=226492"}],"wp:featuredmedia":[{"embeddable":true,"href":"https:\/\/climalife.com\/de\/wp-json\/wp\/v2\/media\/226493"}],"wp:attachment":[{"href":"https:\/\/climalife.com\/de\/wp-json\/wp\/v2\/media?parent=226492"}],"wp:term":[{"taxonomy":"countries","embeddable":true,"href":"https:\/\/climalife.com\/de\/wp-json\/wp\/v2\/countries?post=226492"},{"taxonomy":"product_brand","embeddable":true,"href":"https:\/\/climalife.com\/de\/wp-json\/wp\/v2\/product_brand?post=226492"},{"taxonomy":"product_cat","embeddable":true,"href":"https:\/\/climalife.com\/de\/wp-json\/wp\/v2\/product_cat?post=226492"},{"taxonomy":"product_tag","embeddable":true,"href":"https:\/\/climalife.com\/de\/wp-json\/wp\/v2\/product_tag?post=226492"}],"curies":[{"name":"wp","href":"https:\/\/api.w.org\/{rel}","templated":true}]}}