{"id":227094,"date":"2025-07-21T08:47:45","date_gmt":"2025-07-21T08:47:45","guid":{"rendered":"https:\/\/climalife.com\/product\/next-gpl-pag-eo\/"},"modified":"2025-07-21T08:58:13","modified_gmt":"2025-07-21T08:58:13","slug":"next-gpl-pag-eo","status":"publish","type":"product","link":"https:\/\/climalife.com\/de\/product\/next-gpl-pag-eo\/","title":{"rendered":"NEXT GPL PAG-EO"},"content":{"rendered":"<p>Anwendungen:<\/p>\n<ul>\n<li>Schraubenkompressoren<\/li>\n<li>Schraubenkompressoren<\/li>\n<li>Kohlenwasserstoff-Gaskompressoren<\/li>\n<li>Kohlenwasserstoff-W\u00e4rmepumpen und K\u00fchlsysteme<\/li>\n<\/ul>\n<p>Erh\u00e4ltlich in:<\/p>\n<ul>\n<li>NEXT GPL PAG-EO 32<\/li>\n<\/ul>\n<p>F\u00fcr andere Viskosit\u00e4tsklassen, fragen Sie uns.<\/p>\n","protected":false},"excerpt":{"rendered":"<p>NEXT GPL PAG-EO ist ein \u00d6l f\u00fcr Gaskompressoren auf der Basis von (PEG) Polyethylenglykol, das eine geringe Verd\u00fcnnung mit gasf\u00f6rmigen Kohlenwasserstoffen gew\u00e4hrleistet.<\/p>\n<p>LPG PAG-EO-\u00d6l weist praktisch keine Mischbarkeit mit Kohlenwasserstoffgasen auf und verringert den \u00d6lverlust in den nachgeschalteten Stufen.<\/p>\n","protected":false},"featured_media":227095,"comment_status":"closed","ping_status":"closed","template":"","meta":[],"countries":[4674,4709,4756,4813,4831,4862],"product_brand":[],"product_cat":[9956,9938,9992,13447],"product_tag":[],"class_list":{"0":"post-227094","1":"product","2":"type-product","3":"status-publish","4":"has-post-thumbnail","6":"countries-by","7":"countries-cu","8":"countries-ir","9":"countries-kp","10":"countries-ru","11":"countries-sy","12":"product_cat-energie","13":"product_cat-lebensmittel","14":"product_cat-weitere-industrie","15":"product_cat-pag-de","16":"pa_packaging-kanister-20-l-de-174","17":"pa_packaging-fass-208-l-de-49","19":"first","20":"instock","21":"shipping-taxable","22":"product-type-variable"},"_links":{"self":[{"href":"https:\/\/climalife.com\/de\/wp-json\/wp\/v2\/product\/227094","targetHints":{"allow":["GET"]}}],"collection":[{"href":"https:\/\/climalife.com\/de\/wp-json\/wp\/v2\/product"}],"about":[{"href":"https:\/\/climalife.com\/de\/wp-json\/wp\/v2\/types\/product"}],"replies":[{"embeddable":true,"href":"https:\/\/climalife.com\/de\/wp-json\/wp\/v2\/comments?post=227094"}],"wp:featuredmedia":[{"embeddable":true,"href":"https:\/\/climalife.com\/de\/wp-json\/wp\/v2\/media\/227095"}],"wp:attachment":[{"href":"https:\/\/climalife.com\/de\/wp-json\/wp\/v2\/media?parent=227094"}],"wp:term":[{"taxonomy":"countries","embeddable":true,"href":"https:\/\/climalife.com\/de\/wp-json\/wp\/v2\/countries?post=227094"},{"taxonomy":"product_brand","embeddable":true,"href":"https:\/\/climalife.com\/de\/wp-json\/wp\/v2\/product_brand?post=227094"},{"taxonomy":"product_cat","embeddable":true,"href":"https:\/\/climalife.com\/de\/wp-json\/wp\/v2\/product_cat?post=227094"},{"taxonomy":"product_tag","embeddable":true,"href":"https:\/\/climalife.com\/de\/wp-json\/wp\/v2\/product_tag?post=227094"}],"curies":[{"name":"wp","href":"https:\/\/api.w.org\/{rel}","templated":true}]}}