{"id":229155,"date":"2025-10-31T14:31:06","date_gmt":"2025-10-31T14:31:06","guid":{"rendered":"https:\/\/climalife.com\/product\/next-717-syn\/"},"modified":"2026-03-04T10:46:34","modified_gmt":"2026-03-04T10:46:34","slug":"next-717-syn","status":"publish","type":"product","link":"https:\/\/climalife.com\/de\/product\/next-717-syn\/","title":{"rendered":"NEXT 717-SYN"},"content":{"rendered":"<p>Anwendungen:<\/p>\n<ul>\n<li>Kolbenkompressoren<\/li>\n<li>Schraubenkompressoren<\/li>\n<li>In Anwendungen mit Betriebstemperaturen bis zu -57 \u00b0C<\/li>\n<\/ul>\n<p>Erh\u00e4ltlich in:<\/p>\n<ul>\n<li>NEXT 717-68-SYN<\/li>\n<\/ul>\n<p>&nbsp;<\/p>\n","protected":false},"excerpt":{"rendered":"<p>NEXT SYN 717-68 ist ein Kompressor\u00f6l auf Basis von Polyalphaolefinen (PAO), das speziell f\u00fcr den Einsatz in Ammoniak-K\u00e4lteanlagen bei extrem niedrigen Temperaturen entwickelt wurde. Dank der Verwendung hochstabiler PAO-Grund\u00f6le bietet SYN 717-68 eine deutlich geringere \u00d6l\u00fcbertragung im Vergleich zu Mineral\u00f6len sowie zu PAO\/AB-Gemische.<br \/>\nDiese Formulierung eignet sich besonders f\u00fcr Systeme, die unter niedrigen Temperaturen betrieben werden oder bei denen Schwierigkeiten mit dem \u00d6lr\u00fccklauf auftreten.<\/p>\n","protected":false},"featured_media":228157,"comment_status":"closed","ping_status":"closed","template":"","meta":[],"countries":[],"product_brand":[],"product_cat":[9956,9938,9992,13126,13456],"product_tag":[],"class_list":{"0":"post-229155","1":"product","2":"type-product","3":"status-publish","4":"has-post-thumbnail","6":"product_cat-energie","7":"product_cat-lebensmittel","8":"product_cat-weitere-industrie","9":"product_cat-kaeltetechnik","10":"product_cat-pao-de","11":"pa_packaging-fass-208-l-de-49","12":"pa_packaging-kanister-19-l-de-336","14":"first","15":"instock","16":"shipping-taxable","17":"purchasable","18":"product-type-variable"},"_links":{"self":[{"href":"https:\/\/climalife.com\/de\/wp-json\/wp\/v2\/product\/229155","targetHints":{"allow":["GET"]}}],"collection":[{"href":"https:\/\/climalife.com\/de\/wp-json\/wp\/v2\/product"}],"about":[{"href":"https:\/\/climalife.com\/de\/wp-json\/wp\/v2\/types\/product"}],"replies":[{"embeddable":true,"href":"https:\/\/climalife.com\/de\/wp-json\/wp\/v2\/comments?post=229155"}],"wp:featuredmedia":[{"embeddable":true,"href":"https:\/\/climalife.com\/de\/wp-json\/wp\/v2\/media\/228157"}],"wp:attachment":[{"href":"https:\/\/climalife.com\/de\/wp-json\/wp\/v2\/media?parent=229155"}],"wp:term":[{"taxonomy":"countries","embeddable":true,"href":"https:\/\/climalife.com\/de\/wp-json\/wp\/v2\/countries?post=229155"},{"taxonomy":"product_brand","embeddable":true,"href":"https:\/\/climalife.com\/de\/wp-json\/wp\/v2\/product_brand?post=229155"},{"taxonomy":"product_cat","embeddable":true,"href":"https:\/\/climalife.com\/de\/wp-json\/wp\/v2\/product_cat?post=229155"},{"taxonomy":"product_tag","embeddable":true,"href":"https:\/\/climalife.com\/de\/wp-json\/wp\/v2\/product_tag?post=229155"}],"curies":[{"name":"wp","href":"https:\/\/api.w.org\/{rel}","templated":true}]}}