{"id":230435,"date":"2026-01-28T12:01:58","date_gmt":"2026-01-28T12:01:58","guid":{"rendered":"https:\/\/climalife.com\/product\/frionett-activ-n-rtu-spray-750ml\/"},"modified":"2026-02-23T15:10:18","modified_gmt":"2026-02-23T15:10:18","slug":"frionett-activ-n-rtu-spray-750ml","status":"publish","type":"product","link":"https:\/\/climalife.com\/de\/product\/frionett-activ-n-rtu-spray-750ml\/","title":{"rendered":"Frionett\u00ae Activ\u2019 N RTU Spray 750ml"},"content":{"rendered":"<p>Es reinigt, entfettet und beseitigt Bakterien, Hefen, Viren, Schmutz sowie unangenehme Ger\u00fcche.<br \/>\nBiozidprodukt. Zugelassen f\u00fcr die Verwendung und den Verkauf ausschlie\u00dflich in Frankreich, Deutschland, der Schweiz, Ungarn sowie au\u00dferhalb Europas.<\/p>\n","protected":false},"excerpt":{"rendered":"<p>Frionett<sup>\u00ae<\/sup> Activ\u2019 N ist eine Produktreihe von fettl\u00f6sendem Desinfektions-, und Reiningungsmittel mit Geruchsneutralisator f\u00fcr Ausr\u00fcstungen von K\u00e4lte- und Klimaanlagen wie Verdampfer, Ventilatoren und Geh\u00e4use.<\/p>\n<p>Die Desinfektionsformel wurde speziell f\u00fcr die wirksame Bek\u00e4mpfung von Bakterien, Hefen und Viren entwickelt.<\/p>\n<p>Frionett<sup>\u00ae<\/sup> Activ\u2019 N RTU ist ein gebrauchsfertiges fettl\u00f6sendes Desinfektions-, und Reiningungsmittel mit Geruchsneutralisator f\u00fcr die Wartung von K\u00e4lte- und Klimaanlagen (insbesondere f\u00fcr W\u00e4rmetauscher, Verdampfer und K\u00fchlm\u00f6bel in Superm\u00e4rkten).<\/p>\n","protected":false},"featured_media":230465,"comment_status":"closed","ping_status":"closed","template":"","meta":[],"countries":[4652,4657,4660,4668,4674,4675,4681,4683,4688,4708,4709,4710,4711,4713,4722,4725,4727,4730,4731,4732,4739,4740,4753,4756,4758,4760,9125,4770,4775,4776,4777,4779,4785,4794,4796,4804,4813,4815,4826,4827,4893,4831,4839,4843,4847,4848,4854,4858,4860,4862,4873,4880,4886],"product_brand":[],"product_cat":[9947,9938,9992,13057,13092,13126,9562],"product_tag":[],"class_list":{"0":"post-230435","1":"product","2":"type-product","3":"status-publish","4":"has-post-thumbnail","6":"countries-al","7":"countries-ad","8":"countries-aq","9":"countries-at","10":"countries-by","11":"countries-be","12":"countries-ba","13":"countries-bv","14":"countries-bg","15":"countries-hr","16":"countries-cu","17":"countries-cy","18":"countries-cz","19":"countries-dk","20":"countries-ee","21":"countries-fo","22":"countries-fi","23":"countries-gn","24":"countries-pf","25":"countries-tf","26":"countries-gr","27":"countries-gl","28":"countries-is","29":"countries-ir","30":"countries-ie","31":"countries-it","32":"countries-xk","33":"countries-lv","34":"countries-li","35":"countries-lt","36":"countries-lu","37":"countries-mk","38":"countries-mt","39":"countries-mc","40":"countries-me","41":"countries-nl","42":"countries-kp","43":"countries-no","44":"countries-pl","45":"countries-pt","46":"countries-ro","47":"countries-ru","48":"countries-sm","49":"countries-rs","50":"countries-sk","51":"countries-si","52":"countries-es","53":"countries-sj","54":"countries-se","55":"countries-sy","56":"countries-tr","57":"countries-gb","58":"countries-va","59":"product_cat-gebaeude","60":"product_cat-lebensmittel","61":"product_cat-weitere-industrie","62":"product_cat-klimatechnik","63":"product_cat-heizung","64":"product_cat-kaeltetechnik","65":"product_cat-externe-reinigung-der-thermischen-anlagen","66":"pa_packaging-spray-750-ml-de-206","68":"first","69":"instock","70":"shipping-taxable","71":"purchasable","72":"product-type-variable"},"_links":{"self":[{"href":"https:\/\/climalife.com\/de\/wp-json\/wp\/v2\/product\/230435","targetHints":{"allow":["GET"]}}],"collection":[{"href":"https:\/\/climalife.com\/de\/wp-json\/wp\/v2\/product"}],"about":[{"href":"https:\/\/climalife.com\/de\/wp-json\/wp\/v2\/types\/product"}],"replies":[{"embeddable":true,"href":"https:\/\/climalife.com\/de\/wp-json\/wp\/v2\/comments?post=230435"}],"wp:featuredmedia":[{"embeddable":true,"href":"https:\/\/climalife.com\/de\/wp-json\/wp\/v2\/media\/230465"}],"wp:attachment":[{"href":"https:\/\/climalife.com\/de\/wp-json\/wp\/v2\/media?parent=230435"}],"wp:term":[{"taxonomy":"countries","embeddable":true,"href":"https:\/\/climalife.com\/de\/wp-json\/wp\/v2\/countries?post=230435"},{"taxonomy":"product_brand","embeddable":true,"href":"https:\/\/climalife.com\/de\/wp-json\/wp\/v2\/product_brand?post=230435"},{"taxonomy":"product_cat","embeddable":true,"href":"https:\/\/climalife.com\/de\/wp-json\/wp\/v2\/product_cat?post=230435"},{"taxonomy":"product_tag","embeddable":true,"href":"https:\/\/climalife.com\/de\/wp-json\/wp\/v2\/product_tag?post=230435"}],"curies":[{"name":"wp","href":"https:\/\/api.w.org\/{rel}","templated":true}]}}