{"id":230479,"date":"2026-01-28T14:42:01","date_gmt":"2026-01-28T14:42:01","guid":{"rendered":"https:\/\/climalife.com\/product\/frionett-activ-n-concentrate-5l\/"},"modified":"2026-02-12T17:17:24","modified_gmt":"2026-02-12T17:17:24","slug":"frionett-activ-n-concentrate-5l","status":"publish","type":"product","link":"https:\/\/climalife.com\/de\/product\/frionett-activ-n-concentrate-5l\/","title":{"rendered":"Frionett\u00ae Activ\u2019 N Concentrate 5L"},"content":{"rendered":"<p>Biozidprodukt. Zugelassen f\u00fcr die Verwendung und den Verkauf ausschlie\u00dflich in Frankreich, Deutschland, der Schweiz, Ungarn sowie au\u00dferhalb Europas.<\/p>\n","protected":false},"excerpt":{"rendered":"<p>Frionett\u00ae Activ\u2019 N ist eine Produktreihe von fettl\u00f6sendem Desinfektions-, und Reiningungsmittel mit Geruchsneutralisator f\u00fcr Ausr\u00fcstungen von K\u00e4lte- und Klimaanlagen wie Verdampfer, Ventilatoren und Geh\u00e4use.<\/p>\n<p>Die desinfizierende Formel ist speziell f\u00fcr die wirksame Behandlung von W\u00e4rmetauschern gegen Bakterien, Hefen und Viren geeignet.<\/p>\n<p>Frionett\u00ae  Activ\u2019 N 5 L wird verd\u00fcnnt zur Wartung von K\u00e4lte- und Klimaanlagen (insbesondere f\u00fcr Verdampfer und K\u00fchlm\u00f6bel in Superm\u00e4rkten) verwendet. Es reinigt, entfettet und beseitigt Bakterien, Hefen, Viren, Schmutz und schlechte Ger\u00fcche.<\/p>\n","protected":false},"featured_media":230434,"comment_status":"closed","ping_status":"closed","template":"","meta":[],"countries":[],"product_brand":[],"product_cat":[9562,9947,13092,13126,13057,9938,9992],"product_tag":[],"class_list":{"0":"post-230479","1":"product","2":"type-product","3":"status-publish","4":"has-post-thumbnail","6":"product_cat-externe-reinigung-der-thermischen-anlagen","7":"product_cat-gebaeude","8":"product_cat-heizung","9":"product_cat-kaeltetechnik","10":"product_cat-klimatechnik","11":"product_cat-lebensmittel","12":"product_cat-weitere-industrie","13":"pa_packaging-5-l-kanister-de-35","15":"first","16":"instock","17":"shipping-taxable","18":"purchasable","19":"product-type-variable"},"_links":{"self":[{"href":"https:\/\/climalife.com\/de\/wp-json\/wp\/v2\/product\/230479","targetHints":{"allow":["GET"]}}],"collection":[{"href":"https:\/\/climalife.com\/de\/wp-json\/wp\/v2\/product"}],"about":[{"href":"https:\/\/climalife.com\/de\/wp-json\/wp\/v2\/types\/product"}],"replies":[{"embeddable":true,"href":"https:\/\/climalife.com\/de\/wp-json\/wp\/v2\/comments?post=230479"}],"wp:featuredmedia":[{"embeddable":true,"href":"https:\/\/climalife.com\/de\/wp-json\/wp\/v2\/media\/230434"}],"wp:attachment":[{"href":"https:\/\/climalife.com\/de\/wp-json\/wp\/v2\/media?parent=230479"}],"wp:term":[{"taxonomy":"countries","embeddable":true,"href":"https:\/\/climalife.com\/de\/wp-json\/wp\/v2\/countries?post=230479"},{"taxonomy":"product_brand","embeddable":true,"href":"https:\/\/climalife.com\/de\/wp-json\/wp\/v2\/product_brand?post=230479"},{"taxonomy":"product_cat","embeddable":true,"href":"https:\/\/climalife.com\/de\/wp-json\/wp\/v2\/product_cat?post=230479"},{"taxonomy":"product_tag","embeddable":true,"href":"https:\/\/climalife.com\/de\/wp-json\/wp\/v2\/product_tag?post=230479"}],"curies":[{"name":"wp","href":"https:\/\/api.w.org\/{rel}","templated":true}]}}