{"id":230715,"date":"2026-02-12T17:20:55","date_gmt":"2026-02-12T17:20:55","guid":{"rendered":"https:\/\/climalife.com\/product\/next-744-poe\/"},"modified":"2026-02-13T08:33:21","modified_gmt":"2026-02-13T08:33:21","slug":"next-744-poe","status":"publish","type":"product","link":"https:\/\/climalife.com\/de\/product\/next-744-poe\/","title":{"rendered":"NEXT 744-POE"},"content":{"rendered":"<p>NEXT 744-POE kombiniert synthetische Ester mit einem fortschrittlichen Additivpaket gegen Verschlei\u00df, um einen hohen Schutz zu bieten. Dies ist in CO\u2082-K\u00fchlsystemen aufgrund der dort herrschenden extremen Dr\u00fccke und Temperaturen unerl\u00e4sslich.<\/p>\n","protected":false},"excerpt":{"rendered":"<p>NEXT 744-POE wurde speziell f\u00fcr den Einsatz in K\u00e4ltesystemen mit CO\u2082 entwickelt.<\/p>\n","protected":false},"featured_media":230415,"comment_status":"closed","ping_status":"closed","template":"","meta":[],"countries":[],"product_brand":[],"product_cat":[9956,9938,9992,13420],"product_tag":[],"class_list":{"0":"post-230715","1":"product","2":"type-product","3":"status-publish","4":"has-post-thumbnail","6":"product_cat-energie","7":"product_cat-lebensmittel","8":"product_cat-weitere-industrie","9":"product_cat-poe-de","10":"pa_packaging-5-l-kanister-de-35","11":"pa_packaging-kanister-1-l-de-63","13":"first","14":"instock","15":"shipping-taxable","16":"purchasable","17":"product-type-variable"},"_links":{"self":[{"href":"https:\/\/climalife.com\/de\/wp-json\/wp\/v2\/product\/230715","targetHints":{"allow":["GET"]}}],"collection":[{"href":"https:\/\/climalife.com\/de\/wp-json\/wp\/v2\/product"}],"about":[{"href":"https:\/\/climalife.com\/de\/wp-json\/wp\/v2\/types\/product"}],"replies":[{"embeddable":true,"href":"https:\/\/climalife.com\/de\/wp-json\/wp\/v2\/comments?post=230715"}],"wp:featuredmedia":[{"embeddable":true,"href":"https:\/\/climalife.com\/de\/wp-json\/wp\/v2\/media\/230415"}],"wp:attachment":[{"href":"https:\/\/climalife.com\/de\/wp-json\/wp\/v2\/media?parent=230715"}],"wp:term":[{"taxonomy":"countries","embeddable":true,"href":"https:\/\/climalife.com\/de\/wp-json\/wp\/v2\/countries?post=230715"},{"taxonomy":"product_brand","embeddable":true,"href":"https:\/\/climalife.com\/de\/wp-json\/wp\/v2\/product_brand?post=230715"},{"taxonomy":"product_cat","embeddable":true,"href":"https:\/\/climalife.com\/de\/wp-json\/wp\/v2\/product_cat?post=230715"},{"taxonomy":"product_tag","embeddable":true,"href":"https:\/\/climalife.com\/de\/wp-json\/wp\/v2\/product_tag?post=230715"}],"curies":[{"name":"wp","href":"https:\/\/api.w.org\/{rel}","templated":true}]}}