{"id":230716,"date":"2026-02-12T17:24:13","date_gmt":"2026-02-12T17:24:13","guid":{"rendered":"https:\/\/climalife.com\/product\/next-744-pag\/"},"modified":"2026-02-13T08:31:22","modified_gmt":"2026-02-13T08:31:22","slug":"next-744-pag","status":"publish","type":"product","link":"https:\/\/climalife.com\/de\/product\/next-744-pag\/","title":{"rendered":"NEXT 744-PAG"},"content":{"rendered":"<p>NEXT 744-PAG enth\u00e4lt fortschrittliche Verschlei\u00dfschutz- und Korrosionsschutzadditive, um eine hervorragende Leistung in transkritischen und subkritischen CO\u2082-K\u00e4lteanlagen zu gew\u00e4hrleisten.<\/p>\n","protected":false},"excerpt":{"rendered":"<p>NEXT 744-PAG ist ein \u00d6l auf Polyalkylenglykolbasis (PAG), das f\u00fcr eine au\u00dfergew\u00f6hnliche Leistung in gewerblichen und industriellen K\u00e4lteanlagen entwickelt wurde. NEXT 744-PAG eignet sich ideal f\u00fcr den Einsatz mit Kohlendioxid (CO\u2082).<\/p>\n","protected":false},"featured_media":230400,"comment_status":"closed","ping_status":"closed","template":"","meta":[],"countries":[],"product_brand":[],"product_cat":[9956,9938,13447,9992],"product_tag":[],"class_list":{"0":"post-230716","1":"product","2":"type-product","3":"status-publish","4":"has-post-thumbnail","6":"product_cat-energie","7":"product_cat-lebensmittel","8":"product_cat-pag-de","9":"product_cat-weitere-industrie","10":"pa_packaging-5-l-kanister-de-35","11":"pa_packaging-kanister-1-l-de-63","13":"first","14":"instock","15":"shipping-taxable","16":"purchasable","17":"product-type-variable"},"_links":{"self":[{"href":"https:\/\/climalife.com\/de\/wp-json\/wp\/v2\/product\/230716","targetHints":{"allow":["GET"]}}],"collection":[{"href":"https:\/\/climalife.com\/de\/wp-json\/wp\/v2\/product"}],"about":[{"href":"https:\/\/climalife.com\/de\/wp-json\/wp\/v2\/types\/product"}],"replies":[{"embeddable":true,"href":"https:\/\/climalife.com\/de\/wp-json\/wp\/v2\/comments?post=230716"}],"wp:featuredmedia":[{"embeddable":true,"href":"https:\/\/climalife.com\/de\/wp-json\/wp\/v2\/media\/230400"}],"wp:attachment":[{"href":"https:\/\/climalife.com\/de\/wp-json\/wp\/v2\/media?parent=230716"}],"wp:term":[{"taxonomy":"countries","embeddable":true,"href":"https:\/\/climalife.com\/de\/wp-json\/wp\/v2\/countries?post=230716"},{"taxonomy":"product_brand","embeddable":true,"href":"https:\/\/climalife.com\/de\/wp-json\/wp\/v2\/product_brand?post=230716"},{"taxonomy":"product_cat","embeddable":true,"href":"https:\/\/climalife.com\/de\/wp-json\/wp\/v2\/product_cat?post=230716"},{"taxonomy":"product_tag","embeddable":true,"href":"https:\/\/climalife.com\/de\/wp-json\/wp\/v2\/product_tag?post=230716"}],"curies":[{"name":"wp","href":"https:\/\/api.w.org\/{rel}","templated":true}]}}