{"id":230900,"date":"2026-02-24T14:47:21","date_gmt":"2026-02-24T14:47:21","guid":{"rendered":"https:\/\/climalife.com\/?post_type=product&#038;p=230900"},"modified":"2026-02-25T13:59:52","modified_gmt":"2026-02-25T13:59:52","slug":"frionett-activ-n-foam","status":"publish","type":"product","link":"https:\/\/climalife.com\/de\/product\/frionett-activ-n-foam\/","title":{"rendered":"Frionett\u00ae Activ\u2019 N Foam"},"content":{"rendered":"<p>Biozidprodukt. Zugelassen f\u00fcr die Verwendung und den Verkauf ausschlie\u00dflich in Deutschland sowie au\u00dferhalb Europas.<\/p>\n","protected":false},"excerpt":{"rendered":"<p>Frionett<sup>\u00ae<\/sup> Activ\u2019 N Foam ist ein gebrauchsfertiger, parf\u00fcmierter, aktiver Desinfektionsschaum, der auf Oberfl\u00e4chen haftet und zur Reinigung von K\u00e4lte- und Klimaanlagen wie kleinen Verdampfern oder kleinen Innenger\u00e4ten von Klimaanlagen eingesetzt wird. Er reinigt, entfettet und beseitigt Bakterien, Hefen, Viren, Schmutz sowie unangenehme Ger\u00fcche.<\/p>\n<p>Die Produktreihe Frionett<sup>\u00ae<\/sup> Activ\u2019 N umfasst Reinigungs\u2011, Desinfektions\u2011, Entfettungs\u2011 und Deodorierungsprodukte f\u00fcr K\u00e4lte- und Klimaanlagen wie Verdampfer, Ventilatoren und Geh\u00e4use. Die desinfizierende Formulierung wurde speziell f\u00fcr eine wirksame Behandlung gegen Bakterien, Hefen und Viren entwickelt.<\/p>\n","protected":false},"featured_media":230476,"comment_status":"closed","ping_status":"closed","template":"","meta":[],"countries":[4668,4674,4675,4709,4713,4727,4728,4729,4730,4731,4732,4739,4756,4760,4777,4804,4813,4815,4893,4831,4854,4860,4862],"product_brand":[],"product_cat":[9947,9938,9992,13057,13092,13126,9562],"product_tag":[],"class_list":{"0":"post-230900","1":"product","2":"type-product","3":"status-publish","4":"has-post-thumbnail","6":"countries-at","7":"countries-by","8":"countries-be","9":"countries-cu","10":"countries-dk","11":"countries-fi","12":"countries-fr","13":"countries-fr-gf-gp-mq-yt-re","14":"countries-gn","15":"countries-pf","16":"countries-tf","17":"countries-gr","18":"countries-ir","19":"countries-it","20":"countries-lu","21":"countries-nl","22":"countries-kp","23":"countries-no","24":"countries-ro","25":"countries-ru","26":"countries-es","27":"countries-se","28":"countries-sy","29":"product_cat-gebaeude","30":"product_cat-lebensmittel","31":"product_cat-weitere-industrie","32":"product_cat-klimatechnik","33":"product_cat-heizung","34":"product_cat-kaeltetechnik","35":"product_cat-externe-reinigung-der-thermischen-anlagen","36":"pa_packaging-aerosol-500-ml-de-208","38":"first","39":"instock","40":"shipping-taxable","41":"purchasable","42":"product-type-variable"},"_links":{"self":[{"href":"https:\/\/climalife.com\/de\/wp-json\/wp\/v2\/product\/230900","targetHints":{"allow":["GET"]}}],"collection":[{"href":"https:\/\/climalife.com\/de\/wp-json\/wp\/v2\/product"}],"about":[{"href":"https:\/\/climalife.com\/de\/wp-json\/wp\/v2\/types\/product"}],"replies":[{"embeddable":true,"href":"https:\/\/climalife.com\/de\/wp-json\/wp\/v2\/comments?post=230900"}],"wp:featuredmedia":[{"embeddable":true,"href":"https:\/\/climalife.com\/de\/wp-json\/wp\/v2\/media\/230476"}],"wp:attachment":[{"href":"https:\/\/climalife.com\/de\/wp-json\/wp\/v2\/media?parent=230900"}],"wp:term":[{"taxonomy":"countries","embeddable":true,"href":"https:\/\/climalife.com\/de\/wp-json\/wp\/v2\/countries?post=230900"},{"taxonomy":"product_brand","embeddable":true,"href":"https:\/\/climalife.com\/de\/wp-json\/wp\/v2\/product_brand?post=230900"},{"taxonomy":"product_cat","embeddable":true,"href":"https:\/\/climalife.com\/de\/wp-json\/wp\/v2\/product_cat?post=230900"},{"taxonomy":"product_tag","embeddable":true,"href":"https:\/\/climalife.com\/de\/wp-json\/wp\/v2\/product_tag?post=230900"}],"curies":[{"name":"wp","href":"https:\/\/api.w.org\/{rel}","templated":true}]}}