{"id":231241,"date":"2026-03-04T16:26:48","date_gmt":"2026-03-04T16:26:48","guid":{"rendered":"https:\/\/climalife.com\/product\/novexpans-cyclopentan-isopentan-85-15\/"},"modified":"2026-03-05T16:26:39","modified_gmt":"2026-03-05T16:26:39","slug":"novexpans-cyclopentan-isopentan-85-15","status":"publish","type":"product","link":"https:\/\/climalife.com\/de\/product\/novexpans-cyclopentan-isopentan-85-15\/","title":{"rendered":"Novexpans Cyclopentan\/Isopentan (85\/15)"},"content":{"rendered":"<div>Die Einstufung H225 ist ein Vorteil bei der Einhaltung der gesetzlichen Vorschriften zur Lagerung von entz\u00fcndlichen Produkten.<\/div>\n","protected":false},"excerpt":{"rendered":"<p>NOVEXPANS\u2122 Cyclopentan\/Isopentan (85\/15) ist eine Mischung aus Cyclopentan und Isopentan mit garantierten Spezifikationen, die als Treibmittel f\u00fcr die Expansion von starren Polyurethansch\u00e4umen verwendet wird. Diese Mischung stellt den idealen Kompromiss zwischen der mechanischen Festigkeit und der W\u00e4rmebest\u00e4ndigkeit des resultierenden Schaums dar.<\/p>\n","protected":false},"featured_media":228067,"comment_status":"closed","ping_status":"closed","template":"","meta":[],"countries":[],"product_brand":[],"product_cat":[9947,9992,13101,9511],"product_tag":[],"class_list":{"0":"post-231241","1":"product","2":"type-product","3":"status-publish","4":"has-post-thumbnail","6":"product_cat-gebaeude","7":"product_cat-weitere-industrie","8":"product_cat-daemmung","9":"product_cat-kohlenwasserstoffe","10":"pa_packaging-container-930-l-de-76","11":"pa_packaging-fass-217-l-de-30","12":"pa_packaging-lose-ware-de-168","14":"first","15":"instock","16":"shipping-taxable","17":"purchasable","18":"product-type-variable"},"_links":{"self":[{"href":"https:\/\/climalife.com\/de\/wp-json\/wp\/v2\/product\/231241","targetHints":{"allow":["GET"]}}],"collection":[{"href":"https:\/\/climalife.com\/de\/wp-json\/wp\/v2\/product"}],"about":[{"href":"https:\/\/climalife.com\/de\/wp-json\/wp\/v2\/types\/product"}],"replies":[{"embeddable":true,"href":"https:\/\/climalife.com\/de\/wp-json\/wp\/v2\/comments?post=231241"}],"wp:featuredmedia":[{"embeddable":true,"href":"https:\/\/climalife.com\/de\/wp-json\/wp\/v2\/media\/228067"}],"wp:attachment":[{"href":"https:\/\/climalife.com\/de\/wp-json\/wp\/v2\/media?parent=231241"}],"wp:term":[{"taxonomy":"countries","embeddable":true,"href":"https:\/\/climalife.com\/de\/wp-json\/wp\/v2\/countries?post=231241"},{"taxonomy":"product_brand","embeddable":true,"href":"https:\/\/climalife.com\/de\/wp-json\/wp\/v2\/product_brand?post=231241"},{"taxonomy":"product_cat","embeddable":true,"href":"https:\/\/climalife.com\/de\/wp-json\/wp\/v2\/product_cat?post=231241"},{"taxonomy":"product_tag","embeddable":true,"href":"https:\/\/climalife.com\/de\/wp-json\/wp\/v2\/product_tag?post=231241"}],"curies":[{"name":"wp","href":"https:\/\/api.w.org\/{rel}","templated":true}]}}