{"id":231698,"date":"2026-04-07T16:49:57","date_gmt":"2026-04-07T16:49:57","guid":{"rendered":"https:\/\/climalife.com\/product\/g3-als-alternative-zu-sf6\/"},"modified":"2026-04-08T06:57:49","modified_gmt":"2026-04-08T06:57:49","slug":"g3-als-alternative-zu-sf6","status":"publish","type":"product","link":"https:\/\/climalife.com\/de\/product\/g3-als-alternative-zu-sf6\/","title":{"rendered":"g3 als Alternative zu SF6"},"content":{"rendered":"<p>Das Gasgemisch g<sup>3<\/sup> ist in vier Varianten erh\u00e4ltlich. Beachten Sie bei der Auswahl die Empfehlungen des Ger\u00e4teherstellers:<\/p>\n<ul>\n<li>g<sup>3<\/sup>-C4-FN-40-00<\/li>\n<li>g<sup>3<\/sup>-C4-FN-60-05<\/li>\n<li>g<sup>3<\/sup>-C4-FN-35-13<\/li>\n<li>g<sup>3<\/sup>-C4-FN-50-13<\/li>\n<\/ul>\n","protected":false},"excerpt":{"rendered":"<p>g<sup>3<\/sup> ist eine von GE Vernova entwickelte und patentierte Alternative zu SF<sub>6 <\/sub> f\u00fcr elektrische Schaltanlagen. Es handelt sich um ein Gemisch aus CO<sub>2<\/sub>, O<sub>2<\/sub> und einem Additiv, C<sub>4<\/sub>F<sub>7<\/sub>N, das von Climalife nach den Vorgaben von GE Vernova hergestellt wird. Das Gasgemisch g<sup>3<\/sup> reduziert die Auswirkungen des Gases auf die globale Erw\u00e4rmung um 99 % im Vergleich zu SF<sub>6<\/sub>, was zu einer erheblichen Verringerung der Treibhausgasemissionen f\u00fchrt. Diese neue Isolier- und Schaltl\u00f6sung eignet sich f\u00fcr die Entwicklung einer neuen Generation von metallgekapselten Hoch- und H\u00f6chstspannungsschaltanlagen. Anlagen, die g<sup>3<\/sup> verwenden, behalten die gleichen Ma\u00dfe und die gleiche Leistung bei wie solche, die mit SF<sub>6<\/sub> arbeiten.<\/p>\n","protected":false},"featured_media":231022,"comment_status":"closed","ping_status":"closed","template":"","meta":[],"countries":[4674,4709,4756,4831,4853,4862],"product_brand":[],"product_cat":[9222,9956,9992,13066,9386],"product_tag":[],"class_list":{"0":"post-231698","1":"product","2":"type-product","3":"status-publish","4":"has-post-thumbnail","6":"countries-by","7":"countries-cu","8":"countries-ir","9":"countries-ru","10":"countries-kr","11":"countries-sy","12":"product_cat-branchen","13":"product_cat-energie","14":"product_cat-weitere-industrie","15":"product_cat-dielektrischer-schutz-sf6","16":"product_cat-schutzgas","17":"pa_packaging-b50-de-266","19":"first","20":"instock","21":"shipping-taxable","22":"purchasable","23":"product-type-variable"},"_links":{"self":[{"href":"https:\/\/climalife.com\/de\/wp-json\/wp\/v2\/product\/231698","targetHints":{"allow":["GET"]}}],"collection":[{"href":"https:\/\/climalife.com\/de\/wp-json\/wp\/v2\/product"}],"about":[{"href":"https:\/\/climalife.com\/de\/wp-json\/wp\/v2\/types\/product"}],"replies":[{"embeddable":true,"href":"https:\/\/climalife.com\/de\/wp-json\/wp\/v2\/comments?post=231698"}],"wp:featuredmedia":[{"embeddable":true,"href":"https:\/\/climalife.com\/de\/wp-json\/wp\/v2\/media\/231022"}],"wp:attachment":[{"href":"https:\/\/climalife.com\/de\/wp-json\/wp\/v2\/media?parent=231698"}],"wp:term":[{"taxonomy":"countries","embeddable":true,"href":"https:\/\/climalife.com\/de\/wp-json\/wp\/v2\/countries?post=231698"},{"taxonomy":"product_brand","embeddable":true,"href":"https:\/\/climalife.com\/de\/wp-json\/wp\/v2\/product_brand?post=231698"},{"taxonomy":"product_cat","embeddable":true,"href":"https:\/\/climalife.com\/de\/wp-json\/wp\/v2\/product_cat?post=231698"},{"taxonomy":"product_tag","embeddable":true,"href":"https:\/\/climalife.com\/de\/wp-json\/wp\/v2\/product_tag?post=231698"}],"curies":[{"name":"wp","href":"https:\/\/api.w.org\/{rel}","templated":true}]}}