{"id":157150,"date":"2022-09-28T16:44:28","date_gmt":"2022-09-28T16:44:28","guid":{"rendered":"http:\/\/climalife.com\/product\/acitest-unipro-ww\/"},"modified":"2024-01-25T13:53:42","modified_gmt":"2024-01-25T13:53:42","slug":"analisis-aceite-acitest","status":"publish","type":"product","link":"https:\/\/climalife.com\/es\/product\/analisis-aceite-acitest\/","title":{"rendered":"Acitest Unipro WW"},"content":{"rendered":"<p>Da una indicaci\u00f3n de su estado: bueno, al l\u00edmite, \u00e1cido.<\/p>\n<p>Esta prueba de acidez proporciona un diagn\u00f3stico r\u00e1pido que aumenta la seguridad y la productividad de la planta al reducir el riesgo de roturas y posibles fallos debidos a la acidez del aceite.<\/p>\n<p>&nbsp;<\/p>\n","protected":false},"excerpt":{"rendered":"<p>Desarrollado por Climalife, Acitest Unipro WW permite comprobar instant\u00e1neamente el nivel de acidez de un aceite refrigerante aditivado y no aditivado, sea cual sea su naturaleza.<\/p>\n","protected":false},"featured_media":132165,"comment_status":"open","ping_status":"closed","template":"","meta":[],"countries":[4674,4709,4756,4813,4831,4862],"product_brand":[],"product_cat":[9984,9979,9952,9943,9970,9997,13058,13093,13127,9368],"product_tag":[],"class_list":{"0":"post-157150","1":"product","2":"type-product","3":"status-publish","4":"has-post-thumbnail","6":"countries-by","7":"countries-cu","8":"countries-ir","9":"countries-kp","10":"countries-ru","11":"countries-sy","12":"product_cat-aeronautica-aeroespacial-defensa","13":"product_cat-automocion-transporte","14":"product_cat-construccion","15":"product_cat-alimentacion","16":"product_cat-salud-bienestar","17":"product_cat-otros-sectores","18":"product_cat-climatizacion","19":"product_cat-calefaccion","20":"product_cat-refrigeracion","21":"product_cat-analisis-de-aceites","22":"pa_packaging-caja-de-6-es-1","24":"first","25":"instock","26":"shipping-taxable","27":"purchasable","28":"product-type-variable"},"_links":{"self":[{"href":"https:\/\/climalife.com\/es\/wp-json\/wp\/v2\/product\/157150","targetHints":{"allow":["GET"]}}],"collection":[{"href":"https:\/\/climalife.com\/es\/wp-json\/wp\/v2\/product"}],"about":[{"href":"https:\/\/climalife.com\/es\/wp-json\/wp\/v2\/types\/product"}],"replies":[{"embeddable":true,"href":"https:\/\/climalife.com\/es\/wp-json\/wp\/v2\/comments?post=157150"}],"wp:featuredmedia":[{"embeddable":true,"href":"https:\/\/climalife.com\/es\/wp-json\/wp\/v2\/media\/132165"}],"wp:attachment":[{"href":"https:\/\/climalife.com\/es\/wp-json\/wp\/v2\/media?parent=157150"}],"wp:term":[{"taxonomy":"countries","embeddable":true,"href":"https:\/\/climalife.com\/es\/wp-json\/wp\/v2\/countries?post=157150"},{"taxonomy":"product_brand","embeddable":true,"href":"https:\/\/climalife.com\/es\/wp-json\/wp\/v2\/product_brand?post=157150"},{"taxonomy":"product_cat","embeddable":true,"href":"https:\/\/climalife.com\/es\/wp-json\/wp\/v2\/product_cat?post=157150"},{"taxonomy":"product_tag","embeddable":true,"href":"https:\/\/climalife.com\/es\/wp-json\/wp\/v2\/product_tag?post=157150"}],"curies":[{"name":"wp","href":"https:\/\/api.w.org\/{rel}","templated":true}]}}