{"id":157159,"date":"2022-09-28T16:44:33","date_gmt":"2022-09-28T16:44:33","guid":{"rendered":"http:\/\/climalife.com\/product\/mobil-eal-arctic-y-shc-gargoyle\/"},"modified":"2024-09-05T09:37:42","modified_gmt":"2024-09-05T09:37:42","slug":"mobil-eal-arctic-gama","status":"publish","type":"product","link":"https:\/\/climalife.com\/es\/product\/mobil-eal-arctic-gama\/","title":{"rendered":"Mobil EAL Arctic gama"},"content":{"rendered":"<p>Su formulaci\u00f3n a base de POE sint\u00e9ticos y aditivos espec\u00edficamente seleccionados les confiere unas propiedades lubricantes extraordinarias; adem\u00e1s de su excelente estabilidad qu\u00edmica, t\u00e9rmica y de hidr\u00f3lisis, protegen el material contra el desgaste de forma muy eficaz.<\/p>\n","protected":false},"excerpt":{"rendered":"<p>Mobil EAL Arctic gama y Mobil SHC\u2122 Gargoyle 32 son lubricantes POE dise\u00f1ados espec\u00edficamente para la lubricaci\u00f3n de compresores frigor\u00edficos que operan con HFC, HFO y mezclas de HFO; incluyendo refrigerantes A1 y A2L seg\u00fan la especificaci\u00f3n de seguridad ASHRAE 34\/ISO 817.<\/p>\n","protected":false},"featured_media":121860,"comment_status":"open","ping_status":"closed","template":"","meta":[],"countries":[4674,4709,4756,4813,4831,4862],"product_brand":[],"product_cat":[9984,9979,9952,9943,9970,9997,13058,13093,13127,13425],"product_tag":[],"class_list":{"0":"post-157159","1":"product","2":"type-product","3":"status-publish","4":"has-post-thumbnail","6":"countries-by","7":"countries-cu","8":"countries-ir","9":"countries-kp","10":"countries-ru","11":"countries-sy","12":"product_cat-aeronautica-aeroespacial-defensa","13":"product_cat-automocion-transporte","14":"product_cat-construccion","15":"product_cat-alimentacion","16":"product_cat-salud-bienestar","17":"product_cat-otros-sectores","18":"product_cat-climatizacion","19":"product_cat-calefaccion","20":"product_cat-refrigeracion","21":"product_cat-poe-es","22":"pa_packaging-barril-de-208-l-es-49","23":"pa_packaging-bidon-20-l-es-36","24":"pa_packaging-bidon-de-5-l-es-35","26":"first","27":"instock","28":"shipping-taxable","29":"purchasable","30":"product-type-variable"},"_links":{"self":[{"href":"https:\/\/climalife.com\/es\/wp-json\/wp\/v2\/product\/157159","targetHints":{"allow":["GET"]}}],"collection":[{"href":"https:\/\/climalife.com\/es\/wp-json\/wp\/v2\/product"}],"about":[{"href":"https:\/\/climalife.com\/es\/wp-json\/wp\/v2\/types\/product"}],"replies":[{"embeddable":true,"href":"https:\/\/climalife.com\/es\/wp-json\/wp\/v2\/comments?post=157159"}],"wp:featuredmedia":[{"embeddable":true,"href":"https:\/\/climalife.com\/es\/wp-json\/wp\/v2\/media\/121860"}],"wp:attachment":[{"href":"https:\/\/climalife.com\/es\/wp-json\/wp\/v2\/media?parent=157159"}],"wp:term":[{"taxonomy":"countries","embeddable":true,"href":"https:\/\/climalife.com\/es\/wp-json\/wp\/v2\/countries?post=157159"},{"taxonomy":"product_brand","embeddable":true,"href":"https:\/\/climalife.com\/es\/wp-json\/wp\/v2\/product_brand?post=157159"},{"taxonomy":"product_cat","embeddable":true,"href":"https:\/\/climalife.com\/es\/wp-json\/wp\/v2\/product_cat?post=157159"},{"taxonomy":"product_tag","embeddable":true,"href":"https:\/\/climalife.com\/es\/wp-json\/wp\/v2\/product_tag?post=157159"}],"curies":[{"name":"wp","href":"https:\/\/api.w.org\/{rel}","templated":true}]}}