{"id":160093,"date":"2022-09-28T17:39:23","date_gmt":"2022-09-28T17:39:23","guid":{"rendered":"http:\/\/climalife.com\/product\/controladores-mgs-402-mgs-408-centrales-de-deteccion-de-fugas\/"},"modified":"2024-01-25T13:53:40","modified_gmt":"2024-01-25T13:53:40","slug":"controladores-mgs-402-mgs-408-centrales-de-deteccion-de-fugas","status":"publish","type":"product","link":"https:\/\/climalife.com\/es\/product\/controladores-mgs-402-mgs-408-centrales-de-deteccion-de-fugas\/","title":{"rendered":"Controladores MGS-402 &#8211; MGS-408: centrales de detecci\u00f3n de fugas"},"content":{"rendered":"<p>La instalaci\u00f3n de un sistema de detecci\u00f3n de fugas no s\u00f3lo garantiza el cumplimiento de la normativa, sino tambi\u00e9n la <strong>seguridad de las personas<\/strong> (operarios, empleados), el <strong>respeto al medioambiente<\/strong> y el <strong>ahorro econ\u00f3mico<\/strong>.<\/p>\n<p>&nbsp;<\/p>\n<p><strong>El controlador MGS-402 permite la conexi\u00f3n de hasta 2 detectores<\/strong>\u00a0<a href=\"https:\/\/es.climalife.dehon.com\/detector-de-fugas-fijo-mgs-serie-400\" target=\"_blank\" rel=\"noopener\">MGS-410<\/a> para formar un sistema de detecci\u00f3n de 2 sondas y 2 niveles.<\/p>\n<p><strong>El controlador MGS-408 permite la conexi\u00f3n de hasta 8 detectores<\/strong>\u00a0<a href=\"https:\/\/es.climalife.dehon.com\/detector-de-fugas-fijo-mgs-serie-400\" target=\"_blank\" rel=\"noopener\">MGS-410, MGS-450, MGS-460<\/a> o\u00a0<a href=\"https:\/\/es.climalife.dehon.com\/controlador-de-sala-detector-fijo-mgs-550\" target=\"_blank\" rel=\"noopener\">MGS-550<\/a> para formar una unidad de detecci\u00f3n de 8 sondas y 2 niveles.<\/p>\n<p>Estos equipos pueden conectarse a un sistema centralizado de gesti\u00f3n de edificios.<\/p>\n<p><em>Cumplen las recomendaciones de las normas de seguridad EN 378 y ASHRAE 15 para la detecci\u00f3n de fugas.<\/em><\/p>\n<p>&nbsp;<\/p>\n<p><strong>Video &#8211; presentaci\u00f3n MGS 402 :<\/strong><\/p>\n<p>&nbsp;<\/p>\n<p><iframe loading=\"lazy\" src=\"https:\/\/www.youtube.com\/embed\/6YpxnOo5NPA\" width=\"425\" height=\"350\"><\/iframe><\/p>\n<p>&nbsp;<\/p>\n<p>&nbsp;<\/p>\n","protected":false},"excerpt":{"rendered":"<p>Los controladores Bacharach MGS-402 y MGS-408 pueden utilizarse para conectar las series de detectores\u00a0MGS 400 y\u00a0MGS 550 para formar unidades de detecci\u00f3n de fugas de refrigerantes, gases t\u00f3xicos y combustibles.<\/p>\n","protected":false},"featured_media":132255,"comment_status":"open","ping_status":"closed","template":"","meta":[],"countries":[4674,4709,4756,4813,4831,4862],"product_brand":[],"product_cat":[9984,9952,9943,9970,9997,13058,13093,13127,9268],"product_tag":[],"class_list":{"0":"post-160093","1":"product","2":"type-product","3":"status-publish","4":"has-post-thumbnail","6":"countries-by","7":"countries-cu","8":"countries-ir","9":"countries-kp","10":"countries-ru","11":"countries-sy","12":"product_cat-aeronautica-aeroespacial-defensa","13":"product_cat-construccion","14":"product_cat-alimentacion","15":"product_cat-salud-bienestar","16":"product_cat-otros-sectores","17":"product_cat-climatizacion","18":"product_cat-calefaccion","19":"product_cat-refrigeracion","20":"product_cat-detector-fijo","22":"first","23":"instock","24":"shipping-taxable","25":"purchasable","26":"product-type-variable"},"_links":{"self":[{"href":"https:\/\/climalife.com\/es\/wp-json\/wp\/v2\/product\/160093","targetHints":{"allow":["GET"]}}],"collection":[{"href":"https:\/\/climalife.com\/es\/wp-json\/wp\/v2\/product"}],"about":[{"href":"https:\/\/climalife.com\/es\/wp-json\/wp\/v2\/types\/product"}],"replies":[{"embeddable":true,"href":"https:\/\/climalife.com\/es\/wp-json\/wp\/v2\/comments?post=160093"}],"wp:featuredmedia":[{"embeddable":true,"href":"https:\/\/climalife.com\/es\/wp-json\/wp\/v2\/media\/132255"}],"wp:attachment":[{"href":"https:\/\/climalife.com\/es\/wp-json\/wp\/v2\/media?parent=160093"}],"wp:term":[{"taxonomy":"countries","embeddable":true,"href":"https:\/\/climalife.com\/es\/wp-json\/wp\/v2\/countries?post=160093"},{"taxonomy":"product_brand","embeddable":true,"href":"https:\/\/climalife.com\/es\/wp-json\/wp\/v2\/product_brand?post=160093"},{"taxonomy":"product_cat","embeddable":true,"href":"https:\/\/climalife.com\/es\/wp-json\/wp\/v2\/product_cat?post=160093"},{"taxonomy":"product_tag","embeddable":true,"href":"https:\/\/climalife.com\/es\/wp-json\/wp\/v2\/product_tag?post=160093"}],"curies":[{"name":"wp","href":"https:\/\/api.w.org\/{rel}","templated":true}]}}