{"id":160108,"date":"2022-09-28T17:39:28","date_gmt":"2022-09-28T17:39:28","guid":{"rendered":"http:\/\/climalife.com\/product\/detectores-d-tek-3-y-d-tek-3-co2\/"},"modified":"2024-01-25T13:53:39","modified_gmt":"2024-01-25T13:53:39","slug":"detectores-d-tek-3-y-d-tek-3-co2","status":"publish","type":"product","link":"https:\/\/climalife.com\/es\/product\/detectores-d-tek-3-y-d-tek-3-co2\/","title":{"rendered":"Detectores D-Tek 3 y D-Tek 3 CO2"},"content":{"rendered":"<p>Puede tener dos instrumentos en uno gracias a los sensores intercambiables de refrigerante y CO2.<\/p>\n","protected":false},"excerpt":{"rendered":"<p>D-TEK 3 ofrece funciones adicionales para ayudarle en la detecci\u00f3n de fugas. Un sensor f\u00e1cil de cambiar, una bater\u00eda de iones de litio de carga r\u00e1pida y un nuevo dise\u00f1o ergon\u00f3mico convierten al D-TEK 3 en una herramienta vers\u00e1til para el mantenimiento y la reparaci\u00f3n diarios de los sistemas de refrigeraci\u00f3n.<\/p>\n","protected":false},"featured_media":131130,"comment_status":"open","ping_status":"closed","template":"","meta":[],"countries":[4674,4709,4756,4813,4831,4862],"product_brand":[],"product_cat":[9984,9979,9952,9943,9970,9997,13058,13111,13127,9376],"product_tag":[],"class_list":{"0":"post-160108","1":"product","2":"type-product","3":"status-publish","4":"has-post-thumbnail","6":"countries-by","7":"countries-cu","8":"countries-ir","9":"countries-kp","10":"countries-ru","11":"countries-sy","12":"product_cat-aeronautica-aeroespacial-defensa","13":"product_cat-automocion-transporte","14":"product_cat-construccion","15":"product_cat-alimentacion","16":"product_cat-salud-bienestar","17":"product_cat-otros-sectores","18":"product_cat-climatizacion","19":"product_cat-orc-ciclo-organico-rankine","20":"product_cat-refrigeracion","21":"product_cat-detector-portatil","22":"pa_packaging-unidad-es-25","24":"first","25":"instock","26":"shipping-taxable","27":"purchasable","28":"product-type-variable"},"_links":{"self":[{"href":"https:\/\/climalife.com\/es\/wp-json\/wp\/v2\/product\/160108","targetHints":{"allow":["GET"]}}],"collection":[{"href":"https:\/\/climalife.com\/es\/wp-json\/wp\/v2\/product"}],"about":[{"href":"https:\/\/climalife.com\/es\/wp-json\/wp\/v2\/types\/product"}],"replies":[{"embeddable":true,"href":"https:\/\/climalife.com\/es\/wp-json\/wp\/v2\/comments?post=160108"}],"wp:featuredmedia":[{"embeddable":true,"href":"https:\/\/climalife.com\/es\/wp-json\/wp\/v2\/media\/131130"}],"wp:attachment":[{"href":"https:\/\/climalife.com\/es\/wp-json\/wp\/v2\/media?parent=160108"}],"wp:term":[{"taxonomy":"countries","embeddable":true,"href":"https:\/\/climalife.com\/es\/wp-json\/wp\/v2\/countries?post=160108"},{"taxonomy":"product_brand","embeddable":true,"href":"https:\/\/climalife.com\/es\/wp-json\/wp\/v2\/product_brand?post=160108"},{"taxonomy":"product_cat","embeddable":true,"href":"https:\/\/climalife.com\/es\/wp-json\/wp\/v2\/product_cat?post=160108"},{"taxonomy":"product_tag","embeddable":true,"href":"https:\/\/climalife.com\/es\/wp-json\/wp\/v2\/product_tag?post=160108"}],"curies":[{"name":"wp","href":"https:\/\/api.w.org\/{rel}","templated":true}]}}