{"id":160186,"date":"2022-09-28T17:40:00","date_gmt":"2022-09-28T17:40:00","guid":{"rendered":"http:\/\/climalife.com\/product\/desoxyclean\/"},"modified":"2024-01-25T13:53:35","modified_gmt":"2024-01-25T13:53:35","slug":"desoxyclean","status":"publish","type":"product","link":"https:\/\/climalife.com\/es\/product\/desoxyclean\/","title":{"rendered":"Desoxyclean"},"content":{"rendered":"<p>Desoxyclean est\u00e1 pensado para ser aplicado en una soluci\u00f3n diluida de entre el 5 y el 20 % en un circuito estanco, y es perfecto para usar con materiales comunes como cobre, aluminio, acero, acero inoxidable, lat\u00f3n, hierro, caucho, pl\u00e1stico y cer\u00e1mica.<\/p>\n<p>Despu\u00e9s de utilizar Desoxyclean, el circuito debe ser enjuagado con\u00a0<a href=\"https:\/\/es.climalife.dehon.com\/dispersant-d\" target=\"_blank\" rel=\"noopener\">Dispersant D<\/a> y luego con agua.<\/p>\n","protected":false},"excerpt":{"rendered":"<p>Desoxyclean, sustituto de Desoxidant P, es un detergente de uso profesional. Est\u00e1 dise\u00f1ado para limpiar y eliminar la corrosi\u00f3n superficial, incrustaciones y lodos, de las tuber\u00edas de los sistemas caloportadores por\u00a0agua.<\/p>\n","protected":false},"featured_media":131085,"comment_status":"open","ping_status":"closed","template":"","meta":[],"countries":[4674,4709,4756,4813,4831,4862],"product_brand":[],"product_cat":[9984,9952,9961,9943,9970,9997,13058,13093,13127,13136,9359],"product_tag":[],"class_list":{"0":"post-160186","1":"product","2":"type-product","3":"status-publish","4":"has-post-thumbnail","6":"countries-by","7":"countries-cu","8":"countries-ir","9":"countries-kp","10":"countries-ru","11":"countries-sy","12":"product_cat-aeronautica-aeroespacial-defensa","13":"product_cat-construccion","14":"product_cat-energia","15":"product_cat-alimentacion","16":"product_cat-salud-bienestar","17":"product_cat-otros-sectores","18":"product_cat-climatizacion","19":"product_cat-calefaccion","20":"product_cat-refrigeracion","21":"product_cat-energias-renovables","22":"product_cat-interna-circuitos-secundarios","23":"pa_packaging-bidon-20-l-es-36","24":"pa_packaging-bidon-200-i-es-39","25":"pa_packaging-contenedor-1000-kg-es-139","27":"first","28":"instock","29":"shipping-taxable","30":"purchasable","31":"product-type-variable"},"_links":{"self":[{"href":"https:\/\/climalife.com\/es\/wp-json\/wp\/v2\/product\/160186","targetHints":{"allow":["GET"]}}],"collection":[{"href":"https:\/\/climalife.com\/es\/wp-json\/wp\/v2\/product"}],"about":[{"href":"https:\/\/climalife.com\/es\/wp-json\/wp\/v2\/types\/product"}],"replies":[{"embeddable":true,"href":"https:\/\/climalife.com\/es\/wp-json\/wp\/v2\/comments?post=160186"}],"wp:featuredmedia":[{"embeddable":true,"href":"https:\/\/climalife.com\/es\/wp-json\/wp\/v2\/media\/131085"}],"wp:attachment":[{"href":"https:\/\/climalife.com\/es\/wp-json\/wp\/v2\/media?parent=160186"}],"wp:term":[{"taxonomy":"countries","embeddable":true,"href":"https:\/\/climalife.com\/es\/wp-json\/wp\/v2\/countries?post=160186"},{"taxonomy":"product_brand","embeddable":true,"href":"https:\/\/climalife.com\/es\/wp-json\/wp\/v2\/product_brand?post=160186"},{"taxonomy":"product_cat","embeddable":true,"href":"https:\/\/climalife.com\/es\/wp-json\/wp\/v2\/product_cat?post=160186"},{"taxonomy":"product_tag","embeddable":true,"href":"https:\/\/climalife.com\/es\/wp-json\/wp\/v2\/product_tag?post=160186"}],"curies":[{"name":"wp","href":"https:\/\/api.w.org\/{rel}","templated":true}]}}