{"id":160290,"date":"2022-09-28T17:41:09","date_gmt":"2022-09-28T17:41:09","guid":{"rendered":"http:\/\/climalife.com\/product\/controlador-de-sala-detector-fijo-mgs-550\/"},"modified":"2024-01-25T13:53:31","modified_gmt":"2024-01-25T13:53:31","slug":"controlador-de-sala-detector-fijo-mgs-550","status":"publish","type":"product","link":"https:\/\/climalife.com\/es\/product\/controlador-de-sala-detector-fijo-mgs-550\/","title":{"rendered":"Controlador de sala: Detector fijo MGS 550"},"content":{"rendered":"","protected":false},"excerpt":{"rendered":"<p>El controlador de sala Bacharach MGS 550 es un detector de fugas para refrigerantes, gases t\u00f3xicos, gases combustibles y ox\u00edgeno. Se recomienda para la detecci\u00f3n de refrigerantes para instalaciones de aire acondicionado y refrigeraci\u00f3n (enfriador, GMS, refrigeraci\u00f3n industrial).<\/p>\n","protected":false},"featured_media":131103,"comment_status":"open","ping_status":"closed","template":"","meta":[],"countries":[4674,4709,4756,4760,4804,4813,4831,4862],"product_brand":[],"product_cat":[9984,9952,9961,9943,9970,9997,13058,13093,13111,13127,9268],"product_tag":[],"class_list":{"0":"post-160290","1":"product","2":"type-product","3":"status-publish","4":"has-post-thumbnail","6":"countries-by","7":"countries-cu","8":"countries-ir","9":"countries-it","10":"countries-nl","11":"countries-kp","12":"countries-ru","13":"countries-sy","14":"product_cat-aeronautica-aeroespacial-defensa","15":"product_cat-construccion","16":"product_cat-energia","17":"product_cat-alimentacion","18":"product_cat-salud-bienestar","19":"product_cat-otros-sectores","20":"product_cat-climatizacion","21":"product_cat-calefaccion","22":"product_cat-orc-ciclo-organico-rankine","23":"product_cat-refrigeracion","24":"product_cat-detector-fijo","25":"pa_packaging-unidad-es-25","27":"first","28":"instock","29":"shipping-taxable","30":"purchasable","31":"product-type-variable"},"_links":{"self":[{"href":"https:\/\/climalife.com\/es\/wp-json\/wp\/v2\/product\/160290","targetHints":{"allow":["GET"]}}],"collection":[{"href":"https:\/\/climalife.com\/es\/wp-json\/wp\/v2\/product"}],"about":[{"href":"https:\/\/climalife.com\/es\/wp-json\/wp\/v2\/types\/product"}],"replies":[{"embeddable":true,"href":"https:\/\/climalife.com\/es\/wp-json\/wp\/v2\/comments?post=160290"}],"wp:featuredmedia":[{"embeddable":true,"href":"https:\/\/climalife.com\/es\/wp-json\/wp\/v2\/media\/131103"}],"wp:attachment":[{"href":"https:\/\/climalife.com\/es\/wp-json\/wp\/v2\/media?parent=160290"}],"wp:term":[{"taxonomy":"countries","embeddable":true,"href":"https:\/\/climalife.com\/es\/wp-json\/wp\/v2\/countries?post=160290"},{"taxonomy":"product_brand","embeddable":true,"href":"https:\/\/climalife.com\/es\/wp-json\/wp\/v2\/product_brand?post=160290"},{"taxonomy":"product_cat","embeddable":true,"href":"https:\/\/climalife.com\/es\/wp-json\/wp\/v2\/product_cat?post=160290"},{"taxonomy":"product_tag","embeddable":true,"href":"https:\/\/climalife.com\/es\/wp-json\/wp\/v2\/product_tag?post=160290"}],"curies":[{"name":"wp","href":"https:\/\/api.w.org\/{rel}","templated":true}]}}